{"id":180,"date":"2025-07-18T17:24:24","date_gmt":"2025-07-18T17:24:24","guid":{"rendered":"https:\/\/www.casinoonline365.net\/domov\/"},"modified":"2025-07-18T17:24:24","modified_gmt":"2025-07-18T17:24:24","slug":"domov","status":"publish","type":"page","link":"https:\/\/www.casinoonline365.net\/cs\/","title":{"rendered":"Domov"},"content":{"rendered":"<h1>Lep\u0161\u00ed v\u00fdb\u011br kasinov\u00fdch her online<\/h1>\n<p>S 2 500 online kasinov\u00fdmi hernami, ze kter\u00fdch si m\u016f\u017eete vybrat, je d\u016fle\u017eit\u00e9 zv\u00e1\u017eit, co je pro v\u00e1s, spot\u0159ebitele, nejd\u016fle\u017eit\u011bj\u0161\u00ed p\u0159i v\u00fdb\u011bru str\u00e1nky. Soukrom\u00ed, hern\u00ed poplatky, online zabezpe\u010den\u00ed a snadnost pou\u017eit\u00ed webov\u00fdch str\u00e1nek se zdaj\u00ed b\u00fdt nejd\u016fle\u017eit\u011bj\u0161\u00edmi faktory p\u0159i <a href=\"http:\/\/www.gambling6.com\" target=\"_blank\" rel=\"noopener noreferrer\">v\u00fdb\u011bru online kasinov\u00fdch her.<\/a><\/p>\n<p>Stejn\u011b jako spot\u0159ebitel prov\u00e1d\u00ed pr\u016fzkum p\u0159i v\u00fdb\u011bru auta, existuj\u00ed webov\u00e9 str\u00e1nky, kter\u00e9 v\u00e1m pomohou s v\u00fdb\u011brem va\u0161\u00ed online kasinov\u00e9 hry. Krom\u011b v\u00fdb\u011bru va\u0161\u00ed online kasinov\u00e9 hern\u00ed str\u00e1nky m\u016f\u017eete sv\u00e9 hled\u00e1n\u00ed je\u0161t\u011b v\u00edce z\u00fa\u017eit t\u00edm, \u017ee se rozhodnete, ze kter\u00e9 z t\u00e9m\u011b\u0159 400 online kasinov\u00fdch her si m\u016f\u017eete vybrat, v\u010detn\u011b Craps, Blackjack a Ruleta.<\/p>\n<p>Hran\u00ed her se to\u010d\u00ed kolem v\u00fdhry a dal\u0161\u00edm d\u016fle\u017eit\u00fdm faktorem p\u0159i v\u00fdb\u011bru kasinov\u00fdch her online je, jak za hran\u00ed plat\u00edte. Pravidla se li\u0161\u00ed a dokonce i volba kreditn\u00ed karty, kterou si zvol\u00edte k financov\u00e1n\u00ed online kasinov\u00fdch her, hraje roli; nap\u0159\u00edklad kreditn\u00ed karta zna\u010dky American Express se zd\u00e1 b\u00fdt mezi kasinov\u00fdmi weby preferovanou volbou, proto\u017ee tato spole\u010dnost vyd\u00e1vaj\u00edc\u00ed kreditn\u00ed karty je p\u0159\u00edsn\u011b regulov\u00e1na, co\u017e v\u00e1m, spot\u0159ebiteli, nab\u00edz\u00ed bezpe\u010dn\u011bj\u0161\u00ed z\u00e1\u017eitek z online kasinov\u00fdch her.<\/p>\n<p>Krom\u011b vzru\u0161en\u00ed (a mo\u017enosti vyhnout se vdechov\u00e1n\u00ed pasivn\u00edho kou\u0159e), kter\u00e9 online kasinov\u00e9 hry p\u0159inesly, je zde i dal\u0161\u00ed vzru\u0161en\u00ed z \u201e\u017eiv\u00e9ho\u201c hran\u00ed. Mo\u017enost za\u017e\u00edt hran\u00ed v t\u00e9to video streamovac\u00ed kapacit\u011b je pravd\u011bpodobn\u011b nejrychleji rostouc\u00edm segmentem online kasinov\u00fdch her a kasina, kter\u00e1 nab\u00edzej\u00ed tuto vzru\u0161uj\u00edc\u00ed sou\u010d\u00e1st online kasinov\u00fdch her, jist\u011b p\u0159edb\u011bhnou svou konkurenci.<\/p>\n<p>Pokud chcete vyhr\u00e1t velk\u00e9 pen\u00edze, m\u016f\u017eete zv\u00e1\u017eit mo\u017enost <a href=\"https:\/\/www.jackpotlotteryonline.com\/powerball-megamillions-from-uk\">celosv\u011btov\u00fdch loterijn\u00edch jackpot\u016f<\/a> &#8211; dnes si m\u016f\u017eete <a href=\"http:\/\/www.onlinelotto365.com\">z\u00edskat losy online i mimo va\u0161i zemi bydli\u0161t\u011b!<\/a><\/p>\n<p>Dal\u0161\u00edm d\u016fle\u017eit\u00fdm faktorem, kter\u00fd je t\u0159eba zv\u00e1\u017eit p\u0159i v\u00fdb\u011bru online kasinov\u00fdch her, je ur\u010den\u00ed, kter\u00e1 kasina nab\u00edzej\u00ed nejvy\u0161\u0161\u00ed v\u00fdplatu. Stejn\u011b jako u ka\u017ed\u00e9ho podniku, re\u017eijn\u00ed n\u00e1klady ovliv\u0148uj\u00ed kone\u010dn\u00fd v\u00fdsledek a online kasinov\u00e1 hra m\u00e1 jist\u011b ni\u017e\u0161\u00ed n\u00e1klady ne\u017e kasino, kter\u00e9 se nach\u00e1z\u00ed v Las Vegas Strip! Nezapome\u0148te si prozkoumat, kter\u00e1 online kasinov\u00e1 hra v\u00e1m nab\u00eddne procento v\u00fdplaty, kter\u00e9 v\u00e1m vyhovuje. M\u011bjte na pam\u011bti, \u017ee pokud zva\u017eujete online kasinov\u00e9 hry, slo\u017eit\u011bj\u0161\u00ed hry, jako jsou karetn\u00ed a dal\u0161\u00ed stoln\u00ed hry, budou m\u00edt vy\u0161\u0161\u00ed v\u00fdplaty ne\u017e st\u00e1le obl\u00edben\u00e9 v\u00fdhern\u00ed automaty.<\/p>\n<p>Nakonec se ujist\u011bte, \u017ee je v\u00e1mi zvolen\u00e9 online kasino licencov\u00e1no, abyste byli pr\u00e1vn\u011b a finan\u010dn\u011b chr\u00e1n\u011bni. Zda je va\u0161e volba registrov\u00e1na, m\u016f\u017eete ov\u011b\u0159it vyhled\u00e1n\u00edm jejich n\u00e1zvu u online jurisdikce, zn\u00e1m\u00e9 jako komise pro hazardn\u00ed hry. Nejlep\u0161\u00ed je vyhnout se hran\u00ed na webu, kter\u00fd nem\u00e1 \u017e\u00e1dn\u00e9 licen\u010dn\u00ed informace.<\/p>\n<p>P\u0159i v\u00fdb\u011bru online kasina zva\u017ete tyto u\u017eite\u010dn\u00e9 tipy a p\u0159ipravte se na vzru\u0161uj\u00edc\u00ed z\u00e1\u017eitek z online hran\u00ed!<\/p>\n","protected":false},"excerpt":{"rendered":"<p>Lep\u0161\u00ed v\u00fdb\u011br kasinov\u00fdch her online S 2 500 online kasinov\u00fdmi hernami, ze kter\u00fdch si m\u016f\u017eete vybrat, je d\u016fle\u017eit\u00e9 zv\u00e1\u017eit, co [&hellip;]<\/p>\n","protected":false},"author":1,"featured_media":0,"parent":0,"menu_order":0,"comment_status":"closed","ping_status":"closed","template":"","meta":{"site-sidebar-layout":"default","site-content-layout":"","ast-site-content-layout":"default","site-content-style":"default","site-sidebar-style":"default","ast-global-header-display":"","ast-banner-title-visibility":"","ast-main-header-display":"","ast-hfb-above-header-display":"","ast-hfb-below-header-display":"","ast-hfb-mobile-header-display":"","site-post-title":"","ast-breadcrumbs-content":"","ast-featured-img":"","footer-sml-layout":"","theme-transparent-header-meta":"","adv-header-id-meta":"","stick-header-meta":"","header-above-stick-meta":"","header-main-stick-meta":"","header-below-stick-meta":"","astra-migrate-meta-layouts":"default","ast-page-background-enabled":"default","ast-page-background-meta":{"desktop":{"background-color":"var(--ast-global-color-5)","background-image":"","background-repeat":"repeat","background-position":"center center","background-size":"auto","background-attachment":"scroll","background-type":"","background-media":"","overlay-type":"","overlay-color":"","overlay-opacity":"","overlay-gradient":""},"tablet":{"background-color":"","background-image":"","background-repeat":"repeat","background-position":"center center","background-size":"auto","background-attachment":"scroll","background-type":"","background-media":"","overlay-type":"","overlay-color":"","overlay-opacity":"","overlay-gradient":""},"mobile":{"background-color":"","background-image":"","background-repeat":"repeat","background-position":"center center","background-size":"auto","background-attachment":"scroll","background-type":"","background-media":"","overlay-type":"","overlay-color":"","overlay-opacity":"","overlay-gradient":""}},"ast-content-background-meta":{"desktop":{"background-color":"var(--ast-global-color-4)","background-image":"","background-repeat":"repeat","background-position":"center center","background-size":"auto","background-attachment":"scroll","background-type":"","background-media":"","overlay-type":"","overlay-color":"","overlay-opacity":"","overlay-gradient":""},"tablet":{"background-color":"var(--ast-global-color-4)","background-image":"","background-repeat":"repeat","background-position":"center center","background-size":"auto","background-attachment":"scroll","background-type":"","background-media":"","overlay-type":"","overlay-color":"","overlay-opacity":"","overlay-gradient":""},"mobile":{"background-color":"var(--ast-global-color-4)","background-image":"","background-repeat":"repeat","background-position":"center center","background-size":"auto","background-attachment":"scroll","background-type":"","background-media":"","overlay-type":"","overlay-color":"","overlay-opacity":"","overlay-gradient":""}},"footnotes":""},"class_list":["post-180","page","type-page","status-publish","hentry"],"yoast_head":"<!-- This site is optimized with the Yoast SEO plugin v26.0 - https:\/\/yoast.com\/wordpress\/plugins\/seo\/ -->\n<title>Lep\u0161\u00ed v\u00fdb\u011br kasinov\u00fdch her online<\/title>\n<meta name=\"robots\" content=\"index, follow, max-snippet:-1, max-image-preview:large, max-video-preview:-1\" \/>\n<link rel=\"canonical\" href=\"https:\/\/www.casinoonline365.net\/cs\/\" \/>\n<meta property=\"og:locale\" content=\"cs_CZ\" \/>\n<meta property=\"og:type\" content=\"article\" \/>\n<meta property=\"og:title\" content=\"Lep\u0161\u00ed v\u00fdb\u011br kasinov\u00fdch her online\" \/>\n<meta property=\"og:description\" content=\"Lep\u0161\u00ed v\u00fdb\u011br kasinov\u00fdch her online S 2 500 online kasinov\u00fdmi hernami, ze kter\u00fdch si m\u016f\u017eete vybrat, je d\u016fle\u017eit\u00e9 zv\u00e1\u017eit, co [&hellip;]\" \/>\n<meta property=\"og:url\" content=\"https:\/\/www.casinoonline365.net\/cs\/\" \/>\n<meta property=\"og:site_name\" content=\"My blog\" \/>\n<meta name=\"twitter:card\" content=\"summary_large_image\" \/>\n<meta name=\"twitter:label1\" content=\"Odhadovan\u00e1 doba \u010dten\u00ed\" \/>\n\t<meta name=\"twitter:data1\" content=\"3 minuty\" \/>\n<script type=\"application\/ld+json\" class=\"yoast-schema-graph\">{\"@context\":\"https:\/\/schema.org\",\"@graph\":[{\"@type\":\"WebPage\",\"@id\":\"https:\/\/www.casinoonline365.net\/cs\/\",\"url\":\"https:\/\/www.casinoonline365.net\/cs\/\",\"name\":\"Lep\u0161\u00ed v\u00fdb\u011br kasinov\u00fdch her online\",\"isPartOf\":{\"@id\":\"https:\/\/www.casinoonline365.net\/cs\/#website\"},\"datePublished\":\"2025-07-18T17:24:24+00:00\",\"breadcrumb\":{\"@id\":\"https:\/\/www.casinoonline365.net\/cs\/#breadcrumb\"},\"inLanguage\":\"cs\",\"potentialAction\":[{\"@type\":\"ReadAction\",\"target\":[\"https:\/\/www.casinoonline365.net\/cs\/\"]}]},{\"@type\":\"BreadcrumbList\",\"@id\":\"https:\/\/www.casinoonline365.net\/cs\/#breadcrumb\",\"itemListElement\":[{\"@type\":\"ListItem\",\"position\":1,\"name\":\"Home\",\"item\":\"https:\/\/www.casinoonline365.net\/cs\/\"},{\"@type\":\"ListItem\",\"position\":2,\"name\":\"Domov\"}]},{\"@type\":\"WebSite\",\"@id\":\"https:\/\/www.casinoonline365.net\/cs\/#website\",\"url\":\"https:\/\/www.casinoonline365.net\/cs\/\",\"name\":\"My blog\",\"description\":\"Just another WordPress site\",\"potentialAction\":[{\"@type\":\"SearchAction\",\"target\":{\"@type\":\"EntryPoint\",\"urlTemplate\":\"https:\/\/www.casinoonline365.net\/cs\/?s={search_term_string}\"},\"query-input\":{\"@type\":\"PropertyValueSpecification\",\"valueRequired\":true,\"valueName\":\"search_term_string\"}}],\"inLanguage\":\"cs\"}]}<\/script>\n<!-- \/ Yoast SEO plugin. -->","yoast_head_json":{"title":"Lep\u0161\u00ed v\u00fdb\u011br kasinov\u00fdch her online","robots":{"index":"index","follow":"follow","max-snippet":"max-snippet:-1","max-image-preview":"max-image-preview:large","max-video-preview":"max-video-preview:-1"},"canonical":"https:\/\/www.casinoonline365.net\/cs\/","og_locale":"cs_CZ","og_type":"article","og_title":"Lep\u0161\u00ed v\u00fdb\u011br kasinov\u00fdch her online","og_description":"Lep\u0161\u00ed v\u00fdb\u011br kasinov\u00fdch her online S 2 500 online kasinov\u00fdmi hernami, ze kter\u00fdch si m\u016f\u017eete vybrat, je d\u016fle\u017eit\u00e9 zv\u00e1\u017eit, co [&hellip;]","og_url":"https:\/\/www.casinoonline365.net\/cs\/","og_site_name":"My blog","twitter_card":"summary_large_image","twitter_misc":{"Odhadovan\u00e1 doba \u010dten\u00ed":"3 minuty"},"schema":{"@context":"https:\/\/schema.org","@graph":[{"@type":"WebPage","@id":"https:\/\/www.casinoonline365.net\/cs\/","url":"https:\/\/www.casinoonline365.net\/cs\/","name":"Lep\u0161\u00ed v\u00fdb\u011br kasinov\u00fdch her online","isPartOf":{"@id":"https:\/\/www.casinoonline365.net\/cs\/#website"},"datePublished":"2025-07-18T17:24:24+00:00","breadcrumb":{"@id":"https:\/\/www.casinoonline365.net\/cs\/#breadcrumb"},"inLanguage":"cs","potentialAction":[{"@type":"ReadAction","target":["https:\/\/www.casinoonline365.net\/cs\/"]}]},{"@type":"BreadcrumbList","@id":"https:\/\/www.casinoonline365.net\/cs\/#breadcrumb","itemListElement":[{"@type":"ListItem","position":1,"name":"Home","item":"https:\/\/www.casinoonline365.net\/cs\/"},{"@type":"ListItem","position":2,"name":"Domov"}]},{"@type":"WebSite","@id":"https:\/\/www.casinoonline365.net\/cs\/#website","url":"https:\/\/www.casinoonline365.net\/cs\/","name":"My blog","description":"Just another WordPress site","potentialAction":[{"@type":"SearchAction","target":{"@type":"EntryPoint","urlTemplate":"https:\/\/www.casinoonline365.net\/cs\/?s={search_term_string}"},"query-input":{"@type":"PropertyValueSpecification","valueRequired":true,"valueName":"search_term_string"}}],"inLanguage":"cs"}]}},"_links":{"self":[{"href":"https:\/\/www.casinoonline365.net\/cs\/wp-json\/wp\/v2\/pages\/180","targetHints":{"allow":["GET"]}}],"collection":[{"href":"https:\/\/www.casinoonline365.net\/cs\/wp-json\/wp\/v2\/pages"}],"about":[{"href":"https:\/\/www.casinoonline365.net\/cs\/wp-json\/wp\/v2\/types\/page"}],"author":[{"embeddable":true,"href":"https:\/\/www.casinoonline365.net\/cs\/wp-json\/wp\/v2\/users\/1"}],"replies":[{"embeddable":true,"href":"https:\/\/www.casinoonline365.net\/cs\/wp-json\/wp\/v2\/comments?post=180"}],"version-history":[{"count":0,"href":"https:\/\/www.casinoonline365.net\/cs\/wp-json\/wp\/v2\/pages\/180\/revisions"}],"wp:attachment":[{"href":"https:\/\/www.casinoonline365.net\/cs\/wp-json\/wp\/v2\/media?parent=180"}],"curies":[{"name":"wp","href":"https:\/\/api.w.org\/{rel}","templated":true}]}}