{"id":181,"date":"2025-07-18T17:24:24","date_gmt":"2025-07-18T17:24:24","guid":{"rendered":"https:\/\/www.casinoonline365.net\/hjem\/"},"modified":"2025-07-18T17:24:24","modified_gmt":"2025-07-18T17:24:24","slug":"hjem","status":"publish","type":"page","link":"https:\/\/www.casinoonline365.net\/da\/","title":{"rendered":"Hjem"},"content":{"rendered":"<h1>Bedre udvalg af online casinospil<\/h1>\n<p>Med 2.500 online casinospilsider at v\u00e6lge imellem, er det vigtigt at overveje, hvad der betyder mest for dig, forbrugeren, n\u00e5r du v\u00e6lger et websted. Privatliv, spillegebyrer, online sikkerhed og et websteds brugervenlighed synes at v\u00e6re de vigtigste faktorer, n\u00e5r du <a href=\"http:\/\/www.gambling6.com\" target=\"_blank\" rel=\"noopener noreferrer\">v\u00e6lger online casinospil.<\/a><\/p>\n<p>P\u00e5 samme m\u00e5de som en forbruger udf\u00f8rer research i valget af en bil, er der websteder, der kan hj\u00e6lpe dig med at v\u00e6lge dit online casinospil. Ud over at v\u00e6lge dit online casinospilsite kan du indsn\u00e6vre din s\u00f8gning yderligere ved at beslutte, hvilke af de n\u00e6sten 400 online casinospil der er at v\u00e6lge imellem, herunder Craps, Blackjack og Roulette.<\/p>\n<p>Spil handler om pr\u00e6mien, og en anden vigtig overvejelse, n\u00e5r du v\u00e6lger online casinospil, er, hvordan du betaler for at spille. Reglerne varierer, og selv valget af kreditkort, du v\u00e6lger til at finansiere dit online casinospil, g\u00f8r en forskel; for eksempel ser American Express-m\u00e6rket kreditkort ud til at v\u00e6re et foretrukket valg blandt casinosider, fordi dette kreditkortselskab er strengt reguleret, hvilket giver dig, forbrugeren, en mere sikker online casinospiloplevelse.<\/p>\n<p>Ud over sp\u00e6ndingen (og muligheden for at undg\u00e5 at ind\u00e5nde passiv rygning), som online casinospil har medf\u00f8rt, er der den ekstra sp\u00e6nding ved &#8216;live&#8217; spil. Muligheden for at opleve spil i denne videostreaming-kapacitet er sandsynligvis det hurtigst voksende segment af online casinospil, og casinoer, der tilbyder denne sp\u00e6ndende komponent til online casinospil, vil helt sikkert overg\u00e5 deres konkurrenter.<\/p>\n<p>Hvis du sigter mod at vinde store penge, kan du overveje muligheden for <a href=\"https:\/\/www.jackpotlotteryonline.com\/powerball-megamillions-from-uk\">verdensomsp\u00e6ndende lotterijackpots<\/a> &#8211; i dag kan du <a href=\"http:\/\/www.onlinelotto365.com\">f\u00e5 lodsedler online til lotterier uden for dit eget bop\u00e6lsland!<\/a><\/p>\n<p>En anden vigtig faktor at overveje, n\u00e5r du v\u00e6lger dine online casinospil, er at bestemme, hvilke casinoer der tilbyder den h\u00f8jeste udbetaling. Som det er tilf\u00e6ldet med enhver virksomhed, p\u00e5virker overheadomkostninger bundlinjen, og et online casinospil har helt sikkert f\u00e6rre omkostninger end et casino, der er centreret p\u00e5 Vegas Strip! S\u00f8rg for at unders\u00f8ge, hvilket online casinospil der giver dig en udbetalingsprocent, der fungerer for dig. Husk, at n\u00e5r du overvejer online casinospil, vil de mere komplekse spil, s\u00e5som kortspil og andre bordspil, have en h\u00f8jere udbetaling end de altid popul\u00e6re spilleautomater.<\/p>\n<p>Endelig skal du s\u00f8rge for at bekr\u00e6fte, at dit valgte online casino er licenseret, s\u00e5 du er juridisk og \u00f8konomisk beskyttet. Du kan bekr\u00e6fte, at dit valg er registreret ved at s\u00f8ge efter deres navn hos en online jurisdiktion, kendt som en spillekommission. Det er bedst at undg\u00e5 at spille med et websted, der ikke har nogen licensoplysninger.<\/p>\n<p>Overvej disse nyttige tips, n\u00e5r du v\u00e6lger et online casino, og g\u00f8r dig klar til en sp\u00e6ndende online spiloplevelse!<\/p>\n","protected":false},"excerpt":{"rendered":"<p>Bedre udvalg af online casinospil Med 2.500 online casinospilsider at v\u00e6lge imellem, er det vigtigt at overveje, hvad der betyder [&hellip;]<\/p>\n","protected":false},"author":1,"featured_media":0,"parent":0,"menu_order":0,"comment_status":"closed","ping_status":"closed","template":"","meta":{"site-sidebar-layout":"default","site-content-layout":"","ast-site-content-layout":"default","site-content-style":"default","site-sidebar-style":"default","ast-global-header-display":"","ast-banner-title-visibility":"","ast-main-header-display":"","ast-hfb-above-header-display":"","ast-hfb-below-header-display":"","ast-hfb-mobile-header-display":"","site-post-title":"","ast-breadcrumbs-content":"","ast-featured-img":"","footer-sml-layout":"","theme-transparent-header-meta":"","adv-header-id-meta":"","stick-header-meta":"","header-above-stick-meta":"","header-main-stick-meta":"","header-below-stick-meta":"","astra-migrate-meta-layouts":"default","ast-page-background-enabled":"default","ast-page-background-meta":{"desktop":{"background-color":"var(--ast-global-color-5)","background-image":"","background-repeat":"repeat","background-position":"center center","background-size":"auto","background-attachment":"scroll","background-type":"","background-media":"","overlay-type":"","overlay-color":"","overlay-opacity":"","overlay-gradient":""},"tablet":{"background-color":"","background-image":"","background-repeat":"repeat","background-position":"center center","background-size":"auto","background-attachment":"scroll","background-type":"","background-media":"","overlay-type":"","overlay-color":"","overlay-opacity":"","overlay-gradient":""},"mobile":{"background-color":"","background-image":"","background-repeat":"repeat","background-position":"center center","background-size":"auto","background-attachment":"scroll","background-type":"","background-media":"","overlay-type":"","overlay-color":"","overlay-opacity":"","overlay-gradient":""}},"ast-content-background-meta":{"desktop":{"background-color":"var(--ast-global-color-4)","background-image":"","background-repeat":"repeat","background-position":"center center","background-size":"auto","background-attachment":"scroll","background-type":"","background-media":"","overlay-type":"","overlay-color":"","overlay-opacity":"","overlay-gradient":""},"tablet":{"background-color":"var(--ast-global-color-4)","background-image":"","background-repeat":"repeat","background-position":"center center","background-size":"auto","background-attachment":"scroll","background-type":"","background-media":"","overlay-type":"","overlay-color":"","overlay-opacity":"","overlay-gradient":""},"mobile":{"background-color":"var(--ast-global-color-4)","background-image":"","background-repeat":"repeat","background-position":"center center","background-size":"auto","background-attachment":"scroll","background-type":"","background-media":"","overlay-type":"","overlay-color":"","overlay-opacity":"","overlay-gradient":""}},"footnotes":""},"class_list":["post-181","page","type-page","status-publish","hentry"],"yoast_head":"<!-- This site is optimized with the Yoast SEO plugin v26.0 - https:\/\/yoast.com\/wordpress\/plugins\/seo\/ -->\n<title>Bedre udvalg af casinospil online<\/title>\n<meta name=\"robots\" content=\"index, follow, max-snippet:-1, max-image-preview:large, max-video-preview:-1\" \/>\n<link rel=\"canonical\" href=\"https:\/\/www.casinoonline365.net\/da\/\" \/>\n<meta property=\"og:locale\" content=\"da_DK\" \/>\n<meta property=\"og:type\" content=\"article\" \/>\n<meta property=\"og:title\" content=\"Bedre udvalg af casinospil online\" \/>\n<meta property=\"og:description\" content=\"Bedre udvalg af online casinospil Med 2.500 online casinospilsider at v\u00e6lge imellem, er det vigtigt at overveje, hvad der betyder [&hellip;]\" \/>\n<meta property=\"og:url\" content=\"https:\/\/www.casinoonline365.net\/da\/\" \/>\n<meta property=\"og:site_name\" content=\"My blog\" \/>\n<meta name=\"twitter:card\" content=\"summary_large_image\" \/>\n<meta name=\"twitter:label1\" content=\"Estimeret l\u00e6setid\" \/>\n\t<meta name=\"twitter:data1\" content=\"2 minutter\" \/>\n<script type=\"application\/ld+json\" class=\"yoast-schema-graph\">{\"@context\":\"https:\/\/schema.org\",\"@graph\":[{\"@type\":\"WebPage\",\"@id\":\"https:\/\/www.casinoonline365.net\/da\/\",\"url\":\"https:\/\/www.casinoonline365.net\/da\/\",\"name\":\"Bedre udvalg af casinospil online\",\"isPartOf\":{\"@id\":\"https:\/\/www.casinoonline365.net\/da\/#website\"},\"datePublished\":\"2025-07-18T17:24:24+00:00\",\"breadcrumb\":{\"@id\":\"https:\/\/www.casinoonline365.net\/da\/#breadcrumb\"},\"inLanguage\":\"da-DK\",\"potentialAction\":[{\"@type\":\"ReadAction\",\"target\":[\"https:\/\/www.casinoonline365.net\/da\/\"]}]},{\"@type\":\"BreadcrumbList\",\"@id\":\"https:\/\/www.casinoonline365.net\/da\/#breadcrumb\",\"itemListElement\":[{\"@type\":\"ListItem\",\"position\":1,\"name\":\"Home\",\"item\":\"https:\/\/www.casinoonline365.net\/da\/\"},{\"@type\":\"ListItem\",\"position\":2,\"name\":\"Hjem\"}]},{\"@type\":\"WebSite\",\"@id\":\"https:\/\/www.casinoonline365.net\/da\/#website\",\"url\":\"https:\/\/www.casinoonline365.net\/da\/\",\"name\":\"My blog\",\"description\":\"Just another WordPress site\",\"potentialAction\":[{\"@type\":\"SearchAction\",\"target\":{\"@type\":\"EntryPoint\",\"urlTemplate\":\"https:\/\/www.casinoonline365.net\/da\/?s={search_term_string}\"},\"query-input\":{\"@type\":\"PropertyValueSpecification\",\"valueRequired\":true,\"valueName\":\"search_term_string\"}}],\"inLanguage\":\"da-DK\"}]}<\/script>\n<!-- \/ Yoast SEO plugin. -->","yoast_head_json":{"title":"Bedre udvalg af casinospil online","robots":{"index":"index","follow":"follow","max-snippet":"max-snippet:-1","max-image-preview":"max-image-preview:large","max-video-preview":"max-video-preview:-1"},"canonical":"https:\/\/www.casinoonline365.net\/da\/","og_locale":"da_DK","og_type":"article","og_title":"Bedre udvalg af casinospil online","og_description":"Bedre udvalg af online casinospil Med 2.500 online casinospilsider at v\u00e6lge imellem, er det vigtigt at overveje, hvad der betyder [&hellip;]","og_url":"https:\/\/www.casinoonline365.net\/da\/","og_site_name":"My blog","twitter_card":"summary_large_image","twitter_misc":{"Estimeret l\u00e6setid":"2 minutter"},"schema":{"@context":"https:\/\/schema.org","@graph":[{"@type":"WebPage","@id":"https:\/\/www.casinoonline365.net\/da\/","url":"https:\/\/www.casinoonline365.net\/da\/","name":"Bedre udvalg af casinospil online","isPartOf":{"@id":"https:\/\/www.casinoonline365.net\/da\/#website"},"datePublished":"2025-07-18T17:24:24+00:00","breadcrumb":{"@id":"https:\/\/www.casinoonline365.net\/da\/#breadcrumb"},"inLanguage":"da-DK","potentialAction":[{"@type":"ReadAction","target":["https:\/\/www.casinoonline365.net\/da\/"]}]},{"@type":"BreadcrumbList","@id":"https:\/\/www.casinoonline365.net\/da\/#breadcrumb","itemListElement":[{"@type":"ListItem","position":1,"name":"Home","item":"https:\/\/www.casinoonline365.net\/da\/"},{"@type":"ListItem","position":2,"name":"Hjem"}]},{"@type":"WebSite","@id":"https:\/\/www.casinoonline365.net\/da\/#website","url":"https:\/\/www.casinoonline365.net\/da\/","name":"My blog","description":"Just another WordPress site","potentialAction":[{"@type":"SearchAction","target":{"@type":"EntryPoint","urlTemplate":"https:\/\/www.casinoonline365.net\/da\/?s={search_term_string}"},"query-input":{"@type":"PropertyValueSpecification","valueRequired":true,"valueName":"search_term_string"}}],"inLanguage":"da-DK"}]}},"_links":{"self":[{"href":"https:\/\/www.casinoonline365.net\/da\/wp-json\/wp\/v2\/pages\/181","targetHints":{"allow":["GET"]}}],"collection":[{"href":"https:\/\/www.casinoonline365.net\/da\/wp-json\/wp\/v2\/pages"}],"about":[{"href":"https:\/\/www.casinoonline365.net\/da\/wp-json\/wp\/v2\/types\/page"}],"author":[{"embeddable":true,"href":"https:\/\/www.casinoonline365.net\/da\/wp-json\/wp\/v2\/users\/1"}],"replies":[{"embeddable":true,"href":"https:\/\/www.casinoonline365.net\/da\/wp-json\/wp\/v2\/comments?post=181"}],"version-history":[{"count":0,"href":"https:\/\/www.casinoonline365.net\/da\/wp-json\/wp\/v2\/pages\/181\/revisions"}],"wp:attachment":[{"href":"https:\/\/www.casinoonline365.net\/da\/wp-json\/wp\/v2\/media?parent=181"}],"curies":[{"name":"wp","href":"https:\/\/api.w.org\/{rel}","templated":true}]}}