{"id":31,"date":"2025-07-18T17:24:24","date_gmt":"2025-07-18T17:24:24","guid":{"rendered":"https:\/\/www.casinoonline365.net\/heim\/"},"modified":"2025-07-18T17:24:24","modified_gmt":"2025-07-18T17:24:24","slug":"heim","status":"publish","type":"page","link":"https:\/\/www.casinoonline365.net\/de\/","title":{"rendered":"Heim"},"content":{"rendered":"<h1>Bessere Auswahl an Online-Casinospielen<\/h1>\n<p>Bei der Auswahl von 2.500 Online-Casino-Spielseiten ist es wichtig, die wichtigsten Faktoren bei der Auswahl zu ber\u00fccksichtigen. Datenschutz, Spielgeb\u00fchren, Online-Sicherheit und Benutzerfreundlichkeit scheinen die wichtigsten Faktoren bei der <a href=\"http:\/\/www.gambling6.com\" target=\"_blank\" rel=\"noopener noreferrer\">Auswahl von Online-Casinospielen zu sein.<\/a><\/p>\n<p>So wie ein Verbraucher bei der Suche nach einem Auto recherchiert, gibt es Websites, die Sie bei der Auswahl Ihres Online-Casinospiels unterst\u00fctzen. Neben der Auswahl Ihrer Online-Casino-Spielseite k\u00f6nnen Sie Ihre Suche noch weiter eingrenzen, indem Sie sich f\u00fcr eines der fast 400 verf\u00fcgbaren Online-Casinospiele entscheiden, darunter Craps, Blackjack und Roulette.<\/p>\n<p>Beim Spielen dreht sich alles um den Preis, und ein weiterer wichtiger Aspekt bei der Auswahl von Online-Casinospielen ist die Zahlungsweise. Die Regeln variieren, und sogar die Wahl der Kreditkarte, mit der Sie Ihre Online-Casinospiele finanzieren, spielt eine Rolle. Beispielsweise scheint die Kreditkarte der Marke American Express bei den Casinoseiten eine beliebte Wahl zu sein, da dieses Kreditkartenunternehmen streng reguliert ist und Ihnen als Verbraucher ein sichereres Online-Casinospielerlebnis bietet.<\/p>\n<p>Zus\u00e4tzlich zum Nervenkitzel (und der M\u00f6glichkeit, Passivrauchen zu vermeiden), den Online-Casinospiele mit sich bringen, gibt es den zus\u00e4tzlichen Nervenkitzel des Live-Spielens. Die M\u00f6glichkeit, Spiele per Video-Streaming zu erleben, ist wahrscheinlich das am schnellsten wachsende Segment der Online-Casinospiele. Casinos, die diese spannende Komponente anbieten, werden ihre Konkurrenten sicherlich \u00fcberfl\u00fcgeln.<\/p>\n<p>Wenn Sie auf den gro\u00dfen Gewinn abzielen, sollten Sie die M\u00f6glichkeit von <a href=\"https:\/\/www.jackpotlotteryonline.com\/powerball-megamillions-from-uk\">weltweiten Lotterie-Jackpots<\/a> in Betracht ziehen \u2013 heutzutage k\u00f6nnen Sie <a href=\"http:\/\/www.onlinelotto365.com\">online Lotterielose auch au\u00dferhalb Ihres Heimatlandes erwerben!<\/a><\/p>\n<p>Ein weiterer wichtiger Faktor bei der Auswahl Ihrer Online-Casinospiele ist die Frage, welches Casino die h\u00f6chsten Auszahlungsquoten bietet. Wie in jedem Unternehmen wirken sich die Gemeinkosten auf das Endergebnis aus, und ein Online-Casinospiel verursacht mit Sicherheit weniger Kosten als ein Casino am Las Vegas Strip! Informieren Sie sich unbedingt \u00fcber das Online-Casinospiel mit der f\u00fcr Sie passenden Auszahlungsquote. Bedenken Sie bei Online-Casinospielen, dass anspruchsvollere Spiele wie Karten- und andere Tischspiele h\u00f6here Auszahlungen bieten als die beliebten Spielautomaten.<\/p>\n<p>Vergewissern Sie sich abschlie\u00dfend, dass Ihr Online-Casino lizenziert ist, um rechtlich und finanziell abgesichert zu sein. Sie k\u00f6nnen die Registrierung Ihres Casinos \u00fcberpr\u00fcfen, indem Sie bei einer Online-Gl\u00fccksspielkommission nach dem Namen suchen. Vermeiden Sie am besten das Spielen auf Websites ohne Lizenzinformationen.<\/p>\n<p>Ber\u00fccksichtigen Sie diese hilfreichen Tipps bei der Auswahl eines Online-Casinos und freuen Sie sich auf ein spannendes Online-Spielerlebnis!<\/p>\n","protected":false},"excerpt":{"rendered":"<p>Bessere Auswahl an Online-Casinospielen Bei der Auswahl von 2.500 Online-Casino-Spielseiten ist es wichtig, die wichtigsten Faktoren bei der Auswahl zu [&hellip;]<\/p>\n","protected":false},"author":1,"featured_media":0,"parent":0,"menu_order":0,"comment_status":"closed","ping_status":"closed","template":"","meta":{"site-sidebar-layout":"default","site-content-layout":"","ast-site-content-layout":"default","site-content-style":"default","site-sidebar-style":"default","ast-global-header-display":"","ast-banner-title-visibility":"","ast-main-header-display":"","ast-hfb-above-header-display":"","ast-hfb-below-header-display":"","ast-hfb-mobile-header-display":"","site-post-title":"","ast-breadcrumbs-content":"","ast-featured-img":"","footer-sml-layout":"","theme-transparent-header-meta":"","adv-header-id-meta":"","stick-header-meta":"","header-above-stick-meta":"","header-main-stick-meta":"","header-below-stick-meta":"","astra-migrate-meta-layouts":"default","ast-page-background-enabled":"default","ast-page-background-meta":{"desktop":{"background-color":"var(--ast-global-color-5)","background-image":"","background-repeat":"repeat","background-position":"center center","background-size":"auto","background-attachment":"scroll","background-type":"","background-media":"","overlay-type":"","overlay-color":"","overlay-opacity":"","overlay-gradient":""},"tablet":{"background-color":"","background-image":"","background-repeat":"repeat","background-position":"center center","background-size":"auto","background-attachment":"scroll","background-type":"","background-media":"","overlay-type":"","overlay-color":"","overlay-opacity":"","overlay-gradient":""},"mobile":{"background-color":"","background-image":"","background-repeat":"repeat","background-position":"center center","background-size":"auto","background-attachment":"scroll","background-type":"","background-media":"","overlay-type":"","overlay-color":"","overlay-opacity":"","overlay-gradient":""}},"ast-content-background-meta":{"desktop":{"background-color":"var(--ast-global-color-4)","background-image":"","background-repeat":"repeat","background-position":"center center","background-size":"auto","background-attachment":"scroll","background-type":"","background-media":"","overlay-type":"","overlay-color":"","overlay-opacity":"","overlay-gradient":""},"tablet":{"background-color":"var(--ast-global-color-4)","background-image":"","background-repeat":"repeat","background-position":"center center","background-size":"auto","background-attachment":"scroll","background-type":"","background-media":"","overlay-type":"","overlay-color":"","overlay-opacity":"","overlay-gradient":""},"mobile":{"background-color":"var(--ast-global-color-4)","background-image":"","background-repeat":"repeat","background-position":"center center","background-size":"auto","background-attachment":"scroll","background-type":"","background-media":"","overlay-type":"","overlay-color":"","overlay-opacity":"","overlay-gradient":""}},"footnotes":""},"class_list":["post-31","page","type-page","status-publish","hentry"],"yoast_head":"<!-- This site is optimized with the Yoast SEO plugin v26.0 - https:\/\/yoast.com\/wordpress\/plugins\/seo\/ -->\n<title>Bessere Auswahl an Online-Casinospielen<\/title>\n<meta name=\"robots\" content=\"index, follow, max-snippet:-1, max-image-preview:large, max-video-preview:-1\" \/>\n<link rel=\"canonical\" href=\"https:\/\/www.casinoonline365.net\/de\/\" \/>\n<meta property=\"og:locale\" content=\"de_DE\" \/>\n<meta property=\"og:type\" content=\"article\" \/>\n<meta property=\"og:title\" content=\"Bessere Auswahl an Online-Casinospielen\" \/>\n<meta property=\"og:description\" content=\"Bessere Auswahl an Online-Casinospielen Bei der Auswahl von 2.500 Online-Casino-Spielseiten ist es wichtig, die wichtigsten Faktoren bei der Auswahl zu [&hellip;]\" \/>\n<meta property=\"og:url\" content=\"https:\/\/www.casinoonline365.net\/de\/\" \/>\n<meta property=\"og:site_name\" content=\"My blog\" \/>\n<meta name=\"twitter:card\" content=\"summary_large_image\" \/>\n<meta name=\"twitter:label1\" content=\"Gesch\u00e4tzte Lesezeit\" \/>\n\t<meta name=\"twitter:data1\" content=\"2\u00a0Minuten\" \/>\n<script type=\"application\/ld+json\" class=\"yoast-schema-graph\">{\"@context\":\"https:\/\/schema.org\",\"@graph\":[{\"@type\":\"WebPage\",\"@id\":\"https:\/\/www.casinoonline365.net\/de\/\",\"url\":\"https:\/\/www.casinoonline365.net\/de\/\",\"name\":\"Bessere Auswahl an Online-Casinospielen\",\"isPartOf\":{\"@id\":\"https:\/\/www.casinoonline365.net\/de\/#website\"},\"datePublished\":\"2025-07-18T17:24:24+00:00\",\"breadcrumb\":{\"@id\":\"https:\/\/www.casinoonline365.net\/de\/#breadcrumb\"},\"inLanguage\":\"de\",\"potentialAction\":[{\"@type\":\"ReadAction\",\"target\":[\"https:\/\/www.casinoonline365.net\/de\/\"]}]},{\"@type\":\"BreadcrumbList\",\"@id\":\"https:\/\/www.casinoonline365.net\/de\/#breadcrumb\",\"itemListElement\":[{\"@type\":\"ListItem\",\"position\":1,\"name\":\"Home\",\"item\":\"https:\/\/www.casinoonline365.net\/de\/\"},{\"@type\":\"ListItem\",\"position\":2,\"name\":\"Heim\"}]},{\"@type\":\"WebSite\",\"@id\":\"https:\/\/www.casinoonline365.net\/de\/#website\",\"url\":\"https:\/\/www.casinoonline365.net\/de\/\",\"name\":\"My blog\",\"description\":\"Just another WordPress site\",\"potentialAction\":[{\"@type\":\"SearchAction\",\"target\":{\"@type\":\"EntryPoint\",\"urlTemplate\":\"https:\/\/www.casinoonline365.net\/de\/?s={search_term_string}\"},\"query-input\":{\"@type\":\"PropertyValueSpecification\",\"valueRequired\":true,\"valueName\":\"search_term_string\"}}],\"inLanguage\":\"de\"}]}<\/script>\n<!-- \/ Yoast SEO plugin. -->","yoast_head_json":{"title":"Bessere Auswahl an Online-Casinospielen","robots":{"index":"index","follow":"follow","max-snippet":"max-snippet:-1","max-image-preview":"max-image-preview:large","max-video-preview":"max-video-preview:-1"},"canonical":"https:\/\/www.casinoonline365.net\/de\/","og_locale":"de_DE","og_type":"article","og_title":"Bessere Auswahl an Online-Casinospielen","og_description":"Bessere Auswahl an Online-Casinospielen Bei der Auswahl von 2.500 Online-Casino-Spielseiten ist es wichtig, die wichtigsten Faktoren bei der Auswahl zu [&hellip;]","og_url":"https:\/\/www.casinoonline365.net\/de\/","og_site_name":"My blog","twitter_card":"summary_large_image","twitter_misc":{"Gesch\u00e4tzte Lesezeit":"2\u00a0Minuten"},"schema":{"@context":"https:\/\/schema.org","@graph":[{"@type":"WebPage","@id":"https:\/\/www.casinoonline365.net\/de\/","url":"https:\/\/www.casinoonline365.net\/de\/","name":"Bessere Auswahl an Online-Casinospielen","isPartOf":{"@id":"https:\/\/www.casinoonline365.net\/de\/#website"},"datePublished":"2025-07-18T17:24:24+00:00","breadcrumb":{"@id":"https:\/\/www.casinoonline365.net\/de\/#breadcrumb"},"inLanguage":"de","potentialAction":[{"@type":"ReadAction","target":["https:\/\/www.casinoonline365.net\/de\/"]}]},{"@type":"BreadcrumbList","@id":"https:\/\/www.casinoonline365.net\/de\/#breadcrumb","itemListElement":[{"@type":"ListItem","position":1,"name":"Home","item":"https:\/\/www.casinoonline365.net\/de\/"},{"@type":"ListItem","position":2,"name":"Heim"}]},{"@type":"WebSite","@id":"https:\/\/www.casinoonline365.net\/de\/#website","url":"https:\/\/www.casinoonline365.net\/de\/","name":"My blog","description":"Just another WordPress site","potentialAction":[{"@type":"SearchAction","target":{"@type":"EntryPoint","urlTemplate":"https:\/\/www.casinoonline365.net\/de\/?s={search_term_string}"},"query-input":{"@type":"PropertyValueSpecification","valueRequired":true,"valueName":"search_term_string"}}],"inLanguage":"de"}]}},"_links":{"self":[{"href":"https:\/\/www.casinoonline365.net\/de\/wp-json\/wp\/v2\/pages\/31","targetHints":{"allow":["GET"]}}],"collection":[{"href":"https:\/\/www.casinoonline365.net\/de\/wp-json\/wp\/v2\/pages"}],"about":[{"href":"https:\/\/www.casinoonline365.net\/de\/wp-json\/wp\/v2\/types\/page"}],"author":[{"embeddable":true,"href":"https:\/\/www.casinoonline365.net\/de\/wp-json\/wp\/v2\/users\/1"}],"replies":[{"embeddable":true,"href":"https:\/\/www.casinoonline365.net\/de\/wp-json\/wp\/v2\/comments?post=31"}],"version-history":[{"count":0,"href":"https:\/\/www.casinoonline365.net\/de\/wp-json\/wp\/v2\/pages\/31\/revisions"}],"wp:attachment":[{"href":"https:\/\/www.casinoonline365.net\/de\/wp-json\/wp\/v2\/media?parent=31"}],"curies":[{"name":"wp","href":"https:\/\/api.w.org\/{rel}","templated":true}]}}