{"id":198,"date":"2025-07-18T17:24:24","date_gmt":"2025-07-18T17:24:24","guid":{"rendered":"https:\/\/www.casinoonline365.net\/hogar\/"},"modified":"2025-07-18T17:24:24","modified_gmt":"2025-07-18T17:24:24","slug":"hogar","status":"publish","type":"page","link":"https:\/\/www.casinoonline365.net\/es\/","title":{"rendered":"Hogar"},"content":{"rendered":"<h1>Mejor Selecci\u00f3n de Juegos de Casino Online<\/h1>\n<p>Con 2500 sitios de juegos de casino online para elegir, es importante considerar qu\u00e9 es lo m\u00e1s importante para usted, el consumidor, al elegir un sitio. La privacidad, las tarifas de juego, la seguridad online y la facilidad de uso de un sitio web parecen ser los factores m\u00e1s importantes al <a href=\"http:\/\/www.gambling6.com\" target=\"_blank\" rel=\"noopener noreferrer\">elegir juegos de casino online.<\/a><\/p>\n<p>De la misma manera que un consumidor investiga para elegir un coche, existen sitios web que le ayudan a elegir su juego de casino online. Adem\u00e1s de elegir su sitio de juegos de casino online, puede acotar a\u00fan m\u00e1s su b\u00fasqueda decidiendo cu\u00e1l de los casi 400 juegos de casino online disponibles, incluyendo Craps, Blackjack y Ruleta.<\/p>\n<p>En los juegos, lo importante es el premio, y otro factor importante al elegir juegos de casino online es c\u00f3mo se paga. Las reglas var\u00edan, e incluso la elecci\u00f3n de la tarjeta de cr\u00e9dito que elija para financiar sus juegos de casino en l\u00ednea marca la diferencia; por ejemplo, la tarjeta de cr\u00e9dito American Express parece ser la opci\u00f3n preferida entre los sitios de casino, porque esta compa\u00f1\u00eda de tarjetas de cr\u00e9dito est\u00e1 estrictamente regulada, lo que le ofrece a usted, el consumidor, una experiencia de juego de casino en l\u00ednea m\u00e1s segura.<\/p>\n<p>Adem\u00e1s de la emoci\u00f3n (y la posibilidad de evitar respirar humo de segunda mano) que han tra\u00eddo los juegos de casino en l\u00ednea, existe la emoci\u00f3n adicional de jugar \u00aben vivo\u00bb. La posibilidad de disfrutar de juegos en streaming es probablemente el segmento de juegos de casino en l\u00ednea de m\u00e1s r\u00e1pido crecimiento, y los casinos que ofrecen este emocionante componente sin duda superar\u00e1n a sus competidores.<\/p>\n<p>Si busca ganar mucho dinero, considere los <a href=\"https:\/\/www.jackpotlotteryonline.com\/powerball-megamillions-from-uk\">premios de loter\u00eda mundiales<\/a>. Hoy en d\u00eda, puede <a href=\"http:\/\/www.onlinelotto365.com\">comprar boletos de loter\u00eda en l\u00ednea incluso fuera de su pa\u00eds de residencia.<\/a><\/p>\n<p>Otro factor importante a considerar al elegir sus juegos de casino en l\u00ednea es determinar qu\u00e9 casinos ofrecen los pagos m\u00e1s altos. Como en cualquier negocio, los gastos generales afectan el resultado final, y un juego de casino en l\u00ednea seguramente tendr\u00e1 menos costos que un casino ubicado en el Strip de Las Vegas. Aseg\u00farese de investigar qu\u00e9 juego de casino en l\u00ednea le ofrecer\u00e1 un porcentaje de pago adecuado. Tenga en cuenta que al considerar juegos de casino en l\u00ednea, los juegos m\u00e1s complejos, como las cartas y otros juegos de mesa, ofrecen mayores ganancias que las populares tragamonedas.<\/p>\n<p>Finalmente, aseg\u00farese de verificar que el casino en l\u00ednea que elija tenga licencia para su protecci\u00f3n legal y financiera. Puede confirmar que su elecci\u00f3n est\u00e9 registrada buscando su nombre en una jurisdicci\u00f3n en l\u00ednea, conocida como comisi\u00f3n de juegos de azar. Es mejor evitar jugar en un sitio que no tenga informaci\u00f3n sobre licencias.<\/p>\n<p>Tenga en cuenta estos \u00fatiles consejos al elegir un casino en l\u00ednea y prep\u00e1rese para una emocionante experiencia de juego en l\u00ednea.<\/p>\n","protected":false},"excerpt":{"rendered":"<p>Mejor Selecci\u00f3n de Juegos de Casino Online Con 2500 sitios de juegos de casino online para elegir, es importante considerar [&hellip;]<\/p>\n","protected":false},"author":1,"featured_media":0,"parent":0,"menu_order":0,"comment_status":"closed","ping_status":"closed","template":"","meta":{"site-sidebar-layout":"default","site-content-layout":"","ast-site-content-layout":"default","site-content-style":"default","site-sidebar-style":"default","ast-global-header-display":"","ast-banner-title-visibility":"","ast-main-header-display":"","ast-hfb-above-header-display":"","ast-hfb-below-header-display":"","ast-hfb-mobile-header-display":"","site-post-title":"","ast-breadcrumbs-content":"","ast-featured-img":"","footer-sml-layout":"","theme-transparent-header-meta":"","adv-header-id-meta":"","stick-header-meta":"","header-above-stick-meta":"","header-main-stick-meta":"","header-below-stick-meta":"","astra-migrate-meta-layouts":"default","ast-page-background-enabled":"default","ast-page-background-meta":{"desktop":{"background-color":"var(--ast-global-color-5)","background-image":"","background-repeat":"repeat","background-position":"center center","background-size":"auto","background-attachment":"scroll","background-type":"","background-media":"","overlay-type":"","overlay-color":"","overlay-opacity":"","overlay-gradient":""},"tablet":{"background-color":"","background-image":"","background-repeat":"repeat","background-position":"center center","background-size":"auto","background-attachment":"scroll","background-type":"","background-media":"","overlay-type":"","overlay-color":"","overlay-opacity":"","overlay-gradient":""},"mobile":{"background-color":"","background-image":"","background-repeat":"repeat","background-position":"center center","background-size":"auto","background-attachment":"scroll","background-type":"","background-media":"","overlay-type":"","overlay-color":"","overlay-opacity":"","overlay-gradient":""}},"ast-content-background-meta":{"desktop":{"background-color":"var(--ast-global-color-4)","background-image":"","background-repeat":"repeat","background-position":"center center","background-size":"auto","background-attachment":"scroll","background-type":"","background-media":"","overlay-type":"","overlay-color":"","overlay-opacity":"","overlay-gradient":""},"tablet":{"background-color":"var(--ast-global-color-4)","background-image":"","background-repeat":"repeat","background-position":"center center","background-size":"auto","background-attachment":"scroll","background-type":"","background-media":"","overlay-type":"","overlay-color":"","overlay-opacity":"","overlay-gradient":""},"mobile":{"background-color":"var(--ast-global-color-4)","background-image":"","background-repeat":"repeat","background-position":"center center","background-size":"auto","background-attachment":"scroll","background-type":"","background-media":"","overlay-type":"","overlay-color":"","overlay-opacity":"","overlay-gradient":""}},"footnotes":""},"class_list":["post-198","page","type-page","status-publish","hentry"],"yoast_head":"<!-- This site is optimized with the Yoast SEO plugin v26.0 - https:\/\/yoast.com\/wordpress\/plugins\/seo\/ -->\n<title>La mejor selecci\u00f3n de juegos de casino en l\u00ednea<\/title>\n<meta name=\"robots\" content=\"index, follow, max-snippet:-1, max-image-preview:large, max-video-preview:-1\" \/>\n<link rel=\"canonical\" href=\"https:\/\/www.casinoonline365.net\/es\/\" \/>\n<meta property=\"og:locale\" content=\"es_ES\" \/>\n<meta property=\"og:type\" content=\"article\" \/>\n<meta property=\"og:title\" content=\"La mejor selecci\u00f3n de juegos de casino en l\u00ednea\" \/>\n<meta property=\"og:description\" content=\"Mejor Selecci\u00f3n de Juegos de Casino Online Con 2500 sitios de juegos de casino online para elegir, es importante considerar [&hellip;]\" \/>\n<meta property=\"og:url\" content=\"https:\/\/www.casinoonline365.net\/es\/\" \/>\n<meta property=\"og:site_name\" content=\"My blog\" \/>\n<meta name=\"twitter:card\" content=\"summary_large_image\" \/>\n<meta name=\"twitter:label1\" content=\"Tiempo de lectura\" \/>\n\t<meta name=\"twitter:data1\" content=\"3 minutos\" \/>\n<script type=\"application\/ld+json\" class=\"yoast-schema-graph\">{\"@context\":\"https:\/\/schema.org\",\"@graph\":[{\"@type\":\"WebPage\",\"@id\":\"https:\/\/www.casinoonline365.net\/es\/\",\"url\":\"https:\/\/www.casinoonline365.net\/es\/\",\"name\":\"La mejor selecci\u00f3n de juegos de casino en l\u00ednea\",\"isPartOf\":{\"@id\":\"https:\/\/www.casinoonline365.net\/es\/#website\"},\"datePublished\":\"2025-07-18T17:24:24+00:00\",\"breadcrumb\":{\"@id\":\"https:\/\/www.casinoonline365.net\/es\/#breadcrumb\"},\"inLanguage\":\"es\",\"potentialAction\":[{\"@type\":\"ReadAction\",\"target\":[\"https:\/\/www.casinoonline365.net\/es\/\"]}]},{\"@type\":\"BreadcrumbList\",\"@id\":\"https:\/\/www.casinoonline365.net\/es\/#breadcrumb\",\"itemListElement\":[{\"@type\":\"ListItem\",\"position\":1,\"name\":\"Home\",\"item\":\"https:\/\/www.casinoonline365.net\/es\/\"},{\"@type\":\"ListItem\",\"position\":2,\"name\":\"Hogar\"}]},{\"@type\":\"WebSite\",\"@id\":\"https:\/\/www.casinoonline365.net\/es\/#website\",\"url\":\"https:\/\/www.casinoonline365.net\/es\/\",\"name\":\"My blog\",\"description\":\"Just another WordPress site\",\"potentialAction\":[{\"@type\":\"SearchAction\",\"target\":{\"@type\":\"EntryPoint\",\"urlTemplate\":\"https:\/\/www.casinoonline365.net\/es\/?s={search_term_string}\"},\"query-input\":{\"@type\":\"PropertyValueSpecification\",\"valueRequired\":true,\"valueName\":\"search_term_string\"}}],\"inLanguage\":\"es\"}]}<\/script>\n<!-- \/ Yoast SEO plugin. -->","yoast_head_json":{"title":"La mejor selecci\u00f3n de juegos de casino en l\u00ednea","robots":{"index":"index","follow":"follow","max-snippet":"max-snippet:-1","max-image-preview":"max-image-preview:large","max-video-preview":"max-video-preview:-1"},"canonical":"https:\/\/www.casinoonline365.net\/es\/","og_locale":"es_ES","og_type":"article","og_title":"La mejor selecci\u00f3n de juegos de casino en l\u00ednea","og_description":"Mejor Selecci\u00f3n de Juegos de Casino Online Con 2500 sitios de juegos de casino online para elegir, es importante considerar [&hellip;]","og_url":"https:\/\/www.casinoonline365.net\/es\/","og_site_name":"My blog","twitter_card":"summary_large_image","twitter_misc":{"Tiempo de lectura":"3 minutos"},"schema":{"@context":"https:\/\/schema.org","@graph":[{"@type":"WebPage","@id":"https:\/\/www.casinoonline365.net\/es\/","url":"https:\/\/www.casinoonline365.net\/es\/","name":"La mejor selecci\u00f3n de juegos de casino en l\u00ednea","isPartOf":{"@id":"https:\/\/www.casinoonline365.net\/es\/#website"},"datePublished":"2025-07-18T17:24:24+00:00","breadcrumb":{"@id":"https:\/\/www.casinoonline365.net\/es\/#breadcrumb"},"inLanguage":"es","potentialAction":[{"@type":"ReadAction","target":["https:\/\/www.casinoonline365.net\/es\/"]}]},{"@type":"BreadcrumbList","@id":"https:\/\/www.casinoonline365.net\/es\/#breadcrumb","itemListElement":[{"@type":"ListItem","position":1,"name":"Home","item":"https:\/\/www.casinoonline365.net\/es\/"},{"@type":"ListItem","position":2,"name":"Hogar"}]},{"@type":"WebSite","@id":"https:\/\/www.casinoonline365.net\/es\/#website","url":"https:\/\/www.casinoonline365.net\/es\/","name":"My blog","description":"Just another WordPress site","potentialAction":[{"@type":"SearchAction","target":{"@type":"EntryPoint","urlTemplate":"https:\/\/www.casinoonline365.net\/es\/?s={search_term_string}"},"query-input":{"@type":"PropertyValueSpecification","valueRequired":true,"valueName":"search_term_string"}}],"inLanguage":"es"}]}},"_links":{"self":[{"href":"https:\/\/www.casinoonline365.net\/es\/wp-json\/wp\/v2\/pages\/198","targetHints":{"allow":["GET"]}}],"collection":[{"href":"https:\/\/www.casinoonline365.net\/es\/wp-json\/wp\/v2\/pages"}],"about":[{"href":"https:\/\/www.casinoonline365.net\/es\/wp-json\/wp\/v2\/types\/page"}],"author":[{"embeddable":true,"href":"https:\/\/www.casinoonline365.net\/es\/wp-json\/wp\/v2\/users\/1"}],"replies":[{"embeddable":true,"href":"https:\/\/www.casinoonline365.net\/es\/wp-json\/wp\/v2\/comments?post=198"}],"version-history":[{"count":0,"href":"https:\/\/www.casinoonline365.net\/es\/wp-json\/wp\/v2\/pages\/198\/revisions"}],"wp:attachment":[{"href":"https:\/\/www.casinoonline365.net\/es\/wp-json\/wp\/v2\/media?parent=198"}],"curies":[{"name":"wp","href":"https:\/\/api.w.org\/{rel}","templated":true}]}}