{"id":182,"date":"2025-07-18T17:24:24","date_gmt":"2025-07-18T17:24:24","guid":{"rendered":"https:\/\/www.casinoonline365.net\/avaleht\/"},"modified":"2025-07-18T17:24:24","modified_gmt":"2025-07-18T17:24:24","slug":"avaleht","status":"publish","type":"page","link":"https:\/\/www.casinoonline365.net\/et\/","title":{"rendered":"Avaleht"},"content":{"rendered":"<h1>Parem valik kasiinom\u00e4nge veebis<\/h1>\n<p>2500 online-kasiinom\u00e4ngusaidi hulgast valides on oluline arvestada, mis on teie, tarbija jaoks k\u00f5ige olulisem. Privaatsus, m\u00e4ngutasud, veebiturvalisus ja veebisaidi kasutusmugavus n\u00e4ivad olevat k\u00f5ige olulisemad tegurid <a href=\"http:\/\/www.gambling6.com\" target=\"_blank\" rel=\"noopener noreferrer\">online-kasiinom\u00e4ngude valimisel.<\/a><\/p>\n<p>Samamoodi nagu tarbija teeb auto valimisel uurimist\u00f6\u00f6d, on olemas veebisaite, mis aitavad teil valida oma online-kasiinom\u00e4ngu. Lisaks online-kasiinom\u00e4ngusaidi valimisele saate oma otsingut veelgi kitsendada, otsustades, millist peaaegu 400 online-kasiinom\u00e4ngust valida, sealhulgas Craps, Blackjack ja rulett.<\/p>\n<p>M\u00e4ngimine on seotud auhinnaga ja teine \u200b\u200b\u200b\u200boluline kaalutlus online-kasiinom\u00e4ngude valimisel on see, kuidas te m\u00e4ngimise eest maksate. Reeglid on erinevad ja isegi krediitkaardi valik, millega oma online-kasiinom\u00e4nge rahastada valite, m\u00e4ngib rolli; n\u00e4iteks American Expressi kaubam\u00e4rgiga krediitkaart n\u00e4ib olevat kasiinode seas eelistatud valik, kuna see krediitkaardifirma on rangelt reguleeritud, mis pakub teile, tarbijale, turvalisemat online-kasiinom\u00e4ngukogemust.<\/p>\n<p>Lisaks p\u00f5nevusele (ja v\u00f5imalusele v\u00e4ltida passiivse suitsetamise sissehingamist), mida online-kasiinom\u00e4ngud on kaasa toonud, on lisaks p\u00f5nev ka \u201elive\u201d-m\u00e4ngude puhul. V\u00f5imalus kogeda m\u00e4nge sellises video voogesituse funktsioonis on ilmselt k\u00f5ige kiiremini kasvav segment online-kasiinom\u00e4ngudes ja kasiinod, mis pakuvad seda p\u00f5nevat komponenti online-kasiinom\u00e4ngudes, edestavad kindlasti oma konkurente.<\/p>\n<p>Kui teie eesm\u00e4rk on v\u00f5ita suurt raha, v\u00f5iksite kaaluda <a href=\"https:\/\/www.jackpotlotteryonline.com\/powerball-megamillions-from-uk\">maailma loteriijackpotte<\/a> \u2013 t\u00e4nap\u00e4eval saate <a href=\"http:\/\/www.onlinelotto365.com\">osta pileteid veebist loteriidele v\u00e4ljaspool oma elukohariiki!<\/a><\/p>\n<p>Teine oluline tegur, mida online-kasiinom\u00e4ngude valimisel arvestada, on see, millised kasiinod pakuvad suurimat v\u00e4ljamakset. Nagu iga ettev\u00f5tte puhul, m\u00f5jutavad \u00fcldkulud l\u00f5pptulemust ja online-kasiinom\u00e4ngul on kindlasti v\u00e4iksemad kulud kui Vegas Stripil asuval kasiinol! Uurige kindlasti, milline online-kasiinom\u00e4ng pakub teile sobivat v\u00e4ljamakseprotsenti. Pea meeles, et kui kaalud veebikasiinom\u00e4nge, siis keerulisemate m\u00e4ngude, n\u00e4iteks kaardim\u00e4ngude ja muude lauam\u00e4ngude, v\u00e4ljamaksed on suuremad kui populaarsetel slotim\u00e4ngudel.<\/p>\n<p>L\u00f5puks veendu kindlasti, et sinu veebikasiino valikul on litsents, et olla seaduslikult ja rahaliselt kaitstud. Saad kinnitada oma valiku registreerimist, otsides selle nime veebip\u00f5hisest jurisdiktsioonist, mida tuntakse hasartm\u00e4ngukomisjonina. Parim on v\u00e4ltida m\u00e4ngimist saidil, millel puudub litsentsiteave.<\/p>\n<p>Veebikasiino valimisel arvesta nende kasulike n\u00e4pun\u00e4idetega ja valmistu p\u00f5nevaks veebim\u00e4ngukogemuseks!<\/p>\n","protected":false},"excerpt":{"rendered":"<p>Parem valik kasiinom\u00e4nge veebis 2500 online-kasiinom\u00e4ngusaidi hulgast valides on oluline arvestada, mis on teie, tarbija jaoks k\u00f5ige olulisem. Privaatsus, m\u00e4ngutasud, [&hellip;]<\/p>\n","protected":false},"author":1,"featured_media":0,"parent":0,"menu_order":0,"comment_status":"closed","ping_status":"closed","template":"","meta":{"site-sidebar-layout":"default","site-content-layout":"","ast-site-content-layout":"default","site-content-style":"default","site-sidebar-style":"default","ast-global-header-display":"","ast-banner-title-visibility":"","ast-main-header-display":"","ast-hfb-above-header-display":"","ast-hfb-below-header-display":"","ast-hfb-mobile-header-display":"","site-post-title":"","ast-breadcrumbs-content":"","ast-featured-img":"","footer-sml-layout":"","theme-transparent-header-meta":"","adv-header-id-meta":"","stick-header-meta":"","header-above-stick-meta":"","header-main-stick-meta":"","header-below-stick-meta":"","astra-migrate-meta-layouts":"default","ast-page-background-enabled":"default","ast-page-background-meta":{"desktop":{"background-color":"var(--ast-global-color-5)","background-image":"","background-repeat":"repeat","background-position":"center center","background-size":"auto","background-attachment":"scroll","background-type":"","background-media":"","overlay-type":"","overlay-color":"","overlay-opacity":"","overlay-gradient":""},"tablet":{"background-color":"","background-image":"","background-repeat":"repeat","background-position":"center center","background-size":"auto","background-attachment":"scroll","background-type":"","background-media":"","overlay-type":"","overlay-color":"","overlay-opacity":"","overlay-gradient":""},"mobile":{"background-color":"","background-image":"","background-repeat":"repeat","background-position":"center center","background-size":"auto","background-attachment":"scroll","background-type":"","background-media":"","overlay-type":"","overlay-color":"","overlay-opacity":"","overlay-gradient":""}},"ast-content-background-meta":{"desktop":{"background-color":"var(--ast-global-color-4)","background-image":"","background-repeat":"repeat","background-position":"center center","background-size":"auto","background-attachment":"scroll","background-type":"","background-media":"","overlay-type":"","overlay-color":"","overlay-opacity":"","overlay-gradient":""},"tablet":{"background-color":"var(--ast-global-color-4)","background-image":"","background-repeat":"repeat","background-position":"center center","background-size":"auto","background-attachment":"scroll","background-type":"","background-media":"","overlay-type":"","overlay-color":"","overlay-opacity":"","overlay-gradient":""},"mobile":{"background-color":"var(--ast-global-color-4)","background-image":"","background-repeat":"repeat","background-position":"center center","background-size":"auto","background-attachment":"scroll","background-type":"","background-media":"","overlay-type":"","overlay-color":"","overlay-opacity":"","overlay-gradient":""}},"footnotes":""},"class_list":["post-182","page","type-page","status-publish","hentry"],"yoast_head":"<!-- This site is optimized with the Yoast SEO plugin v26.0 - https:\/\/yoast.com\/wordpress\/plugins\/seo\/ -->\n<title>Parem valik kasiinom\u00e4nge veebis<\/title>\n<meta name=\"robots\" content=\"index, follow, max-snippet:-1, max-image-preview:large, max-video-preview:-1\" \/>\n<link rel=\"canonical\" href=\"https:\/\/www.casinoonline365.net\/et\/\" \/>\n<meta property=\"og:locale\" content=\"et_EE\" \/>\n<meta property=\"og:type\" content=\"article\" \/>\n<meta property=\"og:title\" content=\"Parem valik kasiinom\u00e4nge veebis\" \/>\n<meta property=\"og:description\" content=\"Parem valik kasiinom\u00e4nge veebis 2500 online-kasiinom\u00e4ngusaidi hulgast valides on oluline arvestada, mis on teie, tarbija jaoks k\u00f5ige olulisem. Privaatsus, m\u00e4ngutasud, [&hellip;]\" \/>\n<meta property=\"og:url\" content=\"https:\/\/www.casinoonline365.net\/et\/\" \/>\n<meta property=\"og:site_name\" content=\"My blog\" \/>\n<meta name=\"twitter:card\" content=\"summary_large_image\" \/>\n<meta name=\"twitter:label1\" content=\"Est. reading time\" \/>\n\t<meta name=\"twitter:data1\" content=\"2 minutit\" \/>\n<script type=\"application\/ld+json\" class=\"yoast-schema-graph\">{\"@context\":\"https:\/\/schema.org\",\"@graph\":[{\"@type\":\"WebPage\",\"@id\":\"https:\/\/www.casinoonline365.net\/et\/\",\"url\":\"https:\/\/www.casinoonline365.net\/et\/\",\"name\":\"Parem valik kasiinom\u00e4nge veebis\",\"isPartOf\":{\"@id\":\"https:\/\/www.casinoonline365.net\/et\/#website\"},\"datePublished\":\"2025-07-18T17:24:24+00:00\",\"breadcrumb\":{\"@id\":\"https:\/\/www.casinoonline365.net\/et\/#breadcrumb\"},\"inLanguage\":\"et\",\"potentialAction\":[{\"@type\":\"ReadAction\",\"target\":[\"https:\/\/www.casinoonline365.net\/et\/\"]}]},{\"@type\":\"BreadcrumbList\",\"@id\":\"https:\/\/www.casinoonline365.net\/et\/#breadcrumb\",\"itemListElement\":[{\"@type\":\"ListItem\",\"position\":1,\"name\":\"Home\",\"item\":\"https:\/\/www.casinoonline365.net\/et\/\"},{\"@type\":\"ListItem\",\"position\":2,\"name\":\"Avaleht\"}]},{\"@type\":\"WebSite\",\"@id\":\"https:\/\/www.casinoonline365.net\/et\/#website\",\"url\":\"https:\/\/www.casinoonline365.net\/et\/\",\"name\":\"My blog\",\"description\":\"Just another WordPress site\",\"potentialAction\":[{\"@type\":\"SearchAction\",\"target\":{\"@type\":\"EntryPoint\",\"urlTemplate\":\"https:\/\/www.casinoonline365.net\/et\/?s={search_term_string}\"},\"query-input\":{\"@type\":\"PropertyValueSpecification\",\"valueRequired\":true,\"valueName\":\"search_term_string\"}}],\"inLanguage\":\"et\"}]}<\/script>\n<!-- \/ Yoast SEO plugin. -->","yoast_head_json":{"title":"Parem valik kasiinom\u00e4nge veebis","robots":{"index":"index","follow":"follow","max-snippet":"max-snippet:-1","max-image-preview":"max-image-preview:large","max-video-preview":"max-video-preview:-1"},"canonical":"https:\/\/www.casinoonline365.net\/et\/","og_locale":"et_EE","og_type":"article","og_title":"Parem valik kasiinom\u00e4nge veebis","og_description":"Parem valik kasiinom\u00e4nge veebis 2500 online-kasiinom\u00e4ngusaidi hulgast valides on oluline arvestada, mis on teie, tarbija jaoks k\u00f5ige olulisem. Privaatsus, m\u00e4ngutasud, [&hellip;]","og_url":"https:\/\/www.casinoonline365.net\/et\/","og_site_name":"My blog","twitter_card":"summary_large_image","twitter_misc":{"Est. reading time":"2 minutit"},"schema":{"@context":"https:\/\/schema.org","@graph":[{"@type":"WebPage","@id":"https:\/\/www.casinoonline365.net\/et\/","url":"https:\/\/www.casinoonline365.net\/et\/","name":"Parem valik kasiinom\u00e4nge veebis","isPartOf":{"@id":"https:\/\/www.casinoonline365.net\/et\/#website"},"datePublished":"2025-07-18T17:24:24+00:00","breadcrumb":{"@id":"https:\/\/www.casinoonline365.net\/et\/#breadcrumb"},"inLanguage":"et","potentialAction":[{"@type":"ReadAction","target":["https:\/\/www.casinoonline365.net\/et\/"]}]},{"@type":"BreadcrumbList","@id":"https:\/\/www.casinoonline365.net\/et\/#breadcrumb","itemListElement":[{"@type":"ListItem","position":1,"name":"Home","item":"https:\/\/www.casinoonline365.net\/et\/"},{"@type":"ListItem","position":2,"name":"Avaleht"}]},{"@type":"WebSite","@id":"https:\/\/www.casinoonline365.net\/et\/#website","url":"https:\/\/www.casinoonline365.net\/et\/","name":"My blog","description":"Just another WordPress site","potentialAction":[{"@type":"SearchAction","target":{"@type":"EntryPoint","urlTemplate":"https:\/\/www.casinoonline365.net\/et\/?s={search_term_string}"},"query-input":{"@type":"PropertyValueSpecification","valueRequired":true,"valueName":"search_term_string"}}],"inLanguage":"et"}]}},"_links":{"self":[{"href":"https:\/\/www.casinoonline365.net\/et\/wp-json\/wp\/v2\/pages\/182","targetHints":{"allow":["GET"]}}],"collection":[{"href":"https:\/\/www.casinoonline365.net\/et\/wp-json\/wp\/v2\/pages"}],"about":[{"href":"https:\/\/www.casinoonline365.net\/et\/wp-json\/wp\/v2\/types\/page"}],"author":[{"embeddable":true,"href":"https:\/\/www.casinoonline365.net\/et\/wp-json\/wp\/v2\/users\/1"}],"replies":[{"embeddable":true,"href":"https:\/\/www.casinoonline365.net\/et\/wp-json\/wp\/v2\/comments?post=182"}],"version-history":[{"count":0,"href":"https:\/\/www.casinoonline365.net\/et\/wp-json\/wp\/v2\/pages\/182\/revisions"}],"wp:attachment":[{"href":"https:\/\/www.casinoonline365.net\/et\/wp-json\/wp\/v2\/media?parent=182"}],"curies":[{"name":"wp","href":"https:\/\/api.w.org\/{rel}","templated":true}]}}