{"id":183,"date":"2025-07-18T17:24:24","date_gmt":"2025-07-18T17:24:24","guid":{"rendered":"https:\/\/www.casinoonline365.net\/kotiin\/"},"modified":"2025-07-18T17:24:24","modified_gmt":"2025-07-18T17:24:24","slug":"kotiin","status":"publish","type":"page","link":"https:\/\/www.casinoonline365.net\/fi\/","title":{"rendered":"Kotiin"},"content":{"rendered":"<h1>Parempi valikoima kasinopelej\u00e4 verkossa<\/h1>\n<p>Koska netiss\u00e4 on 2 500 kasinopelisivustoa, on t\u00e4rke\u00e4\u00e4 mietti\u00e4, mik\u00e4 on sinulle, kuluttajalle, t\u00e4rkeint\u00e4 sivustoa valittaessa. Tietosuoja, pelimaksut, verkkoturvallisuus ja verkkosivuston helppok\u00e4ytt\u00f6isyys n\u00e4ytt\u00e4v\u00e4t olevan t\u00e4rkeimpi\u00e4 tekij\u00f6it\u00e4, kun <a href=\"http:\/\/www.gambling6.com\" target=\"_blank\" rel=\"noopener noreferrer\">valitset nettikasinopelej\u00e4.<\/a><\/p>\n<p>Samalla tavalla kuin kuluttaja tekee tutkimusta valitessaan autoa, on olemassa verkkosivustoja, jotka auttavat sinua valitsemaan nettikasinopelisi. Nettikasinopelisivuston valitsemisen lis\u00e4ksi voit rajata hakuasi entisest\u00e4\u00e4n valitsemalla l\u00e4hes 400 nettikasinopelin joukosta, kuten crapsin, blackjackin ja ruletin.<\/p>\n<p>Pelaamisessa on kyse palkinnosta, ja toinen t\u00e4rke\u00e4 n\u00e4k\u00f6kohta kasinopelej\u00e4 valittaessa verkossa on se, miten maksat pelaamisesta. S\u00e4\u00e4nn\u00f6t vaihtelevat, ja jopa luottokortti, jolla rahoitat nettikasinopeli\u00e4si, vaikuttaa asiaan. Esimerkiksi American Express -br\u00e4ndin luottokortti n\u00e4ytt\u00e4\u00e4 olevan suosittu valinta kasinosivustojen keskuudessa, koska t\u00e4m\u00e4 luottokorttiyhti\u00f6 on tiukasti s\u00e4\u00e4nnelty, mik\u00e4 tarjoaa sinulle, kuluttajalle, turvallisemman nettikasinopelikokemuksen.<\/p>\n<p>Nettikasinopelien tuoman j\u00e4nnityksen (ja mahdollisuuden v\u00e4ltt\u00e4\u00e4 passiivisen savun hengitt\u00e4mist\u00e4) lis\u00e4ksi on olemassa my\u00f6s &#8221;live&#8221;-pelaamisen lis\u00e4j\u00e4nnitys. Mahdollisuus kokea pelaamista t\u00e4ll\u00e4 videoiden suoratoistokapasiteetilla on luultavasti nopeimmin kasvava segmentti nettikasinopeleiss\u00e4, ja kasinot, jotka tarjoavat t\u00e4m\u00e4n j\u00e4nnitt\u00e4v\u00e4n komponentin nettikasinopeleiss\u00e4, ohittavat varmasti kilpailijansa.<\/p>\n<p>Jos tavoitteenasi on voittaa suuria summia, kannattaa harkita <a href=\"https:\/\/www.jackpotlotteryonline.com\/powerball-megamillions-from-uk\">maailmanlaajuisia lottoja<\/a> \u2013 nyky\u00e4\u00e4n voit <a href=\"http:\/\/www.onlinelotto365.com\">hankkia lippuja netist\u00e4 lottoihin oman asuinmaasi ulkopuolella!<\/a><\/p>\n<p>Toinen t\u00e4rke\u00e4 tekij\u00e4, joka on otettava huomioon nettikasinopelej\u00e4 valittaessa, on sen m\u00e4\u00e4ritt\u00e4minen, mitk\u00e4 kasinot tarjoavat korkeimman voiton. Kuten mink\u00e4 tahansa yrityksen kohdalla, yleiskustannukset vaikuttavat tulokseen, ja nettikasinopelill\u00e4 on varmasti v\u00e4hemm\u00e4n kustannuksia kuin Vegas Stripill\u00e4 sijaitsevalla kasinolla! Muista selvitt\u00e4\u00e4, mik\u00e4 nettikasinopeli tarjoaa sinulle sopivan voittoprosentin. Muista, ett\u00e4 kun harkitset nettikasinopelej\u00e4, mukaansatempaavammat pelit, kuten kortit ja muut p\u00f6yt\u00e4pelit, tarjoavat suuremmat voitot kuin aina suositut kolikkopelit.<\/p>\n<p>Lopuksi varmista, ett\u00e4 valitsemasi nettikasino on lisensoitu, jotta olet laillisesti ja taloudellisesti suojattu. Voit varmistaa, ett\u00e4 valintasi on rekister\u00f6ity, hakemalla heid\u00e4n nime\u00e4\u00e4n online-laink\u00e4ytt\u00f6alueelta, joka tunnetaan nimell\u00e4 uhkapelikomissio. On parasta v\u00e4ltt\u00e4\u00e4 pelaamista sivustolla, jolla ei ole lisenssitietoja.<\/p>\n<p>Ota n\u00e4m\u00e4 hy\u00f6dylliset vinkit huomioon valitessasi nettikasinoa ja valmistaudu j\u00e4nnitt\u00e4v\u00e4\u00e4n online-pelikokemukseen!<\/p>\n","protected":false},"excerpt":{"rendered":"<p>Parempi valikoima kasinopelej\u00e4 verkossa Koska netiss\u00e4 on 2 500 kasinopelisivustoa, on t\u00e4rke\u00e4\u00e4 mietti\u00e4, mik\u00e4 on sinulle, kuluttajalle, t\u00e4rkeint\u00e4 sivustoa valittaessa. [&hellip;]<\/p>\n","protected":false},"author":1,"featured_media":0,"parent":0,"menu_order":0,"comment_status":"closed","ping_status":"closed","template":"","meta":{"site-sidebar-layout":"default","site-content-layout":"","ast-site-content-layout":"default","site-content-style":"default","site-sidebar-style":"default","ast-global-header-display":"","ast-banner-title-visibility":"","ast-main-header-display":"","ast-hfb-above-header-display":"","ast-hfb-below-header-display":"","ast-hfb-mobile-header-display":"","site-post-title":"","ast-breadcrumbs-content":"","ast-featured-img":"","footer-sml-layout":"","theme-transparent-header-meta":"","adv-header-id-meta":"","stick-header-meta":"","header-above-stick-meta":"","header-main-stick-meta":"","header-below-stick-meta":"","astra-migrate-meta-layouts":"default","ast-page-background-enabled":"default","ast-page-background-meta":{"desktop":{"background-color":"var(--ast-global-color-5)","background-image":"","background-repeat":"repeat","background-position":"center center","background-size":"auto","background-attachment":"scroll","background-type":"","background-media":"","overlay-type":"","overlay-color":"","overlay-opacity":"","overlay-gradient":""},"tablet":{"background-color":"","background-image":"","background-repeat":"repeat","background-position":"center center","background-size":"auto","background-attachment":"scroll","background-type":"","background-media":"","overlay-type":"","overlay-color":"","overlay-opacity":"","overlay-gradient":""},"mobile":{"background-color":"","background-image":"","background-repeat":"repeat","background-position":"center center","background-size":"auto","background-attachment":"scroll","background-type":"","background-media":"","overlay-type":"","overlay-color":"","overlay-opacity":"","overlay-gradient":""}},"ast-content-background-meta":{"desktop":{"background-color":"var(--ast-global-color-4)","background-image":"","background-repeat":"repeat","background-position":"center center","background-size":"auto","background-attachment":"scroll","background-type":"","background-media":"","overlay-type":"","overlay-color":"","overlay-opacity":"","overlay-gradient":""},"tablet":{"background-color":"var(--ast-global-color-4)","background-image":"","background-repeat":"repeat","background-position":"center center","background-size":"auto","background-attachment":"scroll","background-type":"","background-media":"","overlay-type":"","overlay-color":"","overlay-opacity":"","overlay-gradient":""},"mobile":{"background-color":"var(--ast-global-color-4)","background-image":"","background-repeat":"repeat","background-position":"center center","background-size":"auto","background-attachment":"scroll","background-type":"","background-media":"","overlay-type":"","overlay-color":"","overlay-opacity":"","overlay-gradient":""}},"footnotes":""},"class_list":["post-183","page","type-page","status-publish","hentry"],"yoast_head":"<!-- This site is optimized with the Yoast SEO plugin v26.0 - https:\/\/yoast.com\/wordpress\/plugins\/seo\/ -->\n<title>Parempi valikoima kasinopelej\u00e4 verkossa<\/title>\n<meta name=\"robots\" content=\"index, follow, max-snippet:-1, max-image-preview:large, max-video-preview:-1\" \/>\n<link rel=\"canonical\" href=\"https:\/\/www.casinoonline365.net\/fi\/\" \/>\n<meta property=\"og:locale\" content=\"fi_FI\" \/>\n<meta property=\"og:type\" content=\"article\" \/>\n<meta property=\"og:title\" content=\"Parempi valikoima kasinopelej\u00e4 verkossa\" \/>\n<meta property=\"og:description\" content=\"Parempi valikoima kasinopelej\u00e4 verkossa Koska netiss\u00e4 on 2 500 kasinopelisivustoa, on t\u00e4rke\u00e4\u00e4 mietti\u00e4, mik\u00e4 on sinulle, kuluttajalle, t\u00e4rkeint\u00e4 sivustoa valittaessa. [&hellip;]\" \/>\n<meta property=\"og:url\" content=\"https:\/\/www.casinoonline365.net\/fi\/\" \/>\n<meta property=\"og:site_name\" content=\"My blog\" \/>\n<meta name=\"twitter:card\" content=\"summary_large_image\" \/>\n<meta name=\"twitter:label1\" content=\"Arvioitu lukuaika\" \/>\n\t<meta name=\"twitter:data1\" content=\"2 minuuttia\" \/>\n<script type=\"application\/ld+json\" class=\"yoast-schema-graph\">{\"@context\":\"https:\/\/schema.org\",\"@graph\":[{\"@type\":\"WebPage\",\"@id\":\"https:\/\/www.casinoonline365.net\/fi\/\",\"url\":\"https:\/\/www.casinoonline365.net\/fi\/\",\"name\":\"Parempi valikoima kasinopelej\u00e4 verkossa\",\"isPartOf\":{\"@id\":\"https:\/\/www.casinoonline365.net\/fi\/#website\"},\"datePublished\":\"2025-07-18T17:24:24+00:00\",\"breadcrumb\":{\"@id\":\"https:\/\/www.casinoonline365.net\/fi\/#breadcrumb\"},\"inLanguage\":\"fi\",\"potentialAction\":[{\"@type\":\"ReadAction\",\"target\":[\"https:\/\/www.casinoonline365.net\/fi\/\"]}]},{\"@type\":\"BreadcrumbList\",\"@id\":\"https:\/\/www.casinoonline365.net\/fi\/#breadcrumb\",\"itemListElement\":[{\"@type\":\"ListItem\",\"position\":1,\"name\":\"Home\",\"item\":\"https:\/\/www.casinoonline365.net\/fi\/\"},{\"@type\":\"ListItem\",\"position\":2,\"name\":\"Kotiin\"}]},{\"@type\":\"WebSite\",\"@id\":\"https:\/\/www.casinoonline365.net\/fi\/#website\",\"url\":\"https:\/\/www.casinoonline365.net\/fi\/\",\"name\":\"My blog\",\"description\":\"Just another WordPress site\",\"potentialAction\":[{\"@type\":\"SearchAction\",\"target\":{\"@type\":\"EntryPoint\",\"urlTemplate\":\"https:\/\/www.casinoonline365.net\/fi\/?s={search_term_string}\"},\"query-input\":{\"@type\":\"PropertyValueSpecification\",\"valueRequired\":true,\"valueName\":\"search_term_string\"}}],\"inLanguage\":\"fi\"}]}<\/script>\n<!-- \/ Yoast SEO plugin. -->","yoast_head_json":{"title":"Parempi valikoima kasinopelej\u00e4 verkossa","robots":{"index":"index","follow":"follow","max-snippet":"max-snippet:-1","max-image-preview":"max-image-preview:large","max-video-preview":"max-video-preview:-1"},"canonical":"https:\/\/www.casinoonline365.net\/fi\/","og_locale":"fi_FI","og_type":"article","og_title":"Parempi valikoima kasinopelej\u00e4 verkossa","og_description":"Parempi valikoima kasinopelej\u00e4 verkossa Koska netiss\u00e4 on 2 500 kasinopelisivustoa, on t\u00e4rke\u00e4\u00e4 mietti\u00e4, mik\u00e4 on sinulle, kuluttajalle, t\u00e4rkeint\u00e4 sivustoa valittaessa. [&hellip;]","og_url":"https:\/\/www.casinoonline365.net\/fi\/","og_site_name":"My blog","twitter_card":"summary_large_image","twitter_misc":{"Arvioitu lukuaika":"2 minuuttia"},"schema":{"@context":"https:\/\/schema.org","@graph":[{"@type":"WebPage","@id":"https:\/\/www.casinoonline365.net\/fi\/","url":"https:\/\/www.casinoonline365.net\/fi\/","name":"Parempi valikoima kasinopelej\u00e4 verkossa","isPartOf":{"@id":"https:\/\/www.casinoonline365.net\/fi\/#website"},"datePublished":"2025-07-18T17:24:24+00:00","breadcrumb":{"@id":"https:\/\/www.casinoonline365.net\/fi\/#breadcrumb"},"inLanguage":"fi","potentialAction":[{"@type":"ReadAction","target":["https:\/\/www.casinoonline365.net\/fi\/"]}]},{"@type":"BreadcrumbList","@id":"https:\/\/www.casinoonline365.net\/fi\/#breadcrumb","itemListElement":[{"@type":"ListItem","position":1,"name":"Home","item":"https:\/\/www.casinoonline365.net\/fi\/"},{"@type":"ListItem","position":2,"name":"Kotiin"}]},{"@type":"WebSite","@id":"https:\/\/www.casinoonline365.net\/fi\/#website","url":"https:\/\/www.casinoonline365.net\/fi\/","name":"My blog","description":"Just another WordPress site","potentialAction":[{"@type":"SearchAction","target":{"@type":"EntryPoint","urlTemplate":"https:\/\/www.casinoonline365.net\/fi\/?s={search_term_string}"},"query-input":{"@type":"PropertyValueSpecification","valueRequired":true,"valueName":"search_term_string"}}],"inLanguage":"fi"}]}},"_links":{"self":[{"href":"https:\/\/www.casinoonline365.net\/fi\/wp-json\/wp\/v2\/pages\/183","targetHints":{"allow":["GET"]}}],"collection":[{"href":"https:\/\/www.casinoonline365.net\/fi\/wp-json\/wp\/v2\/pages"}],"about":[{"href":"https:\/\/www.casinoonline365.net\/fi\/wp-json\/wp\/v2\/types\/page"}],"author":[{"embeddable":true,"href":"https:\/\/www.casinoonline365.net\/fi\/wp-json\/wp\/v2\/users\/1"}],"replies":[{"embeddable":true,"href":"https:\/\/www.casinoonline365.net\/fi\/wp-json\/wp\/v2\/comments?post=183"}],"version-history":[{"count":0,"href":"https:\/\/www.casinoonline365.net\/fi\/wp-json\/wp\/v2\/pages\/183\/revisions"}],"wp:attachment":[{"href":"https:\/\/www.casinoonline365.net\/fi\/wp-json\/wp\/v2\/media?parent=183"}],"curies":[{"name":"wp","href":"https:\/\/api.w.org\/{rel}","templated":true}]}}