{"id":30,"date":"2025-07-18T17:24:24","date_gmt":"2025-07-18T17:24:24","guid":{"rendered":"https:\/\/www.casinoonline365.net\/maison\/"},"modified":"2025-07-18T17:24:24","modified_gmt":"2025-07-18T17:24:24","slug":"maison","status":"publish","type":"page","link":"https:\/\/www.casinoonline365.net\/fr\/","title":{"rendered":"Maison"},"content":{"rendered":"<h1>Un meilleur choix de jeux de casino en ligne<\/h1>\n<p>Avec 2\u00a0500 sites de jeux de casino en ligne parmi lesquels choisir, il est important de prendre en compte ce qui compte le plus pour vous, consommateur, lors du choix d&rsquo;un site. La confidentialit\u00e9, les frais de jeu, la s\u00e9curit\u00e9 en ligne et la facilit\u00e9 d&rsquo;utilisation semblent \u00eatre les facteurs les plus importants lors du choix de jeux de casino en ligne.<\/a><\/p>\n<p>De la m\u00eame mani\u00e8re qu&rsquo;un consommateur effectue des recherches pour choisir une voiture, il existe des sites web pour vous aider \u00e0 choisir votre jeu de casino en ligne. Outre le choix de votre site de jeux de casino en ligne, vous pouvez affiner votre recherche en choisissant parmi pr\u00e8s de 400 jeux de casino en ligne, comme le craps, le blackjack et la roulette.<\/p>\n<p>L&rsquo;essentiel est de choisir un jeu de casino en ligne, et un autre point important \u00e0 prendre en compte lors du choix de jeux de casino en ligne est le mode de paiement. Les r\u00e8gles varient, et m\u00eame le choix de la carte de cr\u00e9dit pour financer vos jeux de casino en ligne fait une diff\u00e9rence. Par exemple, la carte de cr\u00e9dit American Express semble \u00eatre un choix privil\u00e9gi\u00e9 parmi les sites de casino, car cette soci\u00e9t\u00e9 \u00e9mettrice est strictement r\u00e9glement\u00e9e, ce qui vous offre, \u00e0 vous, consommateur, une exp\u00e9rience de jeu en ligne plus s\u00fbre.<\/p>\n<p>Outre le frisson (et la possibilit\u00e9 d&rsquo;\u00e9viter de respirer la fum\u00e9e secondaire) que procurent les jeux de casino en ligne, il y a le plaisir suppl\u00e9mentaire du jeu en direct. La possibilit\u00e9 de jouer en streaming vid\u00e9o est probablement le segment des jeux de casino en ligne qui conna\u00eet la croissance la plus rapide, et les casinos qui offrent cette fonctionnalit\u00e9 passionnante devanceront certainement leurs concurrents.<\/p>\n<p>Si vous souhaitez gagner gros, vous pourriez envisager les <a href=\"https:\/\/www.jackpotlotteryonline.com\/powerball-megamillions-from-uk\">jackpots de loterie mondiaux<\/a>\u00a0: aujourd&rsquo;hui, vous pouvez <a href=\"http:\/\/www.onlinelotto365.com\">acheter des tickets de loterie en ligne depuis l&rsquo;\u00e9tranger\u00a0!<\/a><\/p>\n<p>Un autre facteur important \u00e0 prendre en compte lors du choix de vos jeux de casino en ligne est de d\u00e9terminer quels casinos offrent les taux de redistribution les plus \u00e9lev\u00e9s. Comme pour toute entreprise, les frais g\u00e9n\u00e9raux ont un impact sur le r\u00e9sultat net, et un jeu de casino en ligne est certainement moins co\u00fbteux qu&rsquo;un casino situ\u00e9 sur le Strip de Las Vegas\u00a0! Assurez-vous de rechercher le jeu de casino en ligne qui vous offrira le taux de redistribution qui vous convient. Gardez \u00e0 l&rsquo;esprit que lorsque vous envisagez de jouer \u00e0 des jeux de casino en ligne, les jeux plus complexes, comme les cartes et autres jeux de table, offriront des gains plus \u00e9lev\u00e9s que les machines \u00e0 sous, toujours populaires.<\/p>\n<p>Enfin, assurez-vous que le casino en ligne que vous choisissez est agr\u00e9\u00e9 afin de b\u00e9n\u00e9ficier d&rsquo;une protection juridique et financi\u00e8re. Vous pouvez v\u00e9rifier que votre choix est bien enregistr\u00e9 en effectuant une recherche aupr\u00e8s d&rsquo;une juridiction en ligne, appel\u00e9e commission des jeux d&rsquo;argent. Il est pr\u00e9f\u00e9rable d&rsquo;\u00e9viter de jouer sur un site qui ne dispose pas d&rsquo;informations sur les licences.<\/p>\n<p>Suivez ces conseils utiles pour choisir un casino en ligne et pr\u00e9parez-vous \u00e0 vivre une exp\u00e9rience de jeu palpitante\u00a0!<\/p>\n","protected":false},"excerpt":{"rendered":"<p>Un meilleur choix de jeux de casino en ligne Avec 2\u00a0500 sites de jeux de casino en ligne parmi lesquels [&hellip;]<\/p>\n","protected":false},"author":1,"featured_media":0,"parent":0,"menu_order":0,"comment_status":"closed","ping_status":"closed","template":"","meta":{"site-sidebar-layout":"default","site-content-layout":"","ast-site-content-layout":"default","site-content-style":"default","site-sidebar-style":"default","ast-global-header-display":"","ast-banner-title-visibility":"","ast-main-header-display":"","ast-hfb-above-header-display":"","ast-hfb-below-header-display":"","ast-hfb-mobile-header-display":"","site-post-title":"","ast-breadcrumbs-content":"","ast-featured-img":"","footer-sml-layout":"","theme-transparent-header-meta":"","adv-header-id-meta":"","stick-header-meta":"","header-above-stick-meta":"","header-main-stick-meta":"","header-below-stick-meta":"","astra-migrate-meta-layouts":"default","ast-page-background-enabled":"default","ast-page-background-meta":{"desktop":{"background-color":"var(--ast-global-color-5)","background-image":"","background-repeat":"repeat","background-position":"center center","background-size":"auto","background-attachment":"scroll","background-type":"","background-media":"","overlay-type":"","overlay-color":"","overlay-opacity":"","overlay-gradient":""},"tablet":{"background-color":"","background-image":"","background-repeat":"repeat","background-position":"center center","background-size":"auto","background-attachment":"scroll","background-type":"","background-media":"","overlay-type":"","overlay-color":"","overlay-opacity":"","overlay-gradient":""},"mobile":{"background-color":"","background-image":"","background-repeat":"repeat","background-position":"center center","background-size":"auto","background-attachment":"scroll","background-type":"","background-media":"","overlay-type":"","overlay-color":"","overlay-opacity":"","overlay-gradient":""}},"ast-content-background-meta":{"desktop":{"background-color":"var(--ast-global-color-4)","background-image":"","background-repeat":"repeat","background-position":"center center","background-size":"auto","background-attachment":"scroll","background-type":"","background-media":"","overlay-type":"","overlay-color":"","overlay-opacity":"","overlay-gradient":""},"tablet":{"background-color":"var(--ast-global-color-4)","background-image":"","background-repeat":"repeat","background-position":"center center","background-size":"auto","background-attachment":"scroll","background-type":"","background-media":"","overlay-type":"","overlay-color":"","overlay-opacity":"","overlay-gradient":""},"mobile":{"background-color":"var(--ast-global-color-4)","background-image":"","background-repeat":"repeat","background-position":"center center","background-size":"auto","background-attachment":"scroll","background-type":"","background-media":"","overlay-type":"","overlay-color":"","overlay-opacity":"","overlay-gradient":""}},"footnotes":""},"class_list":["post-30","page","type-page","status-publish","hentry"],"yoast_head":"<!-- This site is optimized with the Yoast SEO plugin v26.0 - https:\/\/yoast.com\/wordpress\/plugins\/seo\/ -->\n<title>Meilleur choix de jeux de casino en ligne<\/title>\n<meta name=\"robots\" content=\"index, follow, max-snippet:-1, max-image-preview:large, max-video-preview:-1\" \/>\n<link rel=\"canonical\" href=\"https:\/\/www.casinoonline365.net\/fr\/\" \/>\n<meta property=\"og:locale\" content=\"fr_FR\" \/>\n<meta property=\"og:type\" content=\"article\" \/>\n<meta property=\"og:title\" content=\"Meilleur choix de jeux de casino en ligne\" \/>\n<meta property=\"og:description\" content=\"Un meilleur choix de jeux de casino en ligne Avec 2\u00a0500 sites de jeux de casino en ligne parmi lesquels [&hellip;]\" \/>\n<meta property=\"og:url\" content=\"https:\/\/www.casinoonline365.net\/fr\/\" \/>\n<meta property=\"og:site_name\" content=\"My blog\" \/>\n<meta name=\"twitter:card\" content=\"summary_large_image\" \/>\n<meta name=\"twitter:label1\" content=\"Dur\u00e9e de lecture estim\u00e9e\" \/>\n\t<meta name=\"twitter:data1\" content=\"3 minutes\" \/>\n<script type=\"application\/ld+json\" class=\"yoast-schema-graph\">{\"@context\":\"https:\/\/schema.org\",\"@graph\":[{\"@type\":\"WebPage\",\"@id\":\"https:\/\/www.casinoonline365.net\/fr\/\",\"url\":\"https:\/\/www.casinoonline365.net\/fr\/\",\"name\":\"Meilleur choix de jeux de casino en ligne\",\"isPartOf\":{\"@id\":\"https:\/\/www.casinoonline365.net\/fr\/#website\"},\"datePublished\":\"2025-07-18T17:24:24+00:00\",\"breadcrumb\":{\"@id\":\"https:\/\/www.casinoonline365.net\/fr\/#breadcrumb\"},\"inLanguage\":\"fr-FR\",\"potentialAction\":[{\"@type\":\"ReadAction\",\"target\":[\"https:\/\/www.casinoonline365.net\/fr\/\"]}]},{\"@type\":\"BreadcrumbList\",\"@id\":\"https:\/\/www.casinoonline365.net\/fr\/#breadcrumb\",\"itemListElement\":[{\"@type\":\"ListItem\",\"position\":1,\"name\":\"Home\",\"item\":\"https:\/\/www.casinoonline365.net\/fr\/\"},{\"@type\":\"ListItem\",\"position\":2,\"name\":\"Maison\"}]},{\"@type\":\"WebSite\",\"@id\":\"https:\/\/www.casinoonline365.net\/fr\/#website\",\"url\":\"https:\/\/www.casinoonline365.net\/fr\/\",\"name\":\"My blog\",\"description\":\"Just another WordPress site\",\"potentialAction\":[{\"@type\":\"SearchAction\",\"target\":{\"@type\":\"EntryPoint\",\"urlTemplate\":\"https:\/\/www.casinoonline365.net\/fr\/?s={search_term_string}\"},\"query-input\":{\"@type\":\"PropertyValueSpecification\",\"valueRequired\":true,\"valueName\":\"search_term_string\"}}],\"inLanguage\":\"fr-FR\"}]}<\/script>\n<!-- \/ Yoast SEO plugin. -->","yoast_head_json":{"title":"Meilleur choix de jeux de casino en ligne","robots":{"index":"index","follow":"follow","max-snippet":"max-snippet:-1","max-image-preview":"max-image-preview:large","max-video-preview":"max-video-preview:-1"},"canonical":"https:\/\/www.casinoonline365.net\/fr\/","og_locale":"fr_FR","og_type":"article","og_title":"Meilleur choix de jeux de casino en ligne","og_description":"Un meilleur choix de jeux de casino en ligne Avec 2\u00a0500 sites de jeux de casino en ligne parmi lesquels [&hellip;]","og_url":"https:\/\/www.casinoonline365.net\/fr\/","og_site_name":"My blog","twitter_card":"summary_large_image","twitter_misc":{"Dur\u00e9e de lecture estim\u00e9e":"3 minutes"},"schema":{"@context":"https:\/\/schema.org","@graph":[{"@type":"WebPage","@id":"https:\/\/www.casinoonline365.net\/fr\/","url":"https:\/\/www.casinoonline365.net\/fr\/","name":"Meilleur choix de jeux de casino en ligne","isPartOf":{"@id":"https:\/\/www.casinoonline365.net\/fr\/#website"},"datePublished":"2025-07-18T17:24:24+00:00","breadcrumb":{"@id":"https:\/\/www.casinoonline365.net\/fr\/#breadcrumb"},"inLanguage":"fr-FR","potentialAction":[{"@type":"ReadAction","target":["https:\/\/www.casinoonline365.net\/fr\/"]}]},{"@type":"BreadcrumbList","@id":"https:\/\/www.casinoonline365.net\/fr\/#breadcrumb","itemListElement":[{"@type":"ListItem","position":1,"name":"Home","item":"https:\/\/www.casinoonline365.net\/fr\/"},{"@type":"ListItem","position":2,"name":"Maison"}]},{"@type":"WebSite","@id":"https:\/\/www.casinoonline365.net\/fr\/#website","url":"https:\/\/www.casinoonline365.net\/fr\/","name":"My blog","description":"Just another WordPress site","potentialAction":[{"@type":"SearchAction","target":{"@type":"EntryPoint","urlTemplate":"https:\/\/www.casinoonline365.net\/fr\/?s={search_term_string}"},"query-input":{"@type":"PropertyValueSpecification","valueRequired":true,"valueName":"search_term_string"}}],"inLanguage":"fr-FR"}]}},"_links":{"self":[{"href":"https:\/\/www.casinoonline365.net\/fr\/wp-json\/wp\/v2\/pages\/30","targetHints":{"allow":["GET"]}}],"collection":[{"href":"https:\/\/www.casinoonline365.net\/fr\/wp-json\/wp\/v2\/pages"}],"about":[{"href":"https:\/\/www.casinoonline365.net\/fr\/wp-json\/wp\/v2\/types\/page"}],"author":[{"embeddable":true,"href":"https:\/\/www.casinoonline365.net\/fr\/wp-json\/wp\/v2\/users\/1"}],"replies":[{"embeddable":true,"href":"https:\/\/www.casinoonline365.net\/fr\/wp-json\/wp\/v2\/comments?post=30"}],"version-history":[{"count":0,"href":"https:\/\/www.casinoonline365.net\/fr\/wp-json\/wp\/v2\/pages\/30\/revisions"}],"wp:attachment":[{"href":"https:\/\/www.casinoonline365.net\/fr\/wp-json\/wp\/v2\/media?parent=30"}],"curies":[{"name":"wp","href":"https:\/\/api.w.org\/{rel}","templated":true}]}}