{"id":179,"date":"2025-07-18T17:24:24","date_gmt":"2025-07-18T17:24:24","guid":{"rendered":"https:\/\/www.casinoonline365.net\/dom\/"},"modified":"2025-07-18T17:24:24","modified_gmt":"2025-07-18T17:24:24","slug":"dom","status":"publish","type":"page","link":"https:\/\/www.casinoonline365.net\/hr\/","title":{"rendered":"Dom"},"content":{"rendered":"<h1>Bolji izbor online casino igara<\/h1>\n<p>S obzirom na to da mo\u017eete birati izme\u0111u 2500 online casino stranica za igre, va\u017eno je uzeti u obzir \u0161to je vama, potro\u0161a\u010du, najva\u017enije pri odabiru stranice. Privatnost, naknade za igre, online sigurnost i jednostavnost kori\u0161tenja web stranice \u010dine se najva\u017enijim \u010dimbenicima pri <a href=\"http:\/\/www.gambling6.com\" target=\"_blank\" rel=\"noopener noreferrer\">odabiru online casino igara.<\/a><\/p>\n<p>Na isti na\u010din na koji potro\u0161a\u010d provodi istra\u017eivanje pri odabiru automobila, postoje web stranice koje \u0107e vam pomo\u0107i u odabiru va\u0161e online casino igre. Osim odabira va\u0161e online casino stranice za igre, mo\u017eete dodatno suziti pretragu odabirom koje od gotovo 400 online casino igara mo\u017eete izabrati, uklju\u010duju\u0107i Craps, Blackjack i Rulet.<\/p>\n<p>Kod igara se radi o nagradi, a jo\u0161 jedno va\u017eno razmatranje pri odabiru online casino igara je kako pla\u0107ate za igranje. Pravila se razlikuju, pa \u010dak i izbor kreditne kartice koju odaberete za financiranje svojih online casino igara \u010dini razliku; na primjer, kreditna kartica marke American Express \u010dini se omiljenim izborom me\u0111u casino stranicama, jer je ova tvrtka kreditnih kartica strogo regulirana, \u0161to vama, potro\u0161a\u010du, nudi sigurnije iskustvo online casino igara.<\/p>\n<p>Osim uzbu\u0111enja (i mogu\u0107nosti izbjegavanja udisanja pasivnog pu\u0161enja) koje su online casino igre donijele, tu je i dodatno uzbu\u0111enje igranja \u201eu\u017eivo\u201c. Mogu\u0107nost igranja u ovom kapacitetu video streaminga vjerojatno je najbr\u017ee rastu\u0107i segment online casino igara, a kasina koja nude ovu uzbudljivu komponentu online casino igara sigurno \u0107e nadma\u0161iti svoju konkurenciju.<\/p>\n<p>Ako ciljate na osvajanje velikog novca, mo\u017eda biste trebali razmotriti opciju <a href=\"https:\/\/www.jackpotlotteryonline.com\/powerball-megamillions-from-uk\">svjetskih lutrijskih jackpotova<\/a> &#8211; danas mo\u017eete <a href=\"http:\/\/www.onlinelotto365.com\">nabaviti lutrijske karte online izvan svoje zemlje prebivali\u0161ta!<\/a><\/p>\n<p>Jo\u0161 jedan va\u017ean \u010dimbenik koji treba uzeti u obzir pri odabiru online casino igara je odre\u0111ivanje koji kasini nude najve\u0107u isplatu. Kao i kod svakog poslovanja, re\u017eijski tro\u0161kovi utje\u010du na profitabilnost, a online casino igra sigurno ima manje tro\u0161kove od kasina koji se nalazi na Las Vegas Stripu! Obavezno istra\u017eite koja online casino igra \u0107e vam dati postotak isplate koji vam odgovara. Imajte na umu da kada razmatrate online casino igre, igre s vi\u0161e slo\u017eenosti, poput karata i drugih stolnih igara, imat \u0107e ve\u0107u isplatu od uvijek popularnih slot igara.<\/p>\n<p>Na kraju, provjerite je li va\u0161 odabir online casina licenciran kako biste bili pravno i financijski za\u0161ti\u0107eni. Mo\u017eete potvrditi da je va\u0161 odabir registriran pretra\u017eivanjem njihovog imena kod online jurisdikcije, poznate kao komisija za kockanje. Najbolje je izbjegavati kockanje na stranici koja nema podatke o licenciranju.<\/p>\n<p>Razmotrite ove korisne savjete pri odabiru online casina i pripremite se za uzbudljivo iskustvo online igranja!<\/p>\n","protected":false},"excerpt":{"rendered":"<p>Bolji izbor online casino igara S obzirom na to da mo\u017eete birati izme\u0111u 2500 online casino stranica za igre, va\u017eno [&hellip;]<\/p>\n","protected":false},"author":1,"featured_media":0,"parent":0,"menu_order":0,"comment_status":"closed","ping_status":"closed","template":"","meta":{"site-sidebar-layout":"default","site-content-layout":"","ast-site-content-layout":"default","site-content-style":"default","site-sidebar-style":"default","ast-global-header-display":"","ast-banner-title-visibility":"","ast-main-header-display":"","ast-hfb-above-header-display":"","ast-hfb-below-header-display":"","ast-hfb-mobile-header-display":"","site-post-title":"","ast-breadcrumbs-content":"","ast-featured-img":"","footer-sml-layout":"","theme-transparent-header-meta":"","adv-header-id-meta":"","stick-header-meta":"","header-above-stick-meta":"","header-main-stick-meta":"","header-below-stick-meta":"","astra-migrate-meta-layouts":"default","ast-page-background-enabled":"default","ast-page-background-meta":{"desktop":{"background-color":"var(--ast-global-color-5)","background-image":"","background-repeat":"repeat","background-position":"center center","background-size":"auto","background-attachment":"scroll","background-type":"","background-media":"","overlay-type":"","overlay-color":"","overlay-opacity":"","overlay-gradient":""},"tablet":{"background-color":"","background-image":"","background-repeat":"repeat","background-position":"center center","background-size":"auto","background-attachment":"scroll","background-type":"","background-media":"","overlay-type":"","overlay-color":"","overlay-opacity":"","overlay-gradient":""},"mobile":{"background-color":"","background-image":"","background-repeat":"repeat","background-position":"center center","background-size":"auto","background-attachment":"scroll","background-type":"","background-media":"","overlay-type":"","overlay-color":"","overlay-opacity":"","overlay-gradient":""}},"ast-content-background-meta":{"desktop":{"background-color":"var(--ast-global-color-4)","background-image":"","background-repeat":"repeat","background-position":"center center","background-size":"auto","background-attachment":"scroll","background-type":"","background-media":"","overlay-type":"","overlay-color":"","overlay-opacity":"","overlay-gradient":""},"tablet":{"background-color":"var(--ast-global-color-4)","background-image":"","background-repeat":"repeat","background-position":"center center","background-size":"auto","background-attachment":"scroll","background-type":"","background-media":"","overlay-type":"","overlay-color":"","overlay-opacity":"","overlay-gradient":""},"mobile":{"background-color":"var(--ast-global-color-4)","background-image":"","background-repeat":"repeat","background-position":"center center","background-size":"auto","background-attachment":"scroll","background-type":"","background-media":"","overlay-type":"","overlay-color":"","overlay-opacity":"","overlay-gradient":""}},"footnotes":""},"class_list":["post-179","page","type-page","status-publish","hentry"],"yoast_head":"<!-- This site is optimized with the Yoast SEO plugin v26.0 - https:\/\/yoast.com\/wordpress\/plugins\/seo\/ -->\n<title>Bolji izbor online casino igara<\/title>\n<meta name=\"robots\" content=\"index, follow, max-snippet:-1, max-image-preview:large, max-video-preview:-1\" \/>\n<link rel=\"canonical\" href=\"https:\/\/www.casinoonline365.net\/hr\/\" \/>\n<meta property=\"og:locale\" content=\"hr_HR\" \/>\n<meta property=\"og:type\" content=\"article\" \/>\n<meta property=\"og:title\" content=\"Bolji izbor online casino igara\" \/>\n<meta property=\"og:description\" content=\"Bolji izbor online casino igara S obzirom na to da mo\u017eete birati izme\u0111u 2500 online casino stranica za igre, va\u017eno [&hellip;]\" \/>\n<meta property=\"og:url\" content=\"https:\/\/www.casinoonline365.net\/hr\/\" \/>\n<meta property=\"og:site_name\" content=\"My blog\" \/>\n<meta name=\"twitter:card\" content=\"summary_large_image\" \/>\n<meta name=\"twitter:label1\" content=\"Procijenjeno vrijeme \u010ditanja\" \/>\n\t<meta name=\"twitter:data1\" content=\"2 minute\" \/>\n<script type=\"application\/ld+json\" class=\"yoast-schema-graph\">{\"@context\":\"https:\/\/schema.org\",\"@graph\":[{\"@type\":\"WebPage\",\"@id\":\"https:\/\/www.casinoonline365.net\/hr\/\",\"url\":\"https:\/\/www.casinoonline365.net\/hr\/\",\"name\":\"Bolji izbor online casino igara\",\"isPartOf\":{\"@id\":\"https:\/\/www.casinoonline365.net\/hr\/#website\"},\"datePublished\":\"2025-07-18T17:24:24+00:00\",\"breadcrumb\":{\"@id\":\"https:\/\/www.casinoonline365.net\/hr\/#breadcrumb\"},\"inLanguage\":\"hr\",\"potentialAction\":[{\"@type\":\"ReadAction\",\"target\":[\"https:\/\/www.casinoonline365.net\/hr\/\"]}]},{\"@type\":\"BreadcrumbList\",\"@id\":\"https:\/\/www.casinoonline365.net\/hr\/#breadcrumb\",\"itemListElement\":[{\"@type\":\"ListItem\",\"position\":1,\"name\":\"Home\",\"item\":\"https:\/\/www.casinoonline365.net\/hr\/\"},{\"@type\":\"ListItem\",\"position\":2,\"name\":\"Dom\"}]},{\"@type\":\"WebSite\",\"@id\":\"https:\/\/www.casinoonline365.net\/hr\/#website\",\"url\":\"https:\/\/www.casinoonline365.net\/hr\/\",\"name\":\"My blog\",\"description\":\"Just another WordPress site\",\"potentialAction\":[{\"@type\":\"SearchAction\",\"target\":{\"@type\":\"EntryPoint\",\"urlTemplate\":\"https:\/\/www.casinoonline365.net\/hr\/?s={search_term_string}\"},\"query-input\":{\"@type\":\"PropertyValueSpecification\",\"valueRequired\":true,\"valueName\":\"search_term_string\"}}],\"inLanguage\":\"hr\"}]}<\/script>\n<!-- \/ Yoast SEO plugin. -->","yoast_head_json":{"title":"Bolji izbor online casino igara","robots":{"index":"index","follow":"follow","max-snippet":"max-snippet:-1","max-image-preview":"max-image-preview:large","max-video-preview":"max-video-preview:-1"},"canonical":"https:\/\/www.casinoonline365.net\/hr\/","og_locale":"hr_HR","og_type":"article","og_title":"Bolji izbor online casino igara","og_description":"Bolji izbor online casino igara S obzirom na to da mo\u017eete birati izme\u0111u 2500 online casino stranica za igre, va\u017eno [&hellip;]","og_url":"https:\/\/www.casinoonline365.net\/hr\/","og_site_name":"My blog","twitter_card":"summary_large_image","twitter_misc":{"Procijenjeno vrijeme \u010ditanja":"2 minute"},"schema":{"@context":"https:\/\/schema.org","@graph":[{"@type":"WebPage","@id":"https:\/\/www.casinoonline365.net\/hr\/","url":"https:\/\/www.casinoonline365.net\/hr\/","name":"Bolji izbor online casino igara","isPartOf":{"@id":"https:\/\/www.casinoonline365.net\/hr\/#website"},"datePublished":"2025-07-18T17:24:24+00:00","breadcrumb":{"@id":"https:\/\/www.casinoonline365.net\/hr\/#breadcrumb"},"inLanguage":"hr","potentialAction":[{"@type":"ReadAction","target":["https:\/\/www.casinoonline365.net\/hr\/"]}]},{"@type":"BreadcrumbList","@id":"https:\/\/www.casinoonline365.net\/hr\/#breadcrumb","itemListElement":[{"@type":"ListItem","position":1,"name":"Home","item":"https:\/\/www.casinoonline365.net\/hr\/"},{"@type":"ListItem","position":2,"name":"Dom"}]},{"@type":"WebSite","@id":"https:\/\/www.casinoonline365.net\/hr\/#website","url":"https:\/\/www.casinoonline365.net\/hr\/","name":"My blog","description":"Just another WordPress site","potentialAction":[{"@type":"SearchAction","target":{"@type":"EntryPoint","urlTemplate":"https:\/\/www.casinoonline365.net\/hr\/?s={search_term_string}"},"query-input":{"@type":"PropertyValueSpecification","valueRequired":true,"valueName":"search_term_string"}}],"inLanguage":"hr"}]}},"_links":{"self":[{"href":"https:\/\/www.casinoonline365.net\/hr\/wp-json\/wp\/v2\/pages\/179","targetHints":{"allow":["GET"]}}],"collection":[{"href":"https:\/\/www.casinoonline365.net\/hr\/wp-json\/wp\/v2\/pages"}],"about":[{"href":"https:\/\/www.casinoonline365.net\/hr\/wp-json\/wp\/v2\/types\/page"}],"author":[{"embeddable":true,"href":"https:\/\/www.casinoonline365.net\/hr\/wp-json\/wp\/v2\/users\/1"}],"replies":[{"embeddable":true,"href":"https:\/\/www.casinoonline365.net\/hr\/wp-json\/wp\/v2\/comments?post=179"}],"version-history":[{"count":0,"href":"https:\/\/www.casinoonline365.net\/hr\/wp-json\/wp\/v2\/pages\/179\/revisions"}],"wp:attachment":[{"href":"https:\/\/www.casinoonline365.net\/hr\/wp-json\/wp\/v2\/media?parent=179"}],"curies":[{"name":"wp","href":"https:\/\/api.w.org\/{rel}","templated":true}]}}