{"id":185,"date":"2025-07-18T17:24:24","date_gmt":"2025-07-18T17:24:24","guid":{"rendered":"https:\/\/www.casinoonline365.net\/otthon\/"},"modified":"2025-07-18T17:24:24","modified_gmt":"2025-07-18T17:24:24","slug":"otthon","status":"publish","type":"page","link":"https:\/\/www.casinoonline365.net\/hu\/","title":{"rendered":"Otthon"},"content":{"rendered":"<h1>Jobb online kaszin\u00f3j\u00e1t\u00e9k-v\u00e1laszt\u00e9k<\/h1>\n<p>A 2500 online kaszin\u00f3j\u00e1t\u00e9k-oldal k\u00f6z\u00fcl v\u00e1laszthatva fontos figyelembe venni, hogy mi a legfontosabb \u00d6nnek, a fogyaszt\u00f3nak, amikor oldalt v\u00e1laszt. Az adatv\u00e9delem, a j\u00e1t\u00e9kd\u00edjak, az online biztons\u00e1g \u00e9s a weboldal k\u00f6nny\u0171 haszn\u00e1lhat\u00f3s\u00e1ga t\u0171nik a legfontosabb t\u00e9nyez\u0151knek, amikor <a href=\"http:\/\/www.gambling6.com\" target=\"_blank\" rel=\"noopener noreferrer\">online kaszin\u00f3j\u00e1t\u00e9kokat v\u00e1laszt.<\/a><\/p>\n<p>Ahogy egy fogyaszt\u00f3 is kutat\u00e1st v\u00e9gez egy aut\u00f3 kiv\u00e1laszt\u00e1sakor, vannak weboldalak, amelyek seg\u00edtenek az online kaszin\u00f3j\u00e1t\u00e9k kiv\u00e1laszt\u00e1s\u00e1ban. Az online kaszin\u00f3j\u00e1t\u00e9k-oldal kiv\u00e1laszt\u00e1sa mellett m\u00e9g tov\u00e1bb sz\u0171k\u00edtheti a keres\u00e9st azzal, hogy eld\u00f6nti, melyik k\u00f6zel 400 online kaszin\u00f3j\u00e1t\u00e9k k\u00f6z\u00fcl v\u00e1laszthat, bele\u00e9rtve a craps-t, a blackjack-et \u00e9s a rulettet.<\/p>\n<p>A j\u00e1t\u00e9k a nyerem\u00e9nyr\u0151l sz\u00f3l, \u00e9s egy m\u00e1sik fontos szempont az online kaszin\u00f3j\u00e1t\u00e9kok kiv\u00e1laszt\u00e1sakor, hogy hogyan fizet a j\u00e1t\u00e9k\u00e9rt. A szab\u00e1lyok elt\u00e9r\u0151ek, \u00e9s m\u00e9g az online kaszin\u00f3j\u00e1t\u00e9kok finansz\u00edroz\u00e1s\u00e1hoz v\u00e1lasztott hitelk\u00e1rtya is sz\u00e1m\u00edt; p\u00e9ld\u00e1ul az American Express m\u00e1rk\u00e1j\u00fa hitelk\u00e1rtya a kaszin\u00f3oldalak kedvelt v\u00e1laszt\u00e1s\u00e1nak t\u0171nik, mivel ez a hitelk\u00e1rtya-t\u00e1rsas\u00e1g szigor\u00faan szab\u00e1lyozott, ami biztons\u00e1gosabb online kaszin\u00f3j\u00e1t\u00e9k-\u00e9lm\u00e9nyt k\u00edn\u00e1l \u00d6nnek, a fogyaszt\u00f3nak.<\/p>\n<p>Az online kaszin\u00f3j\u00e1t\u00e9kok \u00e1ltal ny\u00fajtott izgalom (\u00e9s a passz\u00edv doh\u00e1nyz\u00e1s elker\u00fcl\u00e9s\u00e9nek lehet\u0151s\u00e9ge) mellett ott van az \u201e\u00e9l\u0151\u201d j\u00e1t\u00e9k tov\u00e1bbi izgalma is. A videostreaming kapacit\u00e1son kereszt\u00fcli j\u00e1t\u00e9k\u00e9lm\u00e9ny val\u00f3sz\u00edn\u0171leg az online kaszin\u00f3j\u00e1t\u00e9kok leggyorsabban n\u00f6vekv\u0151 szegmense, \u00e9s azok a kaszin\u00f3k, amelyek ezt az izgalmas elemet k\u00edn\u00e1lj\u00e1k az online kaszin\u00f3j\u00e1t\u00e9koknak, minden bizonnyal megel\u0151zik majd versenyt\u00e1rsaikat.<\/p>\n<p>Ha nagy p\u00e9nzek megnyer\u00e9s\u00e9re t\u00f6rekszel, \u00e9rdemes lehet megfontolni a <a href=\"https:\/\/www.jackpotlotteryonline.com\/powerball-megamillions-from-uk\">vil\u00e1gm\u00e9ret\u0171 lott\u00f3 jackpotok<\/a> lehet\u0151s\u00e9g\u00e9t &#8211; manaps\u00e1g <a href=\"http:\/\/www.onlinelotto365.com\">online lott\u00f3szelv\u00e9nyeket is v\u00e1s\u00e1rolhatsz a lak\u00f3helyed szerinti orsz\u00e1gon k\u00edv\u00fcl!<\/a><\/p>\n<p>Egy m\u00e1sik fontos szempont, amelyet figyelembe kell venni az online kaszin\u00f3j\u00e1t\u00e9kok kiv\u00e1laszt\u00e1sakor, az a meghat\u00e1roz\u00e1s, hogy mely kaszin\u00f3k k\u00edn\u00e1lj\u00e1k a legmagasabb kifizet\u00e9st. Mint minden v\u00e1llalkoz\u00e1s eset\u00e9ben, a rezsik\u00f6lts\u00e9gek befoly\u00e1solj\u00e1k a v\u00e9geredm\u00e9nyt, \u00e9s egy online kaszin\u00f3j\u00e1t\u00e9knak biztosan kevesebb k\u00f6lts\u00e9ge van, mint egy olyan kaszin\u00f3nak, amely a Vegas Stripen tal\u00e1lhat\u00f3! Mindenk\u00e9ppen n\u00e9zd meg, hogy melyik online kaszin\u00f3j\u00e1t\u00e9k k\u00edn\u00e1l \u00d6nnek megfelel\u0151 kifizet\u00e9si sz\u00e1zal\u00e9kot. Ne feledd, hogy amikor online kaszin\u00f3j\u00e1t\u00e9kokat keresel, a bonyolultabb j\u00e1t\u00e9kok, mint p\u00e9ld\u00e1ul a k\u00e1rtyaj\u00e1t\u00e9kok \u00e9s m\u00e1s asztali j\u00e1t\u00e9kok, magasabb kifizet\u00e9st biztos\u00edtanak, mint a n\u00e9pszer\u0171 nyer\u0151g\u00e9pes j\u00e1t\u00e9kok.<\/p>\n<p>V\u00e9g\u00fcl gy\u0151z\u0151dj meg r\u00f3la, hogy az online kaszin\u00f3v\u00e1laszt\u00e1sod rendelkezik enged\u00e9llyel, hogy jogilag \u00e9s anyagilag is v\u00e9dve legy\u00e9l. Meger\u0151s\u00edtheted, hogy a v\u00e1laszt\u00e1sod regisztr\u00e1lva van, ha r\u00e1keresel a nev\u00fckre egy online joghat\u00f3s\u00e1gn\u00e1l, az \u00fagynevezett szerencsej\u00e1t\u00e9k-bizotts\u00e1gn\u00e1l. A legjobb, ha elker\u00fcl\u00f6d az olyan oldalakon val\u00f3 j\u00e1t\u00e9kot, amelyek nem rendelkeznek enged\u00e9lyinform\u00e1ci\u00f3kkal.<\/p>\n<p>Fontold meg ezeket a hasznos tippeket online kaszin\u00f3 kiv\u00e1laszt\u00e1sakor, \u00e9s k\u00e9sz\u00fclj fel egy izgalmas online j\u00e1t\u00e9k\u00e9lm\u00e9nyre!<\/p>\n","protected":false},"excerpt":{"rendered":"<p>Jobb online kaszin\u00f3j\u00e1t\u00e9k-v\u00e1laszt\u00e9k A 2500 online kaszin\u00f3j\u00e1t\u00e9k-oldal k\u00f6z\u00fcl v\u00e1laszthatva fontos figyelembe venni, hogy mi a legfontosabb \u00d6nnek, a fogyaszt\u00f3nak, amikor [&hellip;]<\/p>\n","protected":false},"author":1,"featured_media":0,"parent":0,"menu_order":0,"comment_status":"closed","ping_status":"closed","template":"","meta":{"site-sidebar-layout":"default","site-content-layout":"","ast-site-content-layout":"default","site-content-style":"default","site-sidebar-style":"default","ast-global-header-display":"","ast-banner-title-visibility":"","ast-main-header-display":"","ast-hfb-above-header-display":"","ast-hfb-below-header-display":"","ast-hfb-mobile-header-display":"","site-post-title":"","ast-breadcrumbs-content":"","ast-featured-img":"","footer-sml-layout":"","theme-transparent-header-meta":"","adv-header-id-meta":"","stick-header-meta":"","header-above-stick-meta":"","header-main-stick-meta":"","header-below-stick-meta":"","astra-migrate-meta-layouts":"default","ast-page-background-enabled":"default","ast-page-background-meta":{"desktop":{"background-color":"var(--ast-global-color-5)","background-image":"","background-repeat":"repeat","background-position":"center center","background-size":"auto","background-attachment":"scroll","background-type":"","background-media":"","overlay-type":"","overlay-color":"","overlay-opacity":"","overlay-gradient":""},"tablet":{"background-color":"","background-image":"","background-repeat":"repeat","background-position":"center center","background-size":"auto","background-attachment":"scroll","background-type":"","background-media":"","overlay-type":"","overlay-color":"","overlay-opacity":"","overlay-gradient":""},"mobile":{"background-color":"","background-image":"","background-repeat":"repeat","background-position":"center center","background-size":"auto","background-attachment":"scroll","background-type":"","background-media":"","overlay-type":"","overlay-color":"","overlay-opacity":"","overlay-gradient":""}},"ast-content-background-meta":{"desktop":{"background-color":"var(--ast-global-color-4)","background-image":"","background-repeat":"repeat","background-position":"center center","background-size":"auto","background-attachment":"scroll","background-type":"","background-media":"","overlay-type":"","overlay-color":"","overlay-opacity":"","overlay-gradient":""},"tablet":{"background-color":"var(--ast-global-color-4)","background-image":"","background-repeat":"repeat","background-position":"center center","background-size":"auto","background-attachment":"scroll","background-type":"","background-media":"","overlay-type":"","overlay-color":"","overlay-opacity":"","overlay-gradient":""},"mobile":{"background-color":"var(--ast-global-color-4)","background-image":"","background-repeat":"repeat","background-position":"center center","background-size":"auto","background-attachment":"scroll","background-type":"","background-media":"","overlay-type":"","overlay-color":"","overlay-opacity":"","overlay-gradient":""}},"footnotes":""},"class_list":["post-185","page","type-page","status-publish","hentry"],"yoast_head":"<!-- This site is optimized with the Yoast SEO plugin v26.0 - https:\/\/yoast.com\/wordpress\/plugins\/seo\/ -->\n<title>Jobb online kaszin\u00f3j\u00e1t\u00e9k-v\u00e1laszt\u00e9k<\/title>\n<meta name=\"robots\" content=\"index, follow, max-snippet:-1, max-image-preview:large, max-video-preview:-1\" \/>\n<link rel=\"canonical\" href=\"https:\/\/www.casinoonline365.net\/hu\/\" \/>\n<meta property=\"og:locale\" content=\"hu_HU\" \/>\n<meta property=\"og:type\" content=\"article\" \/>\n<meta property=\"og:title\" content=\"Jobb online kaszin\u00f3j\u00e1t\u00e9k-v\u00e1laszt\u00e9k\" \/>\n<meta property=\"og:description\" content=\"Jobb online kaszin\u00f3j\u00e1t\u00e9k-v\u00e1laszt\u00e9k A 2500 online kaszin\u00f3j\u00e1t\u00e9k-oldal k\u00f6z\u00fcl v\u00e1laszthatva fontos figyelembe venni, hogy mi a legfontosabb \u00d6nnek, a fogyaszt\u00f3nak, amikor [&hellip;]\" \/>\n<meta property=\"og:url\" content=\"https:\/\/www.casinoonline365.net\/hu\/\" \/>\n<meta property=\"og:site_name\" content=\"My blog\" \/>\n<meta name=\"twitter:card\" content=\"summary_large_image\" \/>\n<meta name=\"twitter:label1\" content=\"Becs\u00fclt olvas\u00e1si id\u0151\" \/>\n\t<meta name=\"twitter:data1\" content=\"3 perc\" \/>\n<script type=\"application\/ld+json\" class=\"yoast-schema-graph\">{\"@context\":\"https:\/\/schema.org\",\"@graph\":[{\"@type\":\"WebPage\",\"@id\":\"https:\/\/www.casinoonline365.net\/hu\/\",\"url\":\"https:\/\/www.casinoonline365.net\/hu\/\",\"name\":\"Jobb online kaszin\u00f3j\u00e1t\u00e9k-v\u00e1laszt\u00e9k\",\"isPartOf\":{\"@id\":\"https:\/\/www.casinoonline365.net\/hu\/#website\"},\"datePublished\":\"2025-07-18T17:24:24+00:00\",\"breadcrumb\":{\"@id\":\"https:\/\/www.casinoonline365.net\/hu\/#breadcrumb\"},\"inLanguage\":\"hu\",\"potentialAction\":[{\"@type\":\"ReadAction\",\"target\":[\"https:\/\/www.casinoonline365.net\/hu\/\"]}]},{\"@type\":\"BreadcrumbList\",\"@id\":\"https:\/\/www.casinoonline365.net\/hu\/#breadcrumb\",\"itemListElement\":[{\"@type\":\"ListItem\",\"position\":1,\"name\":\"Home\",\"item\":\"https:\/\/www.casinoonline365.net\/hu\/\"},{\"@type\":\"ListItem\",\"position\":2,\"name\":\"Otthon\"}]},{\"@type\":\"WebSite\",\"@id\":\"https:\/\/www.casinoonline365.net\/hu\/#website\",\"url\":\"https:\/\/www.casinoonline365.net\/hu\/\",\"name\":\"My blog\",\"description\":\"Just another WordPress site\",\"potentialAction\":[{\"@type\":\"SearchAction\",\"target\":{\"@type\":\"EntryPoint\",\"urlTemplate\":\"https:\/\/www.casinoonline365.net\/hu\/?s={search_term_string}\"},\"query-input\":{\"@type\":\"PropertyValueSpecification\",\"valueRequired\":true,\"valueName\":\"search_term_string\"}}],\"inLanguage\":\"hu\"}]}<\/script>\n<!-- \/ Yoast SEO plugin. -->","yoast_head_json":{"title":"Jobb online kaszin\u00f3j\u00e1t\u00e9k-v\u00e1laszt\u00e9k","robots":{"index":"index","follow":"follow","max-snippet":"max-snippet:-1","max-image-preview":"max-image-preview:large","max-video-preview":"max-video-preview:-1"},"canonical":"https:\/\/www.casinoonline365.net\/hu\/","og_locale":"hu_HU","og_type":"article","og_title":"Jobb online kaszin\u00f3j\u00e1t\u00e9k-v\u00e1laszt\u00e9k","og_description":"Jobb online kaszin\u00f3j\u00e1t\u00e9k-v\u00e1laszt\u00e9k A 2500 online kaszin\u00f3j\u00e1t\u00e9k-oldal k\u00f6z\u00fcl v\u00e1laszthatva fontos figyelembe venni, hogy mi a legfontosabb \u00d6nnek, a fogyaszt\u00f3nak, amikor [&hellip;]","og_url":"https:\/\/www.casinoonline365.net\/hu\/","og_site_name":"My blog","twitter_card":"summary_large_image","twitter_misc":{"Becs\u00fclt olvas\u00e1si id\u0151":"3 perc"},"schema":{"@context":"https:\/\/schema.org","@graph":[{"@type":"WebPage","@id":"https:\/\/www.casinoonline365.net\/hu\/","url":"https:\/\/www.casinoonline365.net\/hu\/","name":"Jobb online kaszin\u00f3j\u00e1t\u00e9k-v\u00e1laszt\u00e9k","isPartOf":{"@id":"https:\/\/www.casinoonline365.net\/hu\/#website"},"datePublished":"2025-07-18T17:24:24+00:00","breadcrumb":{"@id":"https:\/\/www.casinoonline365.net\/hu\/#breadcrumb"},"inLanguage":"hu","potentialAction":[{"@type":"ReadAction","target":["https:\/\/www.casinoonline365.net\/hu\/"]}]},{"@type":"BreadcrumbList","@id":"https:\/\/www.casinoonline365.net\/hu\/#breadcrumb","itemListElement":[{"@type":"ListItem","position":1,"name":"Home","item":"https:\/\/www.casinoonline365.net\/hu\/"},{"@type":"ListItem","position":2,"name":"Otthon"}]},{"@type":"WebSite","@id":"https:\/\/www.casinoonline365.net\/hu\/#website","url":"https:\/\/www.casinoonline365.net\/hu\/","name":"My blog","description":"Just another WordPress site","potentialAction":[{"@type":"SearchAction","target":{"@type":"EntryPoint","urlTemplate":"https:\/\/www.casinoonline365.net\/hu\/?s={search_term_string}"},"query-input":{"@type":"PropertyValueSpecification","valueRequired":true,"valueName":"search_term_string"}}],"inLanguage":"hu"}]}},"_links":{"self":[{"href":"https:\/\/www.casinoonline365.net\/hu\/wp-json\/wp\/v2\/pages\/185","targetHints":{"allow":["GET"]}}],"collection":[{"href":"https:\/\/www.casinoonline365.net\/hu\/wp-json\/wp\/v2\/pages"}],"about":[{"href":"https:\/\/www.casinoonline365.net\/hu\/wp-json\/wp\/v2\/types\/page"}],"author":[{"embeddable":true,"href":"https:\/\/www.casinoonline365.net\/hu\/wp-json\/wp\/v2\/users\/1"}],"replies":[{"embeddable":true,"href":"https:\/\/www.casinoonline365.net\/hu\/wp-json\/wp\/v2\/comments?post=185"}],"version-history":[{"count":0,"href":"https:\/\/www.casinoonline365.net\/hu\/wp-json\/wp\/v2\/pages\/185\/revisions"}],"wp:attachment":[{"href":"https:\/\/www.casinoonline365.net\/hu\/wp-json\/wp\/v2\/media?parent=185"}],"curies":[{"name":"wp","href":"https:\/\/api.w.org\/{rel}","templated":true}]}}