{"id":32,"date":"2025-07-18T17:24:24","date_gmt":"2025-07-18T17:24:24","guid":{"rendered":"https:\/\/www.casinoonline365.net\/casa\/"},"modified":"2025-07-18T17:24:24","modified_gmt":"2025-07-18T17:24:24","slug":"casa","status":"publish","type":"page","link":"https:\/\/www.casinoonline365.net\/it\/","title":{"rendered":"Casa"},"content":{"rendered":"<h1>Una migliore scelta di giochi da casin\u00f2 online<\/h1>\n<p>Con 2.500 siti di gioco da casin\u00f2 online tra cui scegliere, \u00e8 importante considerare ci\u00f2 che conta di pi\u00f9 per te, il consumatore, quando scegli un sito. Privacy, commissioni di gioco, sicurezza online e facilit\u00e0 d&#8217;uso di un sito web sembrano essere i fattori pi\u00f9 importanti nella <a href=\"http:\/\/www.gambling6.com\" target=\"_blank\" rel=\"noopener noreferrer\">scelta di giochi da casin\u00f2 online.<\/a><\/p>\n<p>Allo stesso modo in cui un consumatore effettua ricerche per scegliere un&#8217;auto, esistono siti web che possono aiutarti a scegliere il tuo gioco da casin\u00f2 online. Oltre a scegliere il tuo sito di gioco da casin\u00f2 online, puoi restringere ulteriormente la ricerca decidendo quale dei quasi 400 giochi da casin\u00f2 online \u00e8 possibile scegliere, inclusi Craps, Blackjack e Roulette.<\/p>\n<p>Il gioco \u00e8 tutto incentrato sul premio e un&#8217;altra considerazione importante nella scelta dei giochi da casin\u00f2 online \u00e8 il modo in cui si paga per giocare. Le regole variano e anche la scelta della carta di credito per finanziare il tuo gioco da casin\u00f2 online fa la differenza; ad esempio, la carta di credito del marchio American Express sembra essere la scelta preferita tra i siti di casin\u00f2, perch\u00e9 questa societ\u00e0 di carte di credito \u00e8 severamente regolamentata, il che offre a te, il consumatore, un&#8217;esperienza di gioco da casin\u00f2 online pi\u00f9 sicura.<\/p>\n<p>Oltre al brivido (e alla possibilit\u00e0 di evitare di respirare il fumo passivo) che i giochi da casin\u00f2 online hanno portato con s\u00e9, c&#8217;\u00e8 il brivido aggiuntivo del gioco &#8220;dal vivo&#8221;. La possibilit\u00e0 di sperimentare il gioco in streaming video \u00e8 probabilmente il segmento in pi\u00f9 rapida crescita dei giochi da casin\u00f2 online, e i casin\u00f2 che offrono questa entusiasmante componente nei giochi da casin\u00f2 online supereranno sicuramente la concorrenza.<\/p>\n<p>Se il tuo obiettivo \u00e8 vincere un sacco di soldi, potresti prendere in considerazione l&#8217;opzione dei <a href=\"https:\/\/www.jackpotlotteryonline.com\/powerball-megamillions-from-uk\">jackpot delle lotterie mondiali<\/a>: al giorno d&#8217;oggi, puoi <a href=\"http:\/\/www.onlinelotto365.com\">acquistare biglietti online per lotterie al di fuori del tuo paese di residenza!<\/a><\/p>\n<p>Un altro fattore importante da considerare nella scelta dei giochi da casin\u00f2 online \u00e8 determinare quali casin\u00f2 offrono le vincite pi\u00f9 alte. Come per qualsiasi attivit\u00e0, i costi generali incidono sul risultato finale, e un gioco da casin\u00f2 online avr\u00e0 sicuramente costi inferiori rispetto a un casin\u00f2 che si trova sulla Strip di Las Vegas! Assicurati di verificare quale gioco da casin\u00f2 online ti offra una percentuale di vincita adatta alle tue esigenze. Tieni presente che quando prendi in considerazione i giochi da casin\u00f2 online, i giochi pi\u00f9 complessi, come le carte e altri giochi da tavolo, offriranno vincite pi\u00f9 elevate rispetto alle popolarissime slot machine.<\/p>\n<p>Infine, assicurati che il casin\u00f2 online che hai scelto sia autorizzato, in modo da essere tutelato legalmente e finanziariamente. Puoi verificare che il tuo casin\u00f2 sia registrato cercando il suo nome presso una giurisdizione online, nota come commissione per il gioco d&#8217;azzardo. \u00c8 meglio evitare di giocare con un sito che non dispone di informazioni sulla licenza.<\/p>\n<p>Considera questi utili consigli quando scegli un casin\u00f2 online e preparati a vivere un&#8217;esperienza di gioco online emozionante!<\/p>\n","protected":false},"excerpt":{"rendered":"<p>Una migliore scelta di giochi da casin\u00f2 online Con 2.500 siti di gioco da casin\u00f2 online tra cui scegliere, \u00e8 [&hellip;]<\/p>\n","protected":false},"author":1,"featured_media":0,"parent":0,"menu_order":0,"comment_status":"closed","ping_status":"closed","template":"","meta":{"site-sidebar-layout":"default","site-content-layout":"","ast-site-content-layout":"default","site-content-style":"default","site-sidebar-style":"default","ast-global-header-display":"","ast-banner-title-visibility":"","ast-main-header-display":"","ast-hfb-above-header-display":"","ast-hfb-below-header-display":"","ast-hfb-mobile-header-display":"","site-post-title":"","ast-breadcrumbs-content":"","ast-featured-img":"","footer-sml-layout":"","theme-transparent-header-meta":"","adv-header-id-meta":"","stick-header-meta":"","header-above-stick-meta":"","header-main-stick-meta":"","header-below-stick-meta":"","astra-migrate-meta-layouts":"default","ast-page-background-enabled":"default","ast-page-background-meta":{"desktop":{"background-color":"var(--ast-global-color-5)","background-image":"","background-repeat":"repeat","background-position":"center center","background-size":"auto","background-attachment":"scroll","background-type":"","background-media":"","overlay-type":"","overlay-color":"","overlay-opacity":"","overlay-gradient":""},"tablet":{"background-color":"","background-image":"","background-repeat":"repeat","background-position":"center center","background-size":"auto","background-attachment":"scroll","background-type":"","background-media":"","overlay-type":"","overlay-color":"","overlay-opacity":"","overlay-gradient":""},"mobile":{"background-color":"","background-image":"","background-repeat":"repeat","background-position":"center center","background-size":"auto","background-attachment":"scroll","background-type":"","background-media":"","overlay-type":"","overlay-color":"","overlay-opacity":"","overlay-gradient":""}},"ast-content-background-meta":{"desktop":{"background-color":"var(--ast-global-color-4)","background-image":"","background-repeat":"repeat","background-position":"center center","background-size":"auto","background-attachment":"scroll","background-type":"","background-media":"","overlay-type":"","overlay-color":"","overlay-opacity":"","overlay-gradient":""},"tablet":{"background-color":"var(--ast-global-color-4)","background-image":"","background-repeat":"repeat","background-position":"center center","background-size":"auto","background-attachment":"scroll","background-type":"","background-media":"","overlay-type":"","overlay-color":"","overlay-opacity":"","overlay-gradient":""},"mobile":{"background-color":"var(--ast-global-color-4)","background-image":"","background-repeat":"repeat","background-position":"center center","background-size":"auto","background-attachment":"scroll","background-type":"","background-media":"","overlay-type":"","overlay-color":"","overlay-opacity":"","overlay-gradient":""}},"footnotes":""},"class_list":["post-32","page","type-page","status-publish","hentry"],"yoast_head":"<!-- This site is optimized with the Yoast SEO plugin v26.0 - https:\/\/yoast.com\/wordpress\/plugins\/seo\/ -->\n<title>Migliore scelta di giochi da casin\u00f2 online<\/title>\n<meta name=\"robots\" content=\"index, follow, max-snippet:-1, max-image-preview:large, max-video-preview:-1\" \/>\n<link rel=\"canonical\" href=\"https:\/\/www.casinoonline365.net\/it\/\" \/>\n<meta property=\"og:locale\" content=\"it_IT\" \/>\n<meta property=\"og:type\" content=\"article\" \/>\n<meta property=\"og:title\" content=\"Migliore scelta di giochi da casin\u00f2 online\" \/>\n<meta property=\"og:description\" content=\"Una migliore scelta di giochi da casin\u00f2 online Con 2.500 siti di gioco da casin\u00f2 online tra cui scegliere, \u00e8 [&hellip;]\" \/>\n<meta property=\"og:url\" content=\"https:\/\/www.casinoonline365.net\/it\/\" \/>\n<meta property=\"og:site_name\" content=\"My blog\" \/>\n<meta name=\"twitter:card\" content=\"summary_large_image\" \/>\n<meta name=\"twitter:label1\" content=\"Tempo di lettura stimato\" \/>\n\t<meta name=\"twitter:data1\" content=\"2 minuti\" \/>\n<script type=\"application\/ld+json\" class=\"yoast-schema-graph\">{\"@context\":\"https:\/\/schema.org\",\"@graph\":[{\"@type\":\"WebPage\",\"@id\":\"https:\/\/www.casinoonline365.net\/it\/\",\"url\":\"https:\/\/www.casinoonline365.net\/it\/\",\"name\":\"Migliore scelta di giochi da casin\u00f2 online\",\"isPartOf\":{\"@id\":\"https:\/\/www.casinoonline365.net\/it\/#website\"},\"datePublished\":\"2025-07-18T17:24:24+00:00\",\"breadcrumb\":{\"@id\":\"https:\/\/www.casinoonline365.net\/it\/#breadcrumb\"},\"inLanguage\":\"it-IT\",\"potentialAction\":[{\"@type\":\"ReadAction\",\"target\":[\"https:\/\/www.casinoonline365.net\/it\/\"]}]},{\"@type\":\"BreadcrumbList\",\"@id\":\"https:\/\/www.casinoonline365.net\/it\/#breadcrumb\",\"itemListElement\":[{\"@type\":\"ListItem\",\"position\":1,\"name\":\"Home\",\"item\":\"https:\/\/www.casinoonline365.net\/it\/\"},{\"@type\":\"ListItem\",\"position\":2,\"name\":\"Casa\"}]},{\"@type\":\"WebSite\",\"@id\":\"https:\/\/www.casinoonline365.net\/it\/#website\",\"url\":\"https:\/\/www.casinoonline365.net\/it\/\",\"name\":\"My blog\",\"description\":\"Just another WordPress site\",\"potentialAction\":[{\"@type\":\"SearchAction\",\"target\":{\"@type\":\"EntryPoint\",\"urlTemplate\":\"https:\/\/www.casinoonline365.net\/it\/?s={search_term_string}\"},\"query-input\":{\"@type\":\"PropertyValueSpecification\",\"valueRequired\":true,\"valueName\":\"search_term_string\"}}],\"inLanguage\":\"it-IT\"}]}<\/script>\n<!-- \/ Yoast SEO plugin. -->","yoast_head_json":{"title":"Migliore scelta di giochi da casin\u00f2 online","robots":{"index":"index","follow":"follow","max-snippet":"max-snippet:-1","max-image-preview":"max-image-preview:large","max-video-preview":"max-video-preview:-1"},"canonical":"https:\/\/www.casinoonline365.net\/it\/","og_locale":"it_IT","og_type":"article","og_title":"Migliore scelta di giochi da casin\u00f2 online","og_description":"Una migliore scelta di giochi da casin\u00f2 online Con 2.500 siti di gioco da casin\u00f2 online tra cui scegliere, \u00e8 [&hellip;]","og_url":"https:\/\/www.casinoonline365.net\/it\/","og_site_name":"My blog","twitter_card":"summary_large_image","twitter_misc":{"Tempo di lettura stimato":"2 minuti"},"schema":{"@context":"https:\/\/schema.org","@graph":[{"@type":"WebPage","@id":"https:\/\/www.casinoonline365.net\/it\/","url":"https:\/\/www.casinoonline365.net\/it\/","name":"Migliore scelta di giochi da casin\u00f2 online","isPartOf":{"@id":"https:\/\/www.casinoonline365.net\/it\/#website"},"datePublished":"2025-07-18T17:24:24+00:00","breadcrumb":{"@id":"https:\/\/www.casinoonline365.net\/it\/#breadcrumb"},"inLanguage":"it-IT","potentialAction":[{"@type":"ReadAction","target":["https:\/\/www.casinoonline365.net\/it\/"]}]},{"@type":"BreadcrumbList","@id":"https:\/\/www.casinoonline365.net\/it\/#breadcrumb","itemListElement":[{"@type":"ListItem","position":1,"name":"Home","item":"https:\/\/www.casinoonline365.net\/it\/"},{"@type":"ListItem","position":2,"name":"Casa"}]},{"@type":"WebSite","@id":"https:\/\/www.casinoonline365.net\/it\/#website","url":"https:\/\/www.casinoonline365.net\/it\/","name":"My blog","description":"Just another WordPress site","potentialAction":[{"@type":"SearchAction","target":{"@type":"EntryPoint","urlTemplate":"https:\/\/www.casinoonline365.net\/it\/?s={search_term_string}"},"query-input":{"@type":"PropertyValueSpecification","valueRequired":true,"valueName":"search_term_string"}}],"inLanguage":"it-IT"}]}},"_links":{"self":[{"href":"https:\/\/www.casinoonline365.net\/it\/wp-json\/wp\/v2\/pages\/32","targetHints":{"allow":["GET"]}}],"collection":[{"href":"https:\/\/www.casinoonline365.net\/it\/wp-json\/wp\/v2\/pages"}],"about":[{"href":"https:\/\/www.casinoonline365.net\/it\/wp-json\/wp\/v2\/types\/page"}],"author":[{"embeddable":true,"href":"https:\/\/www.casinoonline365.net\/it\/wp-json\/wp\/v2\/users\/1"}],"replies":[{"embeddable":true,"href":"https:\/\/www.casinoonline365.net\/it\/wp-json\/wp\/v2\/comments?post=32"}],"version-history":[{"count":0,"href":"https:\/\/www.casinoonline365.net\/it\/wp-json\/wp\/v2\/pages\/32\/revisions"}],"wp:attachment":[{"href":"https:\/\/www.casinoonline365.net\/it\/wp-json\/wp\/v2\/media?parent=32"}],"curies":[{"name":"wp","href":"https:\/\/api.w.org\/{rel}","templated":true}]}}