{"id":189,"date":"2025-07-18T17:24:24","date_gmt":"2025-07-18T17:24:24","guid":{"rendered":"https:\/\/www.casinoonline365.net\/pradzia\/"},"modified":"2025-07-18T17:24:24","modified_gmt":"2025-07-18T17:24:24","slug":"pradzia","status":"publish","type":"page","link":"https:\/\/www.casinoonline365.net\/lt\/","title":{"rendered":"Prad\u017eia"},"content":{"rendered":"<h1>Geresnis internetini\u0173 kazino \u017eaidim\u0173 pasirinkimas<\/h1>\n<p>Turint 2500 internetini\u0173 kazino \u017eaidim\u0173 svetaini\u0173, svarbu atsi\u017evelgti \u012f tai, kas jums, vartotojui, svarbiausia renkantis svetain\u0119. Privatumas, \u017eaidim\u0173 mokes\u010diai, saugumas internete ir svetain\u0117s naudojimo paprastumas atrodo svarbiausi veiksniai, kai <a href=\"http:\/\/www.gambling6.com\" target=\"_blank\" rel=\"noopener noreferrer\">renkamas internetinis kazino \u017eaidimas.<\/a><\/p>\n<p>Lygiai taip pat, kaip vartotojas atlieka tyrimus rinkdamasis automobil\u012f, yra svetaini\u0173, kurios gali pad\u0117ti jums i\u0161sirinkti internetin\u012f kazino \u017eaidim\u0105. Be internetinio kazino \u017eaidim\u0173 svetain\u0117s pasirinkimo, galite dar labiau susiaurinti paie\u0161k\u0105, nuspr\u0119sdami, kur\u012f i\u0161 beveik 400 internetini\u0173 kazino \u017eaidim\u0173 galite rinktis, \u012fskaitant kauliukus, blekd\u017eek\u0105 ir rulet\u0119.<\/p>\n<p>Lo\u0161imas yra apie priz\u0105, o dar vienas svarbus aspektas renkantis internetinius kazino \u017eaidimus yra tai, kaip mokate u\u017e \u017eaidim\u0105. Taisykl\u0117s skiriasi, ir net pasirinkta kreditin\u0117 kortel\u0117, kuria finansuojate savo internetinio kazino \u017eaidimus, turi \u012ftakos; pavyzd\u017eiui, \u201eAmerican Express\u201c prek\u0117s \u017eenklo kreditin\u0117 kortel\u0117, atrodo, yra m\u0117gstamiausias pasirinkimas tarp kazino svetaini\u0173, nes \u0161i kreditini\u0173 korteli\u0173 bendrov\u0117 yra grie\u017etai reguliuojama, o tai suteikia jums, vartotojui, saugesn\u0119 internetinio kazino \u017eaidim\u0173 patirt\u012f.<\/p>\n<p>Be jaudulio (ir galimyb\u0117s i\u0161vengti pasyvaus r\u016bkymo), kur\u012f suteikia internetiniai kazino \u017eaidimai, yra ir papildomo jaudulio, kur\u012f suteikia \u201egyvi\u201c \u017eaidimai. Galimyb\u0117 m\u0117gautis \u017eaidimais tokiu vaizdo transliacijos b\u016bdu yra bene spar\u010diausiai augantis internetini\u0173 kazino \u017eaidim\u0173 segmentas, o kazino, si\u016blantys \u0161\u012f \u012fdom\u0173 internetini\u0173 kazino \u017eaidim\u0173 komponent\u0105, tikrai pralenks savo konkurentus.<\/p>\n<p>Jei siekiate laim\u0117ti didelius pinigus, galite apsvarstyti <a href=\"https:\/\/www.jackpotlotteryonline.com\/powerball-megamillions-from-uk\">pasaulini\u0173 loterij\u0173 jackpot\u0173<\/a> galimyb\u0119 \u2013 \u0161iais laikais galite <a href=\"http:\/\/www.onlinelotto365.com\">\u012fsigyti loterij\u0173 bilietus internetu ne savo gyvenamojoje \u0161alyje!<\/a><\/p>\n<p>Kitas svarbus veiksnys, \u012f kur\u012f reikia atsi\u017evelgti renkantis internetinius kazino \u017eaidimus, yra tai, kurie kazino si\u016blo did\u017eiausi\u0105 i\u0161mok\u0105. Kaip ir bet kurio verslo atveju, prid\u0117tin\u0117s i\u0161laidos turi \u012ftakos pelnui, o internetinis kazino \u017eaidimas tikrai tur\u0117s ma\u017eiau i\u0161laid\u0173 nei kazino, esantis Las Vegaso bulvare! B\u016btinai i\u0161siai\u0161kinkite, kuris internetinis kazino \u017eaidimas suteiks jums tinkam\u0105 i\u0161mokos procent\u0105. Tur\u0117kite omenyje, kad kai svarstote apie internetinius kazino \u017eaidimus, labiau \u012ftraukiantys \u017eaidimai, tokie kaip kort\u0173 ir kiti stalo \u017eaidimai, bus i\u0161mok\u0117ti didesni nei vis populiaresni lo\u0161imo automatai.<\/p>\n<p>Galiausiai, b\u016btinai patikrinkite, ar j\u016bs\u0173 pasirinktas internetinis kazino turi licencij\u0105, kad b\u016btum\u0117te teisi\u0161kai ir finansi\u0161kai apsaugoti. Galite patvirtinti, kad j\u016bs\u0173 pasirinkimas yra registruotas, atlikdami paie\u0161k\u0105 internetin\u0117je jurisdikcijoje, vadinamoje lo\u0161im\u0173 komisija. Geriausia vengti lo\u0161im\u0173 svetain\u0117je, kuri neturi licencijavimo informacijos.<\/p>\n<p>Rinkdamiesi internetin\u012f kazino, atsi\u017evelkite \u012f \u0161iuos naudingus patarimus ir pasiruo\u0161kite jaudinan\u010diai internetini\u0173 \u017eaidim\u0173 patir\u010diai!<\/p>\n","protected":false},"excerpt":{"rendered":"<p>Geresnis internetini\u0173 kazino \u017eaidim\u0173 pasirinkimas Turint 2500 internetini\u0173 kazino \u017eaidim\u0173 svetaini\u0173, svarbu atsi\u017evelgti \u012f tai, kas jums, vartotojui, svarbiausia renkantis [&hellip;]<\/p>\n","protected":false},"author":1,"featured_media":0,"parent":0,"menu_order":0,"comment_status":"closed","ping_status":"closed","template":"","meta":{"site-sidebar-layout":"default","site-content-layout":"","ast-site-content-layout":"default","site-content-style":"default","site-sidebar-style":"default","ast-global-header-display":"","ast-banner-title-visibility":"","ast-main-header-display":"","ast-hfb-above-header-display":"","ast-hfb-below-header-display":"","ast-hfb-mobile-header-display":"","site-post-title":"","ast-breadcrumbs-content":"","ast-featured-img":"","footer-sml-layout":"","theme-transparent-header-meta":"","adv-header-id-meta":"","stick-header-meta":"","header-above-stick-meta":"","header-main-stick-meta":"","header-below-stick-meta":"","astra-migrate-meta-layouts":"default","ast-page-background-enabled":"default","ast-page-background-meta":{"desktop":{"background-color":"var(--ast-global-color-5)","background-image":"","background-repeat":"repeat","background-position":"center center","background-size":"auto","background-attachment":"scroll","background-type":"","background-media":"","overlay-type":"","overlay-color":"","overlay-opacity":"","overlay-gradient":""},"tablet":{"background-color":"","background-image":"","background-repeat":"repeat","background-position":"center center","background-size":"auto","background-attachment":"scroll","background-type":"","background-media":"","overlay-type":"","overlay-color":"","overlay-opacity":"","overlay-gradient":""},"mobile":{"background-color":"","background-image":"","background-repeat":"repeat","background-position":"center center","background-size":"auto","background-attachment":"scroll","background-type":"","background-media":"","overlay-type":"","overlay-color":"","overlay-opacity":"","overlay-gradient":""}},"ast-content-background-meta":{"desktop":{"background-color":"var(--ast-global-color-4)","background-image":"","background-repeat":"repeat","background-position":"center center","background-size":"auto","background-attachment":"scroll","background-type":"","background-media":"","overlay-type":"","overlay-color":"","overlay-opacity":"","overlay-gradient":""},"tablet":{"background-color":"var(--ast-global-color-4)","background-image":"","background-repeat":"repeat","background-position":"center center","background-size":"auto","background-attachment":"scroll","background-type":"","background-media":"","overlay-type":"","overlay-color":"","overlay-opacity":"","overlay-gradient":""},"mobile":{"background-color":"var(--ast-global-color-4)","background-image":"","background-repeat":"repeat","background-position":"center center","background-size":"auto","background-attachment":"scroll","background-type":"","background-media":"","overlay-type":"","overlay-color":"","overlay-opacity":"","overlay-gradient":""}},"footnotes":""},"class_list":["post-189","page","type-page","status-publish","hentry"],"yoast_head":"<!-- This site is optimized with the Yoast SEO plugin v26.0 - https:\/\/yoast.com\/wordpress\/plugins\/seo\/ -->\n<title>Geresnis internetini\u0173 kazino \u017eaidim\u0173 pasirinkimas<\/title>\n<meta name=\"robots\" content=\"index, follow, max-snippet:-1, max-image-preview:large, max-video-preview:-1\" \/>\n<link rel=\"canonical\" href=\"https:\/\/www.casinoonline365.net\/lt\/\" \/>\n<meta property=\"og:locale\" content=\"lt_LT\" \/>\n<meta property=\"og:type\" content=\"article\" \/>\n<meta property=\"og:title\" content=\"Geresnis internetini\u0173 kazino \u017eaidim\u0173 pasirinkimas\" \/>\n<meta property=\"og:description\" content=\"Geresnis internetini\u0173 kazino \u017eaidim\u0173 pasirinkimas Turint 2500 internetini\u0173 kazino \u017eaidim\u0173 svetaini\u0173, svarbu atsi\u017evelgti \u012f tai, kas jums, vartotojui, svarbiausia renkantis [&hellip;]\" \/>\n<meta property=\"og:url\" content=\"https:\/\/www.casinoonline365.net\/lt\/\" \/>\n<meta property=\"og:site_name\" content=\"My blog\" \/>\n<meta name=\"twitter:card\" content=\"summary_large_image\" \/>\n<meta name=\"twitter:label1\" content=\"Est. reading time\" \/>\n\t<meta name=\"twitter:data1\" content=\"2 minut\u0117s\" \/>\n<script type=\"application\/ld+json\" class=\"yoast-schema-graph\">{\"@context\":\"https:\/\/schema.org\",\"@graph\":[{\"@type\":\"WebPage\",\"@id\":\"https:\/\/www.casinoonline365.net\/lt\/\",\"url\":\"https:\/\/www.casinoonline365.net\/lt\/\",\"name\":\"Geresnis internetini\u0173 kazino \u017eaidim\u0173 pasirinkimas\",\"isPartOf\":{\"@id\":\"https:\/\/www.casinoonline365.net\/lt\/#website\"},\"datePublished\":\"2025-07-18T17:24:24+00:00\",\"breadcrumb\":{\"@id\":\"https:\/\/www.casinoonline365.net\/lt\/#breadcrumb\"},\"inLanguage\":\"lt-LT\",\"potentialAction\":[{\"@type\":\"ReadAction\",\"target\":[\"https:\/\/www.casinoonline365.net\/lt\/\"]}]},{\"@type\":\"BreadcrumbList\",\"@id\":\"https:\/\/www.casinoonline365.net\/lt\/#breadcrumb\",\"itemListElement\":[{\"@type\":\"ListItem\",\"position\":1,\"name\":\"Home\",\"item\":\"https:\/\/www.casinoonline365.net\/lt\/\"},{\"@type\":\"ListItem\",\"position\":2,\"name\":\"Prad\u017eia\"}]},{\"@type\":\"WebSite\",\"@id\":\"https:\/\/www.casinoonline365.net\/lt\/#website\",\"url\":\"https:\/\/www.casinoonline365.net\/lt\/\",\"name\":\"My blog\",\"description\":\"Just another WordPress site\",\"potentialAction\":[{\"@type\":\"SearchAction\",\"target\":{\"@type\":\"EntryPoint\",\"urlTemplate\":\"https:\/\/www.casinoonline365.net\/lt\/?s={search_term_string}\"},\"query-input\":{\"@type\":\"PropertyValueSpecification\",\"valueRequired\":true,\"valueName\":\"search_term_string\"}}],\"inLanguage\":\"lt-LT\"}]}<\/script>\n<!-- \/ Yoast SEO plugin. -->","yoast_head_json":{"title":"Geresnis internetini\u0173 kazino \u017eaidim\u0173 pasirinkimas","robots":{"index":"index","follow":"follow","max-snippet":"max-snippet:-1","max-image-preview":"max-image-preview:large","max-video-preview":"max-video-preview:-1"},"canonical":"https:\/\/www.casinoonline365.net\/lt\/","og_locale":"lt_LT","og_type":"article","og_title":"Geresnis internetini\u0173 kazino \u017eaidim\u0173 pasirinkimas","og_description":"Geresnis internetini\u0173 kazino \u017eaidim\u0173 pasirinkimas Turint 2500 internetini\u0173 kazino \u017eaidim\u0173 svetaini\u0173, svarbu atsi\u017evelgti \u012f tai, kas jums, vartotojui, svarbiausia renkantis [&hellip;]","og_url":"https:\/\/www.casinoonline365.net\/lt\/","og_site_name":"My blog","twitter_card":"summary_large_image","twitter_misc":{"Est. reading time":"2 minut\u0117s"},"schema":{"@context":"https:\/\/schema.org","@graph":[{"@type":"WebPage","@id":"https:\/\/www.casinoonline365.net\/lt\/","url":"https:\/\/www.casinoonline365.net\/lt\/","name":"Geresnis internetini\u0173 kazino \u017eaidim\u0173 pasirinkimas","isPartOf":{"@id":"https:\/\/www.casinoonline365.net\/lt\/#website"},"datePublished":"2025-07-18T17:24:24+00:00","breadcrumb":{"@id":"https:\/\/www.casinoonline365.net\/lt\/#breadcrumb"},"inLanguage":"lt-LT","potentialAction":[{"@type":"ReadAction","target":["https:\/\/www.casinoonline365.net\/lt\/"]}]},{"@type":"BreadcrumbList","@id":"https:\/\/www.casinoonline365.net\/lt\/#breadcrumb","itemListElement":[{"@type":"ListItem","position":1,"name":"Home","item":"https:\/\/www.casinoonline365.net\/lt\/"},{"@type":"ListItem","position":2,"name":"Prad\u017eia"}]},{"@type":"WebSite","@id":"https:\/\/www.casinoonline365.net\/lt\/#website","url":"https:\/\/www.casinoonline365.net\/lt\/","name":"My blog","description":"Just another WordPress site","potentialAction":[{"@type":"SearchAction","target":{"@type":"EntryPoint","urlTemplate":"https:\/\/www.casinoonline365.net\/lt\/?s={search_term_string}"},"query-input":{"@type":"PropertyValueSpecification","valueRequired":true,"valueName":"search_term_string"}}],"inLanguage":"lt-LT"}]}},"_links":{"self":[{"href":"https:\/\/www.casinoonline365.net\/lt\/wp-json\/wp\/v2\/pages\/189","targetHints":{"allow":["GET"]}}],"collection":[{"href":"https:\/\/www.casinoonline365.net\/lt\/wp-json\/wp\/v2\/pages"}],"about":[{"href":"https:\/\/www.casinoonline365.net\/lt\/wp-json\/wp\/v2\/types\/page"}],"author":[{"embeddable":true,"href":"https:\/\/www.casinoonline365.net\/lt\/wp-json\/wp\/v2\/users\/1"}],"replies":[{"embeddable":true,"href":"https:\/\/www.casinoonline365.net\/lt\/wp-json\/wp\/v2\/comments?post=189"}],"version-history":[{"count":0,"href":"https:\/\/www.casinoonline365.net\/lt\/wp-json\/wp\/v2\/pages\/189\/revisions"}],"wp:attachment":[{"href":"https:\/\/www.casinoonline365.net\/lt\/wp-json\/wp\/v2\/media?parent=189"}],"curies":[{"name":"wp","href":"https:\/\/api.w.org\/{rel}","templated":true}]}}