{"id":188,"date":"2025-07-18T17:24:24","date_gmt":"2025-07-18T17:24:24","guid":{"rendered":"https:\/\/www.casinoonline365.net\/sakums\/"},"modified":"2025-07-18T17:24:24","modified_gmt":"2025-07-18T17:24:24","slug":"sakums","status":"publish","type":"page","link":"https:\/\/www.casinoonline365.net\/lv\/","title":{"rendered":"S\u0101kums"},"content":{"rendered":"<h1>Lab\u0101ka tie\u0161saistes kazino sp\u0113\u013cu izv\u0113le<\/h1>\n<p>Izv\u0113loties vietni, ir svar\u012bgi \u0146emt v\u0113r\u0101 2500 tie\u0161saistes kazino sp\u0113\u013cu viet\u0146u, kas jums, pat\u0113r\u0113t\u0101jam, ir vissvar\u012bg\u0101kais. Konfidencialit\u0101te, sp\u0113\u013cu komisijas maksas, tie\u0161saistes dro\u0161\u012bba un vietnes lieto\u0161anas \u0113rtums \u0161\u0137iet vissvar\u012bg\u0101kie faktori, <a href=\"http:\/\/www.gambling6.com\" target=\"_blank\" rel=\"noopener noreferrer\">izv\u0113loties tie\u0161saistes kazino sp\u0113les.<\/a><\/p>\n<p>T\u0101pat k\u0101 pat\u0113r\u0113t\u0101js veic izp\u0113ti, izv\u0113loties automa\u0161\u012bnu, ir vietnes, kas pal\u012bdz jums izv\u0113l\u0113ties tie\u0161saistes kazino sp\u0113li. Papildus tie\u0161saistes kazino sp\u0113\u013cu vietnes izv\u0113lei varat v\u0113l vair\u0101k sa\u0161aurin\u0101t mekl\u0113\u0161anu, izv\u0113loties, kuru no gandr\u012bz 400 tie\u0161saistes kazino sp\u0113l\u0113m izv\u0113l\u0113ties, tostarp kauli\u0146u sp\u0113li (Craps), blekd\u017eeku un ruleti.<\/p>\n<p>Sp\u0113l\u0113\u0161an\u0101 galvenais ir balva, un v\u0113l viens svar\u012bgs apsv\u0113rums, izv\u0113loties tie\u0161saistes kazino sp\u0113les, ir tas, k\u0101 j\u016bs maks\u0101jat par sp\u0113l\u0113\u0161anu. Noteikumi at\u0161\u0137iras, un pat kred\u012btkartes izv\u0113le, ar kuru finans\u0113jat savas tie\u0161saistes kazino sp\u0113les, ir svar\u012bga; piem\u0113ram, American Express z\u012bmola kred\u012btkarte, \u0161\u0137iet, ir iecien\u012bta izv\u0113le kazino viet\u0146u vid\u016b, jo \u0161\u012b kred\u012btkar\u0161u komp\u0101nija ir stingri regul\u0113ta, kas pied\u0101v\u0101 jums, pat\u0113r\u0113t\u0101jam, dro\u0161\u0101ku tie\u0161saistes kazino sp\u0113\u013cu pieredzi.<\/p>\n<p>Papildus azartam (un iesp\u0113jai neieelpot pas\u012bvos d\u016bmus), ko rada tie\u0161saistes kazino sp\u0113les, past\u0101v ar\u012b papildu azarts, ko sniedz \u201cdz\u012bves\u201d sp\u0113les. Iesp\u0113ja izbaud\u012bt sp\u0113les \u0161aj\u0101 video straum\u0113\u0161anas iesp\u0113j\u0101, iesp\u0113jams, ir visstrauj\u0101k augo\u0161ais tie\u0161saistes kazino sp\u0113\u013cu segments, un kazino, kas pied\u0101v\u0101 \u0161o aizraujo\u0161o tie\u0161saistes kazino sp\u0113\u013cu komponentu, noteikti apsteigs savus konkurentus.<\/p>\n<p>Ja j\u016bsu m\u0113r\u0137is ir laim\u0113t lielu naudu, iesp\u0113jams, v\u0113l\u0113sities apsv\u0113rt iesp\u0113ju <a href=\"https:\/\/www.jackpotlotteryonline.com\/powerball-megamillions-from-uk\">pasaules loterijas d\u017eekpotus<\/a> \u2014 m\u016bsdien\u0101s j\u016bs varat <a href=\"http:\/\/www.onlinelotto365.com\">ieg\u0101d\u0101ties bi\u013cetes tie\u0161saist\u0113 loterij\u0101m \u0101rpus savas dz\u012bvesvietas valsts!<\/a><\/p>\n<p>V\u0113l viens svar\u012bgs faktors, kas j\u0101\u0146em v\u0113r\u0101, izv\u0113loties tie\u0161saistes kazino sp\u0113les, ir noteikt, kuri kazino pied\u0101v\u0101 visliel\u0101ko izmaksu. T\u0101pat k\u0101 jebkur\u0101 uz\u0146\u0113mum\u0101, pieskait\u0101m\u0101s izmaksas ietekm\u0113 pe\u013c\u0146u, un tie\u0161saistes kazino sp\u0113lei noteikti b\u016bs maz\u0101kas izmaksas nek\u0101 kazino, kas atrodas Lasvegasas bulv\u0101r\u012b! Noteikti izp\u0113tiet, kura tie\u0161saistes kazino sp\u0113le pied\u0101v\u0101s jums piem\u0113rotu izmaksu procentu. Paturiet pr\u0101t\u0101, ka, apsverot tie\u0161saistes kazino sp\u0113les, aizraujo\u0161\u0101k\u0101m sp\u0113l\u0113m, piem\u0113ram, k\u0101r\u0161u un cit\u0101m galda sp\u0113l\u0113m, b\u016bs liel\u0101ka laimesta summa nek\u0101 vienm\u0113r popul\u0101raj\u0101m sp\u0113\u013cu autom\u0101tu sp\u0113l\u0113m.<\/p>\n<p>Visbeidzot, p\u0101rliecinieties, ka j\u016bsu izv\u0113l\u0113tais tie\u0161saistes kazino ir licenc\u0113ts, lai nodro\u0161in\u0101tu j\u016bsu juridisko un finansi\u0101lo aizsardz\u012bbu. J\u016bs varat apstiprin\u0101t, ka j\u016bsu izv\u0113le ir re\u0123istr\u0113ta, mekl\u0113jot t\u0101 nosaukumu tie\u0161saistes jurisdikcij\u0101, kas paz\u012bstama k\u0101 azartsp\u0113\u013cu komisija. Vislab\u0101k ir izvair\u012bties no sp\u0113l\u0113\u0161anas vietn\u0113, kurai nav licences inform\u0101cijas.<\/p>\n<p>Izv\u0113loties tie\u0161saistes kazino, \u0146emiet v\u0113r\u0101 \u0161os noder\u012bgos padomus un sagatavojieties aizraujo\u0161ai tie\u0161saistes sp\u0113\u013cu pieredzei!<\/p>\n","protected":false},"excerpt":{"rendered":"<p>Lab\u0101ka tie\u0161saistes kazino sp\u0113\u013cu izv\u0113le Izv\u0113loties vietni, ir svar\u012bgi \u0146emt v\u0113r\u0101 2500 tie\u0161saistes kazino sp\u0113\u013cu viet\u0146u, kas jums, pat\u0113r\u0113t\u0101jam, ir [&hellip;]<\/p>\n","protected":false},"author":1,"featured_media":0,"parent":0,"menu_order":0,"comment_status":"closed","ping_status":"closed","template":"","meta":{"site-sidebar-layout":"default","site-content-layout":"","ast-site-content-layout":"default","site-content-style":"default","site-sidebar-style":"default","ast-global-header-display":"","ast-banner-title-visibility":"","ast-main-header-display":"","ast-hfb-above-header-display":"","ast-hfb-below-header-display":"","ast-hfb-mobile-header-display":"","site-post-title":"","ast-breadcrumbs-content":"","ast-featured-img":"","footer-sml-layout":"","theme-transparent-header-meta":"","adv-header-id-meta":"","stick-header-meta":"","header-above-stick-meta":"","header-main-stick-meta":"","header-below-stick-meta":"","astra-migrate-meta-layouts":"default","ast-page-background-enabled":"default","ast-page-background-meta":{"desktop":{"background-color":"var(--ast-global-color-5)","background-image":"","background-repeat":"repeat","background-position":"center center","background-size":"auto","background-attachment":"scroll","background-type":"","background-media":"","overlay-type":"","overlay-color":"","overlay-opacity":"","overlay-gradient":""},"tablet":{"background-color":"","background-image":"","background-repeat":"repeat","background-position":"center center","background-size":"auto","background-attachment":"scroll","background-type":"","background-media":"","overlay-type":"","overlay-color":"","overlay-opacity":"","overlay-gradient":""},"mobile":{"background-color":"","background-image":"","background-repeat":"repeat","background-position":"center center","background-size":"auto","background-attachment":"scroll","background-type":"","background-media":"","overlay-type":"","overlay-color":"","overlay-opacity":"","overlay-gradient":""}},"ast-content-background-meta":{"desktop":{"background-color":"var(--ast-global-color-4)","background-image":"","background-repeat":"repeat","background-position":"center center","background-size":"auto","background-attachment":"scroll","background-type":"","background-media":"","overlay-type":"","overlay-color":"","overlay-opacity":"","overlay-gradient":""},"tablet":{"background-color":"var(--ast-global-color-4)","background-image":"","background-repeat":"repeat","background-position":"center center","background-size":"auto","background-attachment":"scroll","background-type":"","background-media":"","overlay-type":"","overlay-color":"","overlay-opacity":"","overlay-gradient":""},"mobile":{"background-color":"var(--ast-global-color-4)","background-image":"","background-repeat":"repeat","background-position":"center center","background-size":"auto","background-attachment":"scroll","background-type":"","background-media":"","overlay-type":"","overlay-color":"","overlay-opacity":"","overlay-gradient":""}},"footnotes":""},"class_list":["post-188","page","type-page","status-publish","hentry"],"yoast_head":"<!-- This site is optimized with the Yoast SEO plugin v26.0 - https:\/\/yoast.com\/wordpress\/plugins\/seo\/ -->\n<title>Lab\u0101ka tie\u0161saistes kazino sp\u0113\u013cu izv\u0113le<\/title>\n<meta name=\"robots\" content=\"index, follow, max-snippet:-1, max-image-preview:large, max-video-preview:-1\" \/>\n<link rel=\"canonical\" href=\"https:\/\/www.casinoonline365.net\/lv\/\" \/>\n<meta property=\"og:locale\" content=\"lv_LV\" \/>\n<meta property=\"og:type\" content=\"article\" \/>\n<meta property=\"og:title\" content=\"Lab\u0101ka tie\u0161saistes kazino sp\u0113\u013cu izv\u0113le\" \/>\n<meta property=\"og:description\" content=\"Lab\u0101ka tie\u0161saistes kazino sp\u0113\u013cu izv\u0113le Izv\u0113loties vietni, ir svar\u012bgi \u0146emt v\u0113r\u0101 2500 tie\u0161saistes kazino sp\u0113\u013cu viet\u0146u, kas jums, pat\u0113r\u0113t\u0101jam, ir [&hellip;]\" \/>\n<meta property=\"og:url\" content=\"https:\/\/www.casinoonline365.net\/lv\/\" \/>\n<meta property=\"og:site_name\" content=\"My blog\" \/>\n<meta name=\"twitter:card\" content=\"summary_large_image\" \/>\n<meta name=\"twitter:label1\" content=\"Est. reading time\" \/>\n\t<meta name=\"twitter:data1\" content=\"3 minutes\" \/>\n<script type=\"application\/ld+json\" class=\"yoast-schema-graph\">{\"@context\":\"https:\/\/schema.org\",\"@graph\":[{\"@type\":\"WebPage\",\"@id\":\"https:\/\/www.casinoonline365.net\/lv\/\",\"url\":\"https:\/\/www.casinoonline365.net\/lv\/\",\"name\":\"Lab\u0101ka tie\u0161saistes kazino sp\u0113\u013cu izv\u0113le\",\"isPartOf\":{\"@id\":\"https:\/\/www.casinoonline365.net\/lv\/#website\"},\"datePublished\":\"2025-07-18T17:24:24+00:00\",\"breadcrumb\":{\"@id\":\"https:\/\/www.casinoonline365.net\/lv\/#breadcrumb\"},\"inLanguage\":\"lv-LV\",\"potentialAction\":[{\"@type\":\"ReadAction\",\"target\":[\"https:\/\/www.casinoonline365.net\/lv\/\"]}]},{\"@type\":\"BreadcrumbList\",\"@id\":\"https:\/\/www.casinoonline365.net\/lv\/#breadcrumb\",\"itemListElement\":[{\"@type\":\"ListItem\",\"position\":1,\"name\":\"Home\",\"item\":\"https:\/\/www.casinoonline365.net\/lv\/\"},{\"@type\":\"ListItem\",\"position\":2,\"name\":\"S\u0101kums\"}]},{\"@type\":\"WebSite\",\"@id\":\"https:\/\/www.casinoonline365.net\/lv\/#website\",\"url\":\"https:\/\/www.casinoonline365.net\/lv\/\",\"name\":\"My blog\",\"description\":\"Just another WordPress site\",\"potentialAction\":[{\"@type\":\"SearchAction\",\"target\":{\"@type\":\"EntryPoint\",\"urlTemplate\":\"https:\/\/www.casinoonline365.net\/lv\/?s={search_term_string}\"},\"query-input\":{\"@type\":\"PropertyValueSpecification\",\"valueRequired\":true,\"valueName\":\"search_term_string\"}}],\"inLanguage\":\"lv-LV\"}]}<\/script>\n<!-- \/ Yoast SEO plugin. -->","yoast_head_json":{"title":"Lab\u0101ka tie\u0161saistes kazino sp\u0113\u013cu izv\u0113le","robots":{"index":"index","follow":"follow","max-snippet":"max-snippet:-1","max-image-preview":"max-image-preview:large","max-video-preview":"max-video-preview:-1"},"canonical":"https:\/\/www.casinoonline365.net\/lv\/","og_locale":"lv_LV","og_type":"article","og_title":"Lab\u0101ka tie\u0161saistes kazino sp\u0113\u013cu izv\u0113le","og_description":"Lab\u0101ka tie\u0161saistes kazino sp\u0113\u013cu izv\u0113le Izv\u0113loties vietni, ir svar\u012bgi \u0146emt v\u0113r\u0101 2500 tie\u0161saistes kazino sp\u0113\u013cu viet\u0146u, kas jums, pat\u0113r\u0113t\u0101jam, ir [&hellip;]","og_url":"https:\/\/www.casinoonline365.net\/lv\/","og_site_name":"My blog","twitter_card":"summary_large_image","twitter_misc":{"Est. reading time":"3 minutes"},"schema":{"@context":"https:\/\/schema.org","@graph":[{"@type":"WebPage","@id":"https:\/\/www.casinoonline365.net\/lv\/","url":"https:\/\/www.casinoonline365.net\/lv\/","name":"Lab\u0101ka tie\u0161saistes kazino sp\u0113\u013cu izv\u0113le","isPartOf":{"@id":"https:\/\/www.casinoonline365.net\/lv\/#website"},"datePublished":"2025-07-18T17:24:24+00:00","breadcrumb":{"@id":"https:\/\/www.casinoonline365.net\/lv\/#breadcrumb"},"inLanguage":"lv-LV","potentialAction":[{"@type":"ReadAction","target":["https:\/\/www.casinoonline365.net\/lv\/"]}]},{"@type":"BreadcrumbList","@id":"https:\/\/www.casinoonline365.net\/lv\/#breadcrumb","itemListElement":[{"@type":"ListItem","position":1,"name":"Home","item":"https:\/\/www.casinoonline365.net\/lv\/"},{"@type":"ListItem","position":2,"name":"S\u0101kums"}]},{"@type":"WebSite","@id":"https:\/\/www.casinoonline365.net\/lv\/#website","url":"https:\/\/www.casinoonline365.net\/lv\/","name":"My blog","description":"Just another WordPress site","potentialAction":[{"@type":"SearchAction","target":{"@type":"EntryPoint","urlTemplate":"https:\/\/www.casinoonline365.net\/lv\/?s={search_term_string}"},"query-input":{"@type":"PropertyValueSpecification","valueRequired":true,"valueName":"search_term_string"}}],"inLanguage":"lv-LV"}]}},"_links":{"self":[{"href":"https:\/\/www.casinoonline365.net\/lv\/wp-json\/wp\/v2\/pages\/188","targetHints":{"allow":["GET"]}}],"collection":[{"href":"https:\/\/www.casinoonline365.net\/lv\/wp-json\/wp\/v2\/pages"}],"about":[{"href":"https:\/\/www.casinoonline365.net\/lv\/wp-json\/wp\/v2\/types\/page"}],"author":[{"embeddable":true,"href":"https:\/\/www.casinoonline365.net\/lv\/wp-json\/wp\/v2\/users\/1"}],"replies":[{"embeddable":true,"href":"https:\/\/www.casinoonline365.net\/lv\/wp-json\/wp\/v2\/comments?post=188"}],"version-history":[{"count":0,"href":"https:\/\/www.casinoonline365.net\/lv\/wp-json\/wp\/v2\/pages\/188\/revisions"}],"wp:attachment":[{"href":"https:\/\/www.casinoonline365.net\/lv\/wp-json\/wp\/v2\/media?parent=188"}],"curies":[{"name":"wp","href":"https:\/\/api.w.org\/{rel}","templated":true}]}}