{"id":191,"date":"2025-07-18T17:24:24","date_gmt":"2025-07-18T17:24:24","guid":{"rendered":"https:\/\/www.casinoonline365.net\/hjem\/"},"modified":"2025-07-18T17:24:24","modified_gmt":"2025-07-18T17:24:24","slug":"hjem","status":"publish","type":"page","link":"https:\/\/www.casinoonline365.net\/no\/","title":{"rendered":"Hjem"},"content":{"rendered":"<h1>Bedre utvalg av kasinospill p\u00e5 nett<\/h1>\n<p>Med 2500 kasinospillnettsteder \u00e5 velge mellom, er det viktig \u00e5 vurdere hva som er viktigst for deg, forbrukeren, n\u00e5r du velger et nettsted. Personvern, spillavgifter, nettsikkerhet og brukervennlighet ser ut til \u00e5 v\u00e6re de viktigste faktorene n\u00e5r du <a href=\"http:\/\/www.gambling6.com\" target=\"_blank\" rel=\"noopener noreferrer\">velger kasinospill p\u00e5 nett.<\/a><\/p>\n<p>P\u00e5 samme m\u00e5te som en forbruker foretar research n\u00e5r de velger en bil, finnes det nettsteder som kan hjelpe deg med \u00e5 velge ditt kasinospill p\u00e5 nett. I tillegg til \u00e5 velge ditt kasinospillnettsted, kan du begrense s\u00f8ket ytterligere ved \u00e5 bestemme hvilke av de nesten 400 kasinospillene p\u00e5 nett som er \u00e5 velge mellom, inkludert craps, blackjack og rulett.<\/p>\n<p>Spill handler om premien, og en annen viktig faktor n\u00e5r du velger kasinospill p\u00e5 nett er hvordan du betaler for \u00e5 spille. Reglene varierer, og selv valget av kredittkort du velger for \u00e5 finansiere dine online casinospill utgj\u00f8r en forskjell. For eksempel ser American Express-kredittkortet ut til \u00e5 v\u00e6re et foretrukket valg blant casinonettstedene, fordi dette kredittkortselskapet er strengt regulert, noe som gir deg, forbrukeren, en tryggere online casinospillopplevelse.<\/p>\n<p>I tillegg til spenningen (og muligheten til \u00e5 unng\u00e5 \u00e5 puste inn passiv r\u00f8yking) som online casinospill har medf\u00f8rt, er det den ekstra spenningen ved \u00ablive\u00bb-spilling. Muligheten til \u00e5 oppleve spill i denne videostr\u00f8mmingskapasiteten er sannsynligvis det raskest voksende segmentet av kasinospill p\u00e5 nett, og kasinoer som tilbyr denne spennende komponenten til kasinospill p\u00e5 nett vil garantert overg\u00e5 konkurrentene sine.<\/p>\n<p>Hvis du sikter mot \u00e5 vinne store penger, kan det v\u00e6re lurt \u00e5 vurdere muligheten til <a href=\"https:\/\/www.jackpotlotteryonline.com\/powerball-megamillions-from-uk\">verdensomspennende lotterijackpotter<\/a> &#8211; i dag kan du <a href=\"http:\/\/www.onlinelotto365.com\">skaffe lodd p\u00e5 nett til lotterier utenfor ditt eget hjemland!<\/a><\/p>\n<p>En annen viktig faktor \u00e5 vurdere n\u00e5r du velger kasinospill p\u00e5 nett, er \u00e5 bestemme hvilke kasinoer som tilbyr den h\u00f8yeste utbetalingen. Som tilfellet er med enhver bedrift, p\u00e5virker faste kostnader bunnlinjen, og et online kasinospill vil garantert ha f\u00e6rre kostnader enn et kasino som ligger sentrert p\u00e5 Vegas Strip! S\u00f8rg for \u00e5 unders\u00f8ke hvilket kasinospill p\u00e5 nett som vil gi deg en utbetalingsprosent som fungerer for deg. Husk at n\u00e5r du vurderer kasinospill p\u00e5 nett, vil de mer komplekse spillene, som kortspill og andre bordspill, ha en h\u00f8yere utbetaling enn de alltid popul\u00e6re spilleautomatene.<\/p>\n<p>Til slutt, s\u00f8rg for \u00e5 bekrefte at ditt valg av nettkasino er lisensiert, slik at du er juridisk og \u00f8konomisk beskyttet. Du kan bekrefte at valget ditt er registrert ved \u00e5 s\u00f8ke etter navnet deres hos en nettjurisdiksjon, kjent som en gamblingkommisjon. Det er best \u00e5 unng\u00e5 \u00e5 spille med et nettsted som ikke har lisensinformasjon.<\/p>\n<p>Vurder disse nyttige tipsene n\u00e5r du velger et nettkasino, og gj\u00f8r deg klar til \u00e5 ha en spennende spillopplevelse p\u00e5 nett!<\/p>\n","protected":false},"excerpt":{"rendered":"<p>Bedre utvalg av kasinospill p\u00e5 nett Med 2500 kasinospillnettsteder \u00e5 velge mellom, er det viktig \u00e5 vurdere hva som er [&hellip;]<\/p>\n","protected":false},"author":1,"featured_media":0,"parent":0,"menu_order":0,"comment_status":"closed","ping_status":"closed","template":"","meta":{"site-sidebar-layout":"default","site-content-layout":"","ast-site-content-layout":"default","site-content-style":"default","site-sidebar-style":"default","ast-global-header-display":"","ast-banner-title-visibility":"","ast-main-header-display":"","ast-hfb-above-header-display":"","ast-hfb-below-header-display":"","ast-hfb-mobile-header-display":"","site-post-title":"","ast-breadcrumbs-content":"","ast-featured-img":"","footer-sml-layout":"","theme-transparent-header-meta":"","adv-header-id-meta":"","stick-header-meta":"","header-above-stick-meta":"","header-main-stick-meta":"","header-below-stick-meta":"","astra-migrate-meta-layouts":"default","ast-page-background-enabled":"default","ast-page-background-meta":{"desktop":{"background-color":"var(--ast-global-color-5)","background-image":"","background-repeat":"repeat","background-position":"center center","background-size":"auto","background-attachment":"scroll","background-type":"","background-media":"","overlay-type":"","overlay-color":"","overlay-opacity":"","overlay-gradient":""},"tablet":{"background-color":"","background-image":"","background-repeat":"repeat","background-position":"center center","background-size":"auto","background-attachment":"scroll","background-type":"","background-media":"","overlay-type":"","overlay-color":"","overlay-opacity":"","overlay-gradient":""},"mobile":{"background-color":"","background-image":"","background-repeat":"repeat","background-position":"center center","background-size":"auto","background-attachment":"scroll","background-type":"","background-media":"","overlay-type":"","overlay-color":"","overlay-opacity":"","overlay-gradient":""}},"ast-content-background-meta":{"desktop":{"background-color":"var(--ast-global-color-4)","background-image":"","background-repeat":"repeat","background-position":"center center","background-size":"auto","background-attachment":"scroll","background-type":"","background-media":"","overlay-type":"","overlay-color":"","overlay-opacity":"","overlay-gradient":""},"tablet":{"background-color":"var(--ast-global-color-4)","background-image":"","background-repeat":"repeat","background-position":"center center","background-size":"auto","background-attachment":"scroll","background-type":"","background-media":"","overlay-type":"","overlay-color":"","overlay-opacity":"","overlay-gradient":""},"mobile":{"background-color":"var(--ast-global-color-4)","background-image":"","background-repeat":"repeat","background-position":"center center","background-size":"auto","background-attachment":"scroll","background-type":"","background-media":"","overlay-type":"","overlay-color":"","overlay-opacity":"","overlay-gradient":""}},"footnotes":""},"class_list":["post-191","page","type-page","status-publish","hentry"],"yoast_head":"<!-- This site is optimized with the Yoast SEO plugin v26.0 - https:\/\/yoast.com\/wordpress\/plugins\/seo\/ -->\n<title>Bedre utvalg av kasinospill p\u00e5 nett<\/title>\n<meta name=\"robots\" content=\"index, follow, max-snippet:-1, max-image-preview:large, max-video-preview:-1\" \/>\n<link rel=\"canonical\" href=\"https:\/\/www.casinoonline365.net\/no\/\" \/>\n<meta property=\"og:locale\" content=\"nb_NO\" \/>\n<meta property=\"og:type\" content=\"article\" \/>\n<meta property=\"og:title\" content=\"Bedre utvalg av kasinospill p\u00e5 nett\" \/>\n<meta property=\"og:description\" content=\"Bedre utvalg av kasinospill p\u00e5 nett Med 2500 kasinospillnettsteder \u00e5 velge mellom, er det viktig \u00e5 vurdere hva som er [&hellip;]\" \/>\n<meta property=\"og:url\" content=\"https:\/\/www.casinoonline365.net\/no\/\" \/>\n<meta property=\"og:site_name\" content=\"My blog\" \/>\n<meta name=\"twitter:card\" content=\"summary_large_image\" \/>\n<meta name=\"twitter:label1\" content=\"Ansl. lesetid\" \/>\n\t<meta name=\"twitter:data1\" content=\"2 minutter\" \/>\n<script type=\"application\/ld+json\" class=\"yoast-schema-graph\">{\"@context\":\"https:\/\/schema.org\",\"@graph\":[{\"@type\":\"WebPage\",\"@id\":\"https:\/\/www.casinoonline365.net\/no\/\",\"url\":\"https:\/\/www.casinoonline365.net\/no\/\",\"name\":\"Bedre utvalg av kasinospill p\u00e5 nett\",\"isPartOf\":{\"@id\":\"https:\/\/www.casinoonline365.net\/no\/#website\"},\"datePublished\":\"2025-07-18T17:24:24+00:00\",\"breadcrumb\":{\"@id\":\"https:\/\/www.casinoonline365.net\/no\/#breadcrumb\"},\"inLanguage\":\"nb-NO\",\"potentialAction\":[{\"@type\":\"ReadAction\",\"target\":[\"https:\/\/www.casinoonline365.net\/no\/\"]}]},{\"@type\":\"BreadcrumbList\",\"@id\":\"https:\/\/www.casinoonline365.net\/no\/#breadcrumb\",\"itemListElement\":[{\"@type\":\"ListItem\",\"position\":1,\"name\":\"Home\",\"item\":\"https:\/\/www.casinoonline365.net\/no\/\"},{\"@type\":\"ListItem\",\"position\":2,\"name\":\"Hjem\"}]},{\"@type\":\"WebSite\",\"@id\":\"https:\/\/www.casinoonline365.net\/no\/#website\",\"url\":\"https:\/\/www.casinoonline365.net\/no\/\",\"name\":\"My blog\",\"description\":\"Just another WordPress site\",\"potentialAction\":[{\"@type\":\"SearchAction\",\"target\":{\"@type\":\"EntryPoint\",\"urlTemplate\":\"https:\/\/www.casinoonline365.net\/no\/?s={search_term_string}\"},\"query-input\":{\"@type\":\"PropertyValueSpecification\",\"valueRequired\":true,\"valueName\":\"search_term_string\"}}],\"inLanguage\":\"nb-NO\"}]}<\/script>\n<!-- \/ Yoast SEO plugin. -->","yoast_head_json":{"title":"Bedre utvalg av kasinospill p\u00e5 nett","robots":{"index":"index","follow":"follow","max-snippet":"max-snippet:-1","max-image-preview":"max-image-preview:large","max-video-preview":"max-video-preview:-1"},"canonical":"https:\/\/www.casinoonline365.net\/no\/","og_locale":"nb_NO","og_type":"article","og_title":"Bedre utvalg av kasinospill p\u00e5 nett","og_description":"Bedre utvalg av kasinospill p\u00e5 nett Med 2500 kasinospillnettsteder \u00e5 velge mellom, er det viktig \u00e5 vurdere hva som er [&hellip;]","og_url":"https:\/\/www.casinoonline365.net\/no\/","og_site_name":"My blog","twitter_card":"summary_large_image","twitter_misc":{"Ansl. lesetid":"2 minutter"},"schema":{"@context":"https:\/\/schema.org","@graph":[{"@type":"WebPage","@id":"https:\/\/www.casinoonline365.net\/no\/","url":"https:\/\/www.casinoonline365.net\/no\/","name":"Bedre utvalg av kasinospill p\u00e5 nett","isPartOf":{"@id":"https:\/\/www.casinoonline365.net\/no\/#website"},"datePublished":"2025-07-18T17:24:24+00:00","breadcrumb":{"@id":"https:\/\/www.casinoonline365.net\/no\/#breadcrumb"},"inLanguage":"nb-NO","potentialAction":[{"@type":"ReadAction","target":["https:\/\/www.casinoonline365.net\/no\/"]}]},{"@type":"BreadcrumbList","@id":"https:\/\/www.casinoonline365.net\/no\/#breadcrumb","itemListElement":[{"@type":"ListItem","position":1,"name":"Home","item":"https:\/\/www.casinoonline365.net\/no\/"},{"@type":"ListItem","position":2,"name":"Hjem"}]},{"@type":"WebSite","@id":"https:\/\/www.casinoonline365.net\/no\/#website","url":"https:\/\/www.casinoonline365.net\/no\/","name":"My blog","description":"Just another WordPress site","potentialAction":[{"@type":"SearchAction","target":{"@type":"EntryPoint","urlTemplate":"https:\/\/www.casinoonline365.net\/no\/?s={search_term_string}"},"query-input":{"@type":"PropertyValueSpecification","valueRequired":true,"valueName":"search_term_string"}}],"inLanguage":"nb-NO"}]}},"_links":{"self":[{"href":"https:\/\/www.casinoonline365.net\/no\/wp-json\/wp\/v2\/pages\/191","targetHints":{"allow":["GET"]}}],"collection":[{"href":"https:\/\/www.casinoonline365.net\/no\/wp-json\/wp\/v2\/pages"}],"about":[{"href":"https:\/\/www.casinoonline365.net\/no\/wp-json\/wp\/v2\/types\/page"}],"author":[{"embeddable":true,"href":"https:\/\/www.casinoonline365.net\/no\/wp-json\/wp\/v2\/users\/1"}],"replies":[{"embeddable":true,"href":"https:\/\/www.casinoonline365.net\/no\/wp-json\/wp\/v2\/comments?post=191"}],"version-history":[{"count":0,"href":"https:\/\/www.casinoonline365.net\/no\/wp-json\/wp\/v2\/pages\/191\/revisions"}],"wp:attachment":[{"href":"https:\/\/www.casinoonline365.net\/no\/wp-json\/wp\/v2\/media?parent=191"}],"curies":[{"name":"wp","href":"https:\/\/api.w.org\/{rel}","templated":true}]}}