{"id":192,"date":"2025-07-18T17:24:24","date_gmt":"2025-07-18T17:24:24","guid":{"rendered":"https:\/\/www.casinoonline365.net\/casa\/"},"modified":"2025-07-18T17:24:24","modified_gmt":"2025-07-18T17:24:24","slug":"casa","status":"publish","type":"page","link":"https:\/\/www.casinoonline365.net\/pt-pt\/","title":{"rendered":"Casa"},"content":{"rendered":"<h1>Melhores Op\u00e7\u00f5es de Jogos de Casino Online<\/h1>\n<p>Com 2.500 sites de jogos de casino online \u00e0 escolha, \u00e9 importante considerar o que \u00e9 mais importante para si, consumidor, ao escolher um site. A privacidade, as taxas de jogo, a seguran\u00e7a online e a facilidade de utiliza\u00e7\u00e3o de um website parecem ser os fatores mais importantes para <a href=\"http:\/\/www.gambling6.com\" target=\"_blank\" rel=\"noopener noreferrer\">escolher jogos de casino online.<\/a><\/p>\n<p>Da mesma forma que um consumidor pesquisa para escolher um carro, existem sites para o ajudar a escolher o seu jogo de casino online. Al\u00e9m de escolher o seu site de jogos de casino online, pode refinar ainda mais a sua pesquisa decidindo quais dos quase 400 jogos de casino online est\u00e3o dispon\u00edveis para escolher, incluindo Craps, Blackjack e Roleta.<\/p>\n<p>Jogar tem tudo a ver com o pr\u00e9mio, e outra considera\u00e7\u00e3o importante ao escolher jogos de casino online \u00e9 a forma como se paga para jogar. As regras variam, e at\u00e9 a escolha do cart\u00e3o de cr\u00e9dito para financiar os seus jogos de casino online faz a diferen\u00e7a; por exemplo, o cart\u00e3o de cr\u00e9dito da marca American Express parece ser a escolha preferida entre os sites de casino, porque esta empresa de cart\u00e3o de cr\u00e9dito \u00e9 rigorosamente regulamentada, o que lhe oferece a si, consumidor, uma experi\u00eancia de jogo de casino online mais segura.<\/p>\n<p>Para al\u00e9m da emo\u00e7\u00e3o (e da possibilidade de evitar a inala\u00e7\u00e3o de fumo de cigarro) que os jogos de casino online proporcionam, existe a emo\u00e7\u00e3o adicional dos jogos &#8220;ao vivo&#8221;. A possibilidade de experimentar jogos com esta capacidade de streaming de v\u00eddeo \u00e9 provavelmente o segmento de jogos de casino online que mais cresce, e os casinos que oferecem esta componente emocionante ir\u00e3o certamente superar os seus concorrentes.<\/p>\n<p>Se procura ganhar muito dinheiro, pode considerar a op\u00e7\u00e3o de <a href=\"https:\/\/www.jackpotlotteryonline.com\/powerball-megamillions-from-uk\">pr\u00e9mios de lotaria mundial<\/a> &#8211; hoje em dia, pode <a href=\"http:\/\/www.onlinelotto365.com\">comprar bilhetes online para lotarias fora do seu pa\u00eds de resid\u00eancia!<\/a><\/p>\n<p>Outro fator importante a considerar ao escolher os seus jogos de casino online \u00e9 determinar quais os casinos que oferecem o pagamento mais elevado. Como em qualquer neg\u00f3cio, os custos indiretos afetam os resultados financeiros, e um jogo de casino online ter\u00e1 certamente custos mais baixos do que um casino localizado na Las Vegas Strip! Certifique-se de pesquisar qual o jogo de casino online que lhe oferecer\u00e1 uma percentagem de pagamento adequada para si. Lembre-se de que, ao considerar os jogos de casino online, os jogos mais complexos, como as cartas e outros jogos de mesa, ter\u00e3o um pagamento mais elevado do que os sempre populares jogos de slot machine.<\/p>\n<p>Por fim, certifique-se de que o casino online da sua escolha est\u00e1 licenciado, para que esteja legal e financeiramente protegido. Pode confirmar se a sua escolha est\u00e1 registada pesquisando o nome dele numa jurisdi\u00e7\u00e3o online, conhecida como comiss\u00e3o de jogo. \u00c9 melhor evitar jogar num site que n\u00e3o tenha informa\u00e7\u00f5es sobre licenciamento.<\/p>\n<p>Considere estas dicas \u00fateis ao escolher um casino online e prepare-se para uma experi\u00eancia de jogo online emocionante!<\/p>\n","protected":false},"excerpt":{"rendered":"<p>Melhores Op\u00e7\u00f5es de Jogos de Casino Online Com 2.500 sites de jogos de casino online \u00e0 escolha, \u00e9 importante considerar [&hellip;]<\/p>\n","protected":false},"author":1,"featured_media":0,"parent":0,"menu_order":0,"comment_status":"closed","ping_status":"closed","template":"","meta":{"site-sidebar-layout":"default","site-content-layout":"","ast-site-content-layout":"default","site-content-style":"default","site-sidebar-style":"default","ast-global-header-display":"","ast-banner-title-visibility":"","ast-main-header-display":"","ast-hfb-above-header-display":"","ast-hfb-below-header-display":"","ast-hfb-mobile-header-display":"","site-post-title":"","ast-breadcrumbs-content":"","ast-featured-img":"","footer-sml-layout":"","theme-transparent-header-meta":"","adv-header-id-meta":"","stick-header-meta":"","header-above-stick-meta":"","header-main-stick-meta":"","header-below-stick-meta":"","astra-migrate-meta-layouts":"default","ast-page-background-enabled":"default","ast-page-background-meta":{"desktop":{"background-color":"var(--ast-global-color-5)","background-image":"","background-repeat":"repeat","background-position":"center center","background-size":"auto","background-attachment":"scroll","background-type":"","background-media":"","overlay-type":"","overlay-color":"","overlay-opacity":"","overlay-gradient":""},"tablet":{"background-color":"","background-image":"","background-repeat":"repeat","background-position":"center center","background-size":"auto","background-attachment":"scroll","background-type":"","background-media":"","overlay-type":"","overlay-color":"","overlay-opacity":"","overlay-gradient":""},"mobile":{"background-color":"","background-image":"","background-repeat":"repeat","background-position":"center center","background-size":"auto","background-attachment":"scroll","background-type":"","background-media":"","overlay-type":"","overlay-color":"","overlay-opacity":"","overlay-gradient":""}},"ast-content-background-meta":{"desktop":{"background-color":"var(--ast-global-color-4)","background-image":"","background-repeat":"repeat","background-position":"center center","background-size":"auto","background-attachment":"scroll","background-type":"","background-media":"","overlay-type":"","overlay-color":"","overlay-opacity":"","overlay-gradient":""},"tablet":{"background-color":"var(--ast-global-color-4)","background-image":"","background-repeat":"repeat","background-position":"center center","background-size":"auto","background-attachment":"scroll","background-type":"","background-media":"","overlay-type":"","overlay-color":"","overlay-opacity":"","overlay-gradient":""},"mobile":{"background-color":"var(--ast-global-color-4)","background-image":"","background-repeat":"repeat","background-position":"center center","background-size":"auto","background-attachment":"scroll","background-type":"","background-media":"","overlay-type":"","overlay-color":"","overlay-opacity":"","overlay-gradient":""}},"footnotes":""},"class_list":["post-192","page","type-page","status-publish","hentry"],"yoast_head":"<!-- This site is optimized with the Yoast SEO plugin v26.0 - https:\/\/yoast.com\/wordpress\/plugins\/seo\/ -->\n<title>Melhor escolha de jogos de casino online<\/title>\n<meta name=\"robots\" content=\"index, follow, max-snippet:-1, max-image-preview:large, max-video-preview:-1\" \/>\n<link rel=\"canonical\" href=\"https:\/\/www.casinoonline365.net\/pt-pt\/\" \/>\n<meta property=\"og:locale\" content=\"pt_PT\" \/>\n<meta property=\"og:type\" content=\"article\" \/>\n<meta property=\"og:title\" content=\"Melhor escolha de jogos de casino online\" \/>\n<meta property=\"og:description\" content=\"Melhores Op\u00e7\u00f5es de Jogos de Casino Online Com 2.500 sites de jogos de casino online \u00e0 escolha, \u00e9 importante considerar [&hellip;]\" \/>\n<meta property=\"og:url\" content=\"https:\/\/www.casinoonline365.net\/pt-pt\/\" \/>\n<meta property=\"og:site_name\" content=\"My blog\" \/>\n<meta name=\"twitter:card\" content=\"summary_large_image\" \/>\n<meta name=\"twitter:label1\" content=\"Tempo estimado de leitura\" \/>\n\t<meta name=\"twitter:data1\" content=\"3 minutos\" \/>\n<script type=\"application\/ld+json\" class=\"yoast-schema-graph\">{\"@context\":\"https:\/\/schema.org\",\"@graph\":[{\"@type\":\"WebPage\",\"@id\":\"https:\/\/www.casinoonline365.net\/pt-pt\/\",\"url\":\"https:\/\/www.casinoonline365.net\/pt-pt\/\",\"name\":\"Melhor escolha de jogos de casino online\",\"isPartOf\":{\"@id\":\"https:\/\/www.casinoonline365.net\/pt-pt\/#website\"},\"datePublished\":\"2025-07-18T17:24:24+00:00\",\"breadcrumb\":{\"@id\":\"https:\/\/www.casinoonline365.net\/pt-pt\/#breadcrumb\"},\"inLanguage\":\"pt-PT\",\"potentialAction\":[{\"@type\":\"ReadAction\",\"target\":[\"https:\/\/www.casinoonline365.net\/pt-pt\/\"]}]},{\"@type\":\"BreadcrumbList\",\"@id\":\"https:\/\/www.casinoonline365.net\/pt-pt\/#breadcrumb\",\"itemListElement\":[{\"@type\":\"ListItem\",\"position\":1,\"name\":\"Home\",\"item\":\"https:\/\/www.casinoonline365.net\/pt-pt\/\"},{\"@type\":\"ListItem\",\"position\":2,\"name\":\"Casa\"}]},{\"@type\":\"WebSite\",\"@id\":\"https:\/\/www.casinoonline365.net\/pt-pt\/#website\",\"url\":\"https:\/\/www.casinoonline365.net\/pt-pt\/\",\"name\":\"My blog\",\"description\":\"Just another WordPress site\",\"potentialAction\":[{\"@type\":\"SearchAction\",\"target\":{\"@type\":\"EntryPoint\",\"urlTemplate\":\"https:\/\/www.casinoonline365.net\/pt-pt\/?s={search_term_string}\"},\"query-input\":{\"@type\":\"PropertyValueSpecification\",\"valueRequired\":true,\"valueName\":\"search_term_string\"}}],\"inLanguage\":\"pt-PT\"}]}<\/script>\n<!-- \/ Yoast SEO plugin. -->","yoast_head_json":{"title":"Melhor escolha de jogos de casino online","robots":{"index":"index","follow":"follow","max-snippet":"max-snippet:-1","max-image-preview":"max-image-preview:large","max-video-preview":"max-video-preview:-1"},"canonical":"https:\/\/www.casinoonline365.net\/pt-pt\/","og_locale":"pt_PT","og_type":"article","og_title":"Melhor escolha de jogos de casino online","og_description":"Melhores Op\u00e7\u00f5es de Jogos de Casino Online Com 2.500 sites de jogos de casino online \u00e0 escolha, \u00e9 importante considerar [&hellip;]","og_url":"https:\/\/www.casinoonline365.net\/pt-pt\/","og_site_name":"My blog","twitter_card":"summary_large_image","twitter_misc":{"Tempo estimado de leitura":"3 minutos"},"schema":{"@context":"https:\/\/schema.org","@graph":[{"@type":"WebPage","@id":"https:\/\/www.casinoonline365.net\/pt-pt\/","url":"https:\/\/www.casinoonline365.net\/pt-pt\/","name":"Melhor escolha de jogos de casino online","isPartOf":{"@id":"https:\/\/www.casinoonline365.net\/pt-pt\/#website"},"datePublished":"2025-07-18T17:24:24+00:00","breadcrumb":{"@id":"https:\/\/www.casinoonline365.net\/pt-pt\/#breadcrumb"},"inLanguage":"pt-PT","potentialAction":[{"@type":"ReadAction","target":["https:\/\/www.casinoonline365.net\/pt-pt\/"]}]},{"@type":"BreadcrumbList","@id":"https:\/\/www.casinoonline365.net\/pt-pt\/#breadcrumb","itemListElement":[{"@type":"ListItem","position":1,"name":"Home","item":"https:\/\/www.casinoonline365.net\/pt-pt\/"},{"@type":"ListItem","position":2,"name":"Casa"}]},{"@type":"WebSite","@id":"https:\/\/www.casinoonline365.net\/pt-pt\/#website","url":"https:\/\/www.casinoonline365.net\/pt-pt\/","name":"My blog","description":"Just another WordPress site","potentialAction":[{"@type":"SearchAction","target":{"@type":"EntryPoint","urlTemplate":"https:\/\/www.casinoonline365.net\/pt-pt\/?s={search_term_string}"},"query-input":{"@type":"PropertyValueSpecification","valueRequired":true,"valueName":"search_term_string"}}],"inLanguage":"pt-PT"}]}},"_links":{"self":[{"href":"https:\/\/www.casinoonline365.net\/pt-pt\/wp-json\/wp\/v2\/pages\/192","targetHints":{"allow":["GET"]}}],"collection":[{"href":"https:\/\/www.casinoonline365.net\/pt-pt\/wp-json\/wp\/v2\/pages"}],"about":[{"href":"https:\/\/www.casinoonline365.net\/pt-pt\/wp-json\/wp\/v2\/types\/page"}],"author":[{"embeddable":true,"href":"https:\/\/www.casinoonline365.net\/pt-pt\/wp-json\/wp\/v2\/users\/1"}],"replies":[{"embeddable":true,"href":"https:\/\/www.casinoonline365.net\/pt-pt\/wp-json\/wp\/v2\/comments?post=192"}],"version-history":[{"count":0,"href":"https:\/\/www.casinoonline365.net\/pt-pt\/wp-json\/wp\/v2\/pages\/192\/revisions"}],"wp:attachment":[{"href":"https:\/\/www.casinoonline365.net\/pt-pt\/wp-json\/wp\/v2\/media?parent=192"}],"curies":[{"name":"wp","href":"https:\/\/api.w.org\/{rel}","templated":true}]}}