{"id":193,"date":"2025-07-18T17:24:24","date_gmt":"2025-07-18T17:24:24","guid":{"rendered":"https:\/\/www.casinoonline365.net\/acasa\/"},"modified":"2025-07-18T17:24:24","modified_gmt":"2025-07-18T17:24:24","slug":"acasa","status":"publish","type":"page","link":"https:\/\/www.casinoonline365.net\/ro\/","title":{"rendered":"Acas\u0103"},"content":{"rendered":"<h1>O alegere mai bun\u0103 de jocuri de cazinou online<\/h1>\n<p>Cu 2.500 de site-uri de jocuri de cazinou online din care pute\u021bi alege, este important s\u0103 lua\u021bi \u00een considerare ce conteaz\u0103 cel mai mult pentru dvs., consumatorul, atunci c\u00e2nd alege\u021bi un site. Confiden\u021bialitatea, taxele de joc, securitatea online \u0219i u\u0219urin\u021ba \u00een utilizare a unui site web par a fi cei mai importan\u021bi factori atunci c\u00e2nd <a href=\"http:\/\/www.gambling6.com\" target=\"_blank\" rel=\"noopener noreferrer\">alege\u021bi jocuri de cazinou online.<\/a><\/p>\n<p>\u00cen acela\u0219i mod \u00een care un consumator efectueaz\u0103 cercet\u0103ri pentru a alege o ma\u0219in\u0103, exist\u0103 site-uri web care v\u0103 pot ajuta s\u0103 alege\u021bi jocul de cazinou online. Pe l\u00e2ng\u0103 alegerea site-ului de jocuri de cazinou online, pute\u021bi restr\u00e2nge c\u0103utarea \u0219i mai mult, hot\u0103r\u00e2nd care dintre cele aproape 400 de jocuri de cazinou online exist\u0103 din care pute\u021bi alege, inclusiv Craps, Blackjack \u0219i Rulet\u0103.<\/p>\n<p>Jocurile de noroc se bazeaz\u0103 pe premiu, iar o alt\u0103 considera\u021bie important\u0103 atunci c\u00e2nd alege\u021bi jocuri de cazinou online este modul \u00een care pl\u0103ti\u021bi pentru a juca. Regulile variaz\u0103, \u0219i chiar \u0219i alegerea cardului de credit pe care \u00eel alege\u021bi pentru a v\u0103 finan\u021ba jocurile de cazinou online face diferen\u021ba; de exemplu, cardul de credit American Express pare a fi o alegere preferat\u0103 printre site-urile de cazinou, deoarece aceast\u0103 companie de carduri de credit este strict reglementat\u0103, ceea ce v\u0103 ofer\u0103 dvs., consumatorului, o experien\u021b\u0103 de joc de cazinou online mai sigur\u0103.<\/p>\n<p>Pe l\u00e2ng\u0103 emo\u021bia (\u0219i posibilitatea de a evita inhalarea fumului de \u021bigar\u0103) pe care au adus-o jocurile de cazinou online, exist\u0103 \u0219i emo\u021bia suplimentar\u0103 a jocurilor \u201elive\u201d. Posibilitatea de a experimenta jocurile de noroc \u00een aceast\u0103 capacitate de streaming video este probabil segmentul cu cea mai rapid\u0103 cre\u0219tere al jocurilor de cazinou online, iar cazinourile care ofer\u0103 aceast\u0103 component\u0103 interesant\u0103 jocurilor de cazinou online \u00ee\u0219i vor dep\u0103\u0219i cu siguran\u021b\u0103 concuren\u021bii.<\/p>\n<p>Dac\u0103 v\u0103 propune\u021bi s\u0103 c\u00e2\u0219tiga\u021bi bani mul\u021bi, pute\u021bi lua \u00een considerare op\u021biunea <a href=\"https:\/\/www.jackpotlotteronline.com\/powerball-megamillions-from-uk\">jackpoturi de loterie la nivel mondial<\/a> &#8211; \u00een zilele noastre, pute\u021bi <a href=\"http:\/\/www.onlinelotto365.com\">ob\u021bine bilete online pentru loterii \u00een afara \u021b\u0103rii dvs. de re\u0219edin\u021b\u0103!<\/a><\/p>\n<p>Un alt factor important de luat \u00een considerare atunci c\u00e2nd alege\u021bi jocurile de cazinou online este determinarea cazinourilor care ofer\u0103 cea mai mare plat\u0103. Ca \u00een cazul oric\u0103rei afaceri, costurile generale afecteaz\u0103 profitul, iar un joc de cazinou online va avea cu siguran\u021b\u0103 costuri mai mici dec\u00e2t un cazinou situat pe Vegas Strip! Asigura\u021bi-v\u0103 c\u0103 investiga\u021bi ce joc de cazinou online v\u0103 va oferi un procent de plat\u0103 potrivit pentru dvs. Re\u021bine\u021bi c\u0103 atunci c\u00e2nd lua\u021bi \u00een considerare jocurile de cazinou online, jocurile mai complexe, cum ar fi jocurile de c\u0103r\u021bi \u0219i alte jocuri de mas\u0103, vor avea un c\u00e2\u0219tig mai mare dec\u00e2t jocurile de sloturi, mereu populare.<\/p>\n<p>\u00cen cele din urm\u0103, asigura\u021bi-v\u0103 c\u0103 alegerea dvs. de cazinou online este licen\u021biat\u0103, astfel \u00eenc\u00e2t s\u0103 fi\u021bi protejat legal \u0219i financiar. Pute\u021bi confirma c\u0103 alegerea dvs. este \u00eenregistrat\u0103 c\u0103ut\u00e2nd numele cazinoului respectiv la o jurisdic\u021bie online, cunoscut\u0103 sub numele de comisie pentru jocuri de noroc. Cel mai bine este s\u0103 evita\u021bi s\u0103 juca\u021bi pe un site care nu are informa\u021bii despre licen\u021biere.<\/p>\n<p>Lua\u021bi \u00een considerare aceste sfaturi utile atunci c\u00e2nd alege\u021bi un cazinou online \u0219i preg\u0103ti\u021bi-v\u0103 s\u0103 ave\u021bi o experien\u021b\u0103 de joc online palpitant\u0103!<\/p>\n","protected":false},"excerpt":{"rendered":"<p>O alegere mai bun\u0103 de jocuri de cazinou online Cu 2.500 de site-uri de jocuri de cazinou online din care [&hellip;]<\/p>\n","protected":false},"author":1,"featured_media":0,"parent":0,"menu_order":0,"comment_status":"closed","ping_status":"closed","template":"","meta":{"site-sidebar-layout":"default","site-content-layout":"","ast-site-content-layout":"default","site-content-style":"default","site-sidebar-style":"default","ast-global-header-display":"","ast-banner-title-visibility":"","ast-main-header-display":"","ast-hfb-above-header-display":"","ast-hfb-below-header-display":"","ast-hfb-mobile-header-display":"","site-post-title":"","ast-breadcrumbs-content":"","ast-featured-img":"","footer-sml-layout":"","theme-transparent-header-meta":"","adv-header-id-meta":"","stick-header-meta":"","header-above-stick-meta":"","header-main-stick-meta":"","header-below-stick-meta":"","astra-migrate-meta-layouts":"default","ast-page-background-enabled":"default","ast-page-background-meta":{"desktop":{"background-color":"var(--ast-global-color-5)","background-image":"","background-repeat":"repeat","background-position":"center center","background-size":"auto","background-attachment":"scroll","background-type":"","background-media":"","overlay-type":"","overlay-color":"","overlay-opacity":"","overlay-gradient":""},"tablet":{"background-color":"","background-image":"","background-repeat":"repeat","background-position":"center center","background-size":"auto","background-attachment":"scroll","background-type":"","background-media":"","overlay-type":"","overlay-color":"","overlay-opacity":"","overlay-gradient":""},"mobile":{"background-color":"","background-image":"","background-repeat":"repeat","background-position":"center center","background-size":"auto","background-attachment":"scroll","background-type":"","background-media":"","overlay-type":"","overlay-color":"","overlay-opacity":"","overlay-gradient":""}},"ast-content-background-meta":{"desktop":{"background-color":"var(--ast-global-color-4)","background-image":"","background-repeat":"repeat","background-position":"center center","background-size":"auto","background-attachment":"scroll","background-type":"","background-media":"","overlay-type":"","overlay-color":"","overlay-opacity":"","overlay-gradient":""},"tablet":{"background-color":"var(--ast-global-color-4)","background-image":"","background-repeat":"repeat","background-position":"center center","background-size":"auto","background-attachment":"scroll","background-type":"","background-media":"","overlay-type":"","overlay-color":"","overlay-opacity":"","overlay-gradient":""},"mobile":{"background-color":"var(--ast-global-color-4)","background-image":"","background-repeat":"repeat","background-position":"center center","background-size":"auto","background-attachment":"scroll","background-type":"","background-media":"","overlay-type":"","overlay-color":"","overlay-opacity":"","overlay-gradient":""}},"footnotes":""},"class_list":["post-193","page","type-page","status-publish","hentry"],"yoast_head":"<!-- This site is optimized with the Yoast SEO plugin v26.0 - https:\/\/yoast.com\/wordpress\/plugins\/seo\/ -->\n<title>O mai bun\u0103 alegere de jocuri de cazinou online<\/title>\n<meta name=\"robots\" content=\"index, follow, max-snippet:-1, max-image-preview:large, max-video-preview:-1\" \/>\n<link rel=\"canonical\" href=\"https:\/\/www.casinoonline365.net\/ro\/\" \/>\n<meta property=\"og:locale\" content=\"ro_RO\" \/>\n<meta property=\"og:type\" content=\"article\" \/>\n<meta property=\"og:title\" content=\"O mai bun\u0103 alegere de jocuri de cazinou online\" \/>\n<meta property=\"og:description\" content=\"O alegere mai bun\u0103 de jocuri de cazinou online Cu 2.500 de site-uri de jocuri de cazinou online din care [&hellip;]\" \/>\n<meta property=\"og:url\" content=\"https:\/\/www.casinoonline365.net\/ro\/\" \/>\n<meta property=\"og:site_name\" content=\"My blog\" \/>\n<meta name=\"twitter:card\" content=\"summary_large_image\" \/>\n<meta name=\"twitter:label1\" content=\"Timp estimat pentru citire\" \/>\n\t<meta name=\"twitter:data1\" content=\"3 minute\" \/>\n<script type=\"application\/ld+json\" class=\"yoast-schema-graph\">{\"@context\":\"https:\/\/schema.org\",\"@graph\":[{\"@type\":\"WebPage\",\"@id\":\"https:\/\/www.casinoonline365.net\/ro\/\",\"url\":\"https:\/\/www.casinoonline365.net\/ro\/\",\"name\":\"O mai bun\u0103 alegere de jocuri de cazinou online\",\"isPartOf\":{\"@id\":\"https:\/\/www.casinoonline365.net\/ro\/#website\"},\"datePublished\":\"2025-07-18T17:24:24+00:00\",\"breadcrumb\":{\"@id\":\"https:\/\/www.casinoonline365.net\/ro\/#breadcrumb\"},\"inLanguage\":\"ro-RO\",\"potentialAction\":[{\"@type\":\"ReadAction\",\"target\":[\"https:\/\/www.casinoonline365.net\/ro\/\"]}]},{\"@type\":\"BreadcrumbList\",\"@id\":\"https:\/\/www.casinoonline365.net\/ro\/#breadcrumb\",\"itemListElement\":[{\"@type\":\"ListItem\",\"position\":1,\"name\":\"Home\",\"item\":\"https:\/\/www.casinoonline365.net\/ro\/\"},{\"@type\":\"ListItem\",\"position\":2,\"name\":\"Acas\u0103\"}]},{\"@type\":\"WebSite\",\"@id\":\"https:\/\/www.casinoonline365.net\/ro\/#website\",\"url\":\"https:\/\/www.casinoonline365.net\/ro\/\",\"name\":\"My blog\",\"description\":\"Just another WordPress site\",\"potentialAction\":[{\"@type\":\"SearchAction\",\"target\":{\"@type\":\"EntryPoint\",\"urlTemplate\":\"https:\/\/www.casinoonline365.net\/ro\/?s={search_term_string}\"},\"query-input\":{\"@type\":\"PropertyValueSpecification\",\"valueRequired\":true,\"valueName\":\"search_term_string\"}}],\"inLanguage\":\"ro-RO\"}]}<\/script>\n<!-- \/ Yoast SEO plugin. -->","yoast_head_json":{"title":"O mai bun\u0103 alegere de jocuri de cazinou online","robots":{"index":"index","follow":"follow","max-snippet":"max-snippet:-1","max-image-preview":"max-image-preview:large","max-video-preview":"max-video-preview:-1"},"canonical":"https:\/\/www.casinoonline365.net\/ro\/","og_locale":"ro_RO","og_type":"article","og_title":"O mai bun\u0103 alegere de jocuri de cazinou online","og_description":"O alegere mai bun\u0103 de jocuri de cazinou online Cu 2.500 de site-uri de jocuri de cazinou online din care [&hellip;]","og_url":"https:\/\/www.casinoonline365.net\/ro\/","og_site_name":"My blog","twitter_card":"summary_large_image","twitter_misc":{"Timp estimat pentru citire":"3 minute"},"schema":{"@context":"https:\/\/schema.org","@graph":[{"@type":"WebPage","@id":"https:\/\/www.casinoonline365.net\/ro\/","url":"https:\/\/www.casinoonline365.net\/ro\/","name":"O mai bun\u0103 alegere de jocuri de cazinou online","isPartOf":{"@id":"https:\/\/www.casinoonline365.net\/ro\/#website"},"datePublished":"2025-07-18T17:24:24+00:00","breadcrumb":{"@id":"https:\/\/www.casinoonline365.net\/ro\/#breadcrumb"},"inLanguage":"ro-RO","potentialAction":[{"@type":"ReadAction","target":["https:\/\/www.casinoonline365.net\/ro\/"]}]},{"@type":"BreadcrumbList","@id":"https:\/\/www.casinoonline365.net\/ro\/#breadcrumb","itemListElement":[{"@type":"ListItem","position":1,"name":"Home","item":"https:\/\/www.casinoonline365.net\/ro\/"},{"@type":"ListItem","position":2,"name":"Acas\u0103"}]},{"@type":"WebSite","@id":"https:\/\/www.casinoonline365.net\/ro\/#website","url":"https:\/\/www.casinoonline365.net\/ro\/","name":"My blog","description":"Just another WordPress site","potentialAction":[{"@type":"SearchAction","target":{"@type":"EntryPoint","urlTemplate":"https:\/\/www.casinoonline365.net\/ro\/?s={search_term_string}"},"query-input":{"@type":"PropertyValueSpecification","valueRequired":true,"valueName":"search_term_string"}}],"inLanguage":"ro-RO"}]}},"_links":{"self":[{"href":"https:\/\/www.casinoonline365.net\/ro\/wp-json\/wp\/v2\/pages\/193","targetHints":{"allow":["GET"]}}],"collection":[{"href":"https:\/\/www.casinoonline365.net\/ro\/wp-json\/wp\/v2\/pages"}],"about":[{"href":"https:\/\/www.casinoonline365.net\/ro\/wp-json\/wp\/v2\/types\/page"}],"author":[{"embeddable":true,"href":"https:\/\/www.casinoonline365.net\/ro\/wp-json\/wp\/v2\/users\/1"}],"replies":[{"embeddable":true,"href":"https:\/\/www.casinoonline365.net\/ro\/wp-json\/wp\/v2\/comments?post=193"}],"version-history":[{"count":0,"href":"https:\/\/www.casinoonline365.net\/ro\/wp-json\/wp\/v2\/pages\/193\/revisions"}],"wp:attachment":[{"href":"https:\/\/www.casinoonline365.net\/ro\/wp-json\/wp\/v2\/media?parent=193"}],"curies":[{"name":"wp","href":"https:\/\/api.w.org\/{rel}","templated":true}]}}