{"id":196,"date":"2025-07-18T17:24:24","date_gmt":"2025-07-18T17:24:24","guid":{"rendered":"https:\/\/www.casinoonline365.net\/domov\/"},"modified":"2025-07-18T17:24:24","modified_gmt":"2025-07-18T17:24:24","slug":"domov","status":"publish","type":"page","link":"https:\/\/www.casinoonline365.net\/sk\/","title":{"rendered":"Domov"},"content":{"rendered":"<h1>Lep\u0161\u00ed v\u00fdber kas\u00ednov\u00fdch hier online<\/h1>\n<p>Pri v\u00fdbere 2 500 online kas\u00ednov\u00fdch hern\u00fdch str\u00e1nok je d\u00f4le\u017eit\u00e9 zv\u00e1\u017ei\u0165, \u010do je pre v\u00e1s, spotrebite\u013ea, najd\u00f4le\u017eitej\u0161ie. S\u00fakromie, hern\u00e9 poplatky, online bezpe\u010dnos\u0165 a jednoduchos\u0165 pou\u017e\u00edvania webovej str\u00e1nky sa zdaj\u00fa by\u0165 najd\u00f4le\u017eitej\u0161\u00edmi faktormi pri <a href=\"http:\/\/www.gambling6.com\" target=\"_blank\" rel=\"noopener noreferrer\">v\u00fdbere online kas\u00ednov\u00fdch hier.<\/a><\/p>\n<p>Rovnako ako spotrebite\u013e vykon\u00e1va prieskum pri v\u00fdbere auta, existuj\u00fa webov\u00e9 str\u00e1nky, ktor\u00e9 v\u00e1m pom\u00f4\u017eu pri v\u00fdbere va\u0161ej online kas\u00ednovej hry. Okrem v\u00fdberu va\u0161ej online kas\u00ednovej hernej str\u00e1nky m\u00f4\u017eete svoje vyh\u013ead\u00e1vanie e\u0161te viac z\u00fa\u017ei\u0165 rozhodnut\u00edm, z ktor\u00fdch takmer 400 online kas\u00ednov\u00fdch hier si m\u00f4\u017eete vybra\u0165, vr\u00e1tane Craps, Blackjack a Ruleta.<\/p>\n<p>Hranie je o v\u00fdhre a \u010fal\u0161\u00edm d\u00f4le\u017eit\u00fdm faktorom pri v\u00fdbere online kas\u00ednov\u00fdch hier je to, ako plat\u00edte za hranie. Pravidl\u00e1 sa l\u00ed\u0161ia a dokonca aj v\u00fdber kreditnej karty, ktor\u00fa si vyberiete na financovanie svojich online kas\u00ednov\u00fdch hier, m\u00e1 vplyv; napr\u00edklad kreditn\u00e1 karta zna\u010dky American Express sa zd\u00e1 by\u0165 medzi kas\u00ednov\u00fdmi str\u00e1nkami ob\u013e\u00fabenou vo\u013ebou, preto\u017ee t\u00e1to spolo\u010dnos\u0165 vyd\u00e1vaj\u00faca kreditn\u00e9 karty je pr\u00edsne regulovan\u00e1, \u010do v\u00e1m, spotrebite\u013eovi, pon\u00faka bezpe\u010dnej\u0161\u00ed z\u00e1\u017eitok z online kas\u00ednov\u00fdch hier.<\/p>\n<p>Okrem vzru\u0161enia (a mo\u017enosti vyhn\u00fa\u0165 sa vdychovaniu pas\u00edvneho dymu), ktor\u00e9 online kas\u00ednov\u00e9 hry priniesli, existuje aj \u010fal\u0161ie vzru\u0161enie zo \u201e\u017eiv\u00e9ho\u201c hrania. Mo\u017enos\u0165 za\u017ei\u0165 hranie v tejto kapacite streamovania videa je pravdepodobne najr\u00fdchlej\u0161ie rast\u00facim segmentom online kas\u00ednov\u00fdch hier a kas\u00edna, ktor\u00e9 pon\u00fakaj\u00fa t\u00fato vzru\u0161uj\u00facu s\u00fa\u010das\u0165 online kas\u00ednov\u00fdch hier, ur\u010dite prekonaj\u00fa svojich konkurentov.<\/p>\n<p>Ak chcete vyhra\u0165 ve\u013ek\u00e9 peniaze, mo\u017eno budete chcie\u0165 zv\u00e1\u017ei\u0165 mo\u017enos\u0165 <a href=\"https:\/\/www.jackpotlotteryonline.com\/powerball-megamillions-from-uk\">jackpotov v celosvetov\u00fdch lot\u00e9riov\u00fdch lot\u00e9ri\u00e1ch<\/a> \u2013 dnes si m\u00f4\u017eete <a href=\"http:\/\/www.onlinelotto365.com\">z\u00edska\u0165 tikety online na lot\u00e9rie aj mimo va\u0161ej krajiny bydliska!<\/a><\/p>\n<p>\u010eal\u0161\u00edm d\u00f4le\u017eit\u00fdm faktorom, ktor\u00fd treba zv\u00e1\u017ei\u0165 pri v\u00fdbere online kas\u00ednov\u00fdch hier, je ur\u010denie, ktor\u00e9 kas\u00edna pon\u00fakaj\u00fa najvy\u0161\u0161iu v\u00fdplatu. Ako v pr\u00edpade ka\u017ed\u00e9ho podniku, re\u017eijn\u00e9 n\u00e1klady ovplyv\u0148uj\u00fa kone\u010dn\u00fd v\u00fdsledok a online kas\u00ednov\u00e1 hra m\u00e1 ur\u010dite ni\u017e\u0161ie n\u00e1klady ako kas\u00edno, ktor\u00e9 sa nach\u00e1dza v Las Vegas Strip! Nezabudnite si overi\u0165, ktor\u00e1 online kas\u00ednov\u00e1 hra v\u00e1m poskytne percento v\u00fdplaty, ktor\u00e9 v\u00e1m vyhovuje. Majte na pam\u00e4ti, \u017ee ke\u010f zva\u017eujete online kas\u00ednov\u00e9 hry, zlo\u017eitej\u0161ie hry, ako s\u00fa kartov\u00e9 a in\u00e9 stolov\u00e9 hry, bud\u00fa ma\u0165 vy\u0161\u0161iu v\u00fdplatu ako st\u00e1le popul\u00e1rne v\u00fdhern\u00e9 automaty.<\/p>\n<p>Nakoniec si overte, \u010di je vami vybran\u00e9 online kas\u00edno licencovan\u00e9, aby ste boli pr\u00e1vne a finan\u010dne chr\u00e1nen\u00ed. To, \u010di je va\u0161e vybran\u00e9 kas\u00edno registrovan\u00e9, si m\u00f4\u017eete overi\u0165 vyh\u013eadan\u00edm ich n\u00e1zvu v online jurisdikcii, zn\u00e1mej ako komisia pre hazardn\u00e9 hry. Najlep\u0161ie je vyhn\u00fa\u0165 sa hraniu na str\u00e1nke, ktor\u00e1 nem\u00e1 \u017eiadne inform\u00e1cie o licencii.<\/p>\n<p>Pri v\u00fdbere online kas\u00edna zv\u00e1\u017ete tieto u\u017eito\u010dn\u00e9 tipy a pripravte sa na vzru\u0161uj\u00faci z\u00e1\u017eitok z online hrania!<\/p>\n","protected":false},"excerpt":{"rendered":"<p>Lep\u0161\u00ed v\u00fdber kas\u00ednov\u00fdch hier online Pri v\u00fdbere 2 500 online kas\u00ednov\u00fdch hern\u00fdch str\u00e1nok je d\u00f4le\u017eit\u00e9 zv\u00e1\u017ei\u0165, \u010do je pre v\u00e1s, [&hellip;]<\/p>\n","protected":false},"author":1,"featured_media":0,"parent":0,"menu_order":0,"comment_status":"closed","ping_status":"closed","template":"","meta":{"site-sidebar-layout":"default","site-content-layout":"","ast-site-content-layout":"default","site-content-style":"default","site-sidebar-style":"default","ast-global-header-display":"","ast-banner-title-visibility":"","ast-main-header-display":"","ast-hfb-above-header-display":"","ast-hfb-below-header-display":"","ast-hfb-mobile-header-display":"","site-post-title":"","ast-breadcrumbs-content":"","ast-featured-img":"","footer-sml-layout":"","theme-transparent-header-meta":"","adv-header-id-meta":"","stick-header-meta":"","header-above-stick-meta":"","header-main-stick-meta":"","header-below-stick-meta":"","astra-migrate-meta-layouts":"default","ast-page-background-enabled":"default","ast-page-background-meta":{"desktop":{"background-color":"var(--ast-global-color-5)","background-image":"","background-repeat":"repeat","background-position":"center center","background-size":"auto","background-attachment":"scroll","background-type":"","background-media":"","overlay-type":"","overlay-color":"","overlay-opacity":"","overlay-gradient":""},"tablet":{"background-color":"","background-image":"","background-repeat":"repeat","background-position":"center center","background-size":"auto","background-attachment":"scroll","background-type":"","background-media":"","overlay-type":"","overlay-color":"","overlay-opacity":"","overlay-gradient":""},"mobile":{"background-color":"","background-image":"","background-repeat":"repeat","background-position":"center center","background-size":"auto","background-attachment":"scroll","background-type":"","background-media":"","overlay-type":"","overlay-color":"","overlay-opacity":"","overlay-gradient":""}},"ast-content-background-meta":{"desktop":{"background-color":"var(--ast-global-color-4)","background-image":"","background-repeat":"repeat","background-position":"center center","background-size":"auto","background-attachment":"scroll","background-type":"","background-media":"","overlay-type":"","overlay-color":"","overlay-opacity":"","overlay-gradient":""},"tablet":{"background-color":"var(--ast-global-color-4)","background-image":"","background-repeat":"repeat","background-position":"center center","background-size":"auto","background-attachment":"scroll","background-type":"","background-media":"","overlay-type":"","overlay-color":"","overlay-opacity":"","overlay-gradient":""},"mobile":{"background-color":"var(--ast-global-color-4)","background-image":"","background-repeat":"repeat","background-position":"center center","background-size":"auto","background-attachment":"scroll","background-type":"","background-media":"","overlay-type":"","overlay-color":"","overlay-opacity":"","overlay-gradient":""}},"footnotes":""},"class_list":["post-196","page","type-page","status-publish","hentry"],"yoast_head":"<!-- This site is optimized with the Yoast SEO plugin v26.0 - https:\/\/yoast.com\/wordpress\/plugins\/seo\/ -->\n<title>Lep\u0161\u00ed v\u00fdber kas\u00ednov\u00fdch hier online<\/title>\n<meta name=\"robots\" content=\"index, follow, max-snippet:-1, max-image-preview:large, max-video-preview:-1\" \/>\n<link rel=\"canonical\" href=\"https:\/\/www.casinoonline365.net\/sk\/\" \/>\n<meta property=\"og:locale\" content=\"sk_SK\" \/>\n<meta property=\"og:type\" content=\"article\" \/>\n<meta property=\"og:title\" content=\"Lep\u0161\u00ed v\u00fdber kas\u00ednov\u00fdch hier online\" \/>\n<meta property=\"og:description\" content=\"Lep\u0161\u00ed v\u00fdber kas\u00ednov\u00fdch hier online Pri v\u00fdbere 2 500 online kas\u00ednov\u00fdch hern\u00fdch str\u00e1nok je d\u00f4le\u017eit\u00e9 zv\u00e1\u017ei\u0165, \u010do je pre v\u00e1s, [&hellip;]\" \/>\n<meta property=\"og:url\" content=\"https:\/\/www.casinoonline365.net\/sk\/\" \/>\n<meta property=\"og:site_name\" content=\"My blog\" \/>\n<meta name=\"twitter:card\" content=\"summary_large_image\" \/>\n<meta name=\"twitter:label1\" content=\"Predpokladan\u00fd \u010das \u010d\u00edtania\" \/>\n\t<meta name=\"twitter:data1\" content=\"3 min\u00faty\" \/>\n<script type=\"application\/ld+json\" class=\"yoast-schema-graph\">{\"@context\":\"https:\/\/schema.org\",\"@graph\":[{\"@type\":\"WebPage\",\"@id\":\"https:\/\/www.casinoonline365.net\/sk\/\",\"url\":\"https:\/\/www.casinoonline365.net\/sk\/\",\"name\":\"Lep\u0161\u00ed v\u00fdber kas\u00ednov\u00fdch hier online\",\"isPartOf\":{\"@id\":\"https:\/\/www.casinoonline365.net\/sk\/#website\"},\"datePublished\":\"2025-07-18T17:24:24+00:00\",\"breadcrumb\":{\"@id\":\"https:\/\/www.casinoonline365.net\/sk\/#breadcrumb\"},\"inLanguage\":\"sk-SK\",\"potentialAction\":[{\"@type\":\"ReadAction\",\"target\":[\"https:\/\/www.casinoonline365.net\/sk\/\"]}]},{\"@type\":\"BreadcrumbList\",\"@id\":\"https:\/\/www.casinoonline365.net\/sk\/#breadcrumb\",\"itemListElement\":[{\"@type\":\"ListItem\",\"position\":1,\"name\":\"Home\",\"item\":\"https:\/\/www.casinoonline365.net\/sk\/\"},{\"@type\":\"ListItem\",\"position\":2,\"name\":\"Domov\"}]},{\"@type\":\"WebSite\",\"@id\":\"https:\/\/www.casinoonline365.net\/sk\/#website\",\"url\":\"https:\/\/www.casinoonline365.net\/sk\/\",\"name\":\"My blog\",\"description\":\"Just another WordPress site\",\"potentialAction\":[{\"@type\":\"SearchAction\",\"target\":{\"@type\":\"EntryPoint\",\"urlTemplate\":\"https:\/\/www.casinoonline365.net\/sk\/?s={search_term_string}\"},\"query-input\":{\"@type\":\"PropertyValueSpecification\",\"valueRequired\":true,\"valueName\":\"search_term_string\"}}],\"inLanguage\":\"sk-SK\"}]}<\/script>\n<!-- \/ Yoast SEO plugin. -->","yoast_head_json":{"title":"Lep\u0161\u00ed v\u00fdber kas\u00ednov\u00fdch hier online","robots":{"index":"index","follow":"follow","max-snippet":"max-snippet:-1","max-image-preview":"max-image-preview:large","max-video-preview":"max-video-preview:-1"},"canonical":"https:\/\/www.casinoonline365.net\/sk\/","og_locale":"sk_SK","og_type":"article","og_title":"Lep\u0161\u00ed v\u00fdber kas\u00ednov\u00fdch hier online","og_description":"Lep\u0161\u00ed v\u00fdber kas\u00ednov\u00fdch hier online Pri v\u00fdbere 2 500 online kas\u00ednov\u00fdch hern\u00fdch str\u00e1nok je d\u00f4le\u017eit\u00e9 zv\u00e1\u017ei\u0165, \u010do je pre v\u00e1s, [&hellip;]","og_url":"https:\/\/www.casinoonline365.net\/sk\/","og_site_name":"My blog","twitter_card":"summary_large_image","twitter_misc":{"Predpokladan\u00fd \u010das \u010d\u00edtania":"3 min\u00faty"},"schema":{"@context":"https:\/\/schema.org","@graph":[{"@type":"WebPage","@id":"https:\/\/www.casinoonline365.net\/sk\/","url":"https:\/\/www.casinoonline365.net\/sk\/","name":"Lep\u0161\u00ed v\u00fdber kas\u00ednov\u00fdch hier online","isPartOf":{"@id":"https:\/\/www.casinoonline365.net\/sk\/#website"},"datePublished":"2025-07-18T17:24:24+00:00","breadcrumb":{"@id":"https:\/\/www.casinoonline365.net\/sk\/#breadcrumb"},"inLanguage":"sk-SK","potentialAction":[{"@type":"ReadAction","target":["https:\/\/www.casinoonline365.net\/sk\/"]}]},{"@type":"BreadcrumbList","@id":"https:\/\/www.casinoonline365.net\/sk\/#breadcrumb","itemListElement":[{"@type":"ListItem","position":1,"name":"Home","item":"https:\/\/www.casinoonline365.net\/sk\/"},{"@type":"ListItem","position":2,"name":"Domov"}]},{"@type":"WebSite","@id":"https:\/\/www.casinoonline365.net\/sk\/#website","url":"https:\/\/www.casinoonline365.net\/sk\/","name":"My blog","description":"Just another WordPress site","potentialAction":[{"@type":"SearchAction","target":{"@type":"EntryPoint","urlTemplate":"https:\/\/www.casinoonline365.net\/sk\/?s={search_term_string}"},"query-input":{"@type":"PropertyValueSpecification","valueRequired":true,"valueName":"search_term_string"}}],"inLanguage":"sk-SK"}]}},"_links":{"self":[{"href":"https:\/\/www.casinoonline365.net\/sk\/wp-json\/wp\/v2\/pages\/196","targetHints":{"allow":["GET"]}}],"collection":[{"href":"https:\/\/www.casinoonline365.net\/sk\/wp-json\/wp\/v2\/pages"}],"about":[{"href":"https:\/\/www.casinoonline365.net\/sk\/wp-json\/wp\/v2\/types\/page"}],"author":[{"embeddable":true,"href":"https:\/\/www.casinoonline365.net\/sk\/wp-json\/wp\/v2\/users\/1"}],"replies":[{"embeddable":true,"href":"https:\/\/www.casinoonline365.net\/sk\/wp-json\/wp\/v2\/comments?post=196"}],"version-history":[{"count":0,"href":"https:\/\/www.casinoonline365.net\/sk\/wp-json\/wp\/v2\/pages\/196\/revisions"}],"wp:attachment":[{"href":"https:\/\/www.casinoonline365.net\/sk\/wp-json\/wp\/v2\/media?parent=196"}],"curies":[{"name":"wp","href":"https:\/\/api.w.org\/{rel}","templated":true}]}}