{"id":197,"date":"2025-07-18T17:24:24","date_gmt":"2025-07-18T17:24:24","guid":{"rendered":"https:\/\/www.casinoonline365.net\/domov\/"},"modified":"2025-07-18T17:24:24","modified_gmt":"2025-07-18T17:24:24","slug":"domov","status":"publish","type":"page","link":"https:\/\/www.casinoonline365.net\/sl\/","title":{"rendered":"Domov"},"content":{"rendered":"<h1>Bolj\u0161a izbira spletnih igralni\u0161kih iger<\/h1>\n<p>Ker je na voljo 2500 spletnih igralni\u0161kih mest, je pomembno, da pri izbiri spletnega mesta upo\u0161tevate, kaj je za vas, potro\u0161nika, najpomembnej\u0161e. Zasebnost, igralni\u0161ke provizije, spletna varnost in enostavnost uporabe spletnega mesta se zdijo najpomembnej\u0161i dejavniki pri <a href=\"http:\/\/www.gambling6.com\" target=\"_blank\" rel=\"noopener noreferrer\">izbiri spletnih igralni\u0161kih iger.<\/a><\/p>\n<p>Na enak na\u010din, kot potro\u0161nik izvaja raziskavo pri izbiri avtomobila, obstajajo spletna mesta, ki vam pomagajo pri izbiri spletne igralni\u0161ke igre. Poleg izbire spletnega mesta za igralni\u0161ke igre lahko iskanje \u0161e bolj zo\u017eite tako, da se odlo\u010dite, med katerimi od skoraj 400 spletnih igralni\u0161kih iger lahko izbirate, vklju\u010dno s crapsom, blackjackom in ruleto.<\/p>\n<p>Pri igrah gre za nagrado, pomemben dejavnik pri izbiri spletnih igralni\u0161kih iger pa je tudi na\u010din pla\u010dila za igranje. Pravila se razlikujejo in celo izbira kreditne kartice, ki jo izberete za financiranje spletnih igralni\u0161kih iger, je pomembna; na primer, kreditna kartica znamke American Express se zdi priljubljena izbira med spletnimi mesti igralnic, ker je ta dru\u017eba s kreditnimi karticami strogo regulirana, kar vam, potro\u0161niku, ponuja varnej\u0161o izku\u0161njo spletnih igralni\u0161kih iger.<\/p>\n<p>Poleg vznemirjenja (in mo\u017enosti, da se izognete vdihavanju pasivnega kajenja), ki so ga prinesle spletne igralni\u0161ke igre, je tu \u0161e dodatno vznemirjenje igranja \u00bbv \u017eivo\u00ab. Mo\u017enost igranja iger s to zmogljivostjo pretakanja videoposnetkov je verjetno najhitreje rasto\u010di segment spletnih igralni\u0161kih iger, igralnice, ki ponujajo to vznemirljivo komponento spletnih igralni\u0161kih iger, pa bodo zagotovo prehitele svojo konkurenco.<\/p>\n<p>\u010ce \u017eelite osvojiti veliko denarja, boste morda \u017eeleli razmisliti o mo\u017enosti <a href=\"https:\/\/www.jackpotlotteryonline.com\/powerball-megamillions-from-uk\">jackpotov na svetovnih loterijah<\/a> \u2013 danes lahko <a href=\"http:\/\/www.onlinelotto365.com\">kupite sre\u010dke za loterije zunaj svoje dr\u017eave stalnega prebivali\u0161\u010da!<\/a><\/p>\n<p>Drug pomemben dejavnik, ki ga je treba upo\u0161tevati pri izbiri spletnih igralni\u0161kih iger, je dolo\u010ditev, katere igralnice ponujajo najvi\u0161je izpla\u010dilo. Kot pri vsakem podjetju tudi re\u017eijski stro\u0161ki vplivajo na kon\u010dni rezultat, spletna igralni\u0161ka igra pa ima zagotovo manj stro\u0161kov kot igralnica s sredi\u0161\u010dem v Las Vegas Stripu! Prepri\u010dajte se, katera spletna igralni\u0161ka igra vam bo ponudila odstotek izpla\u010dil, ki vam ustreza. Upo\u0161tevajte, da bodo pri izbiri spletnih igralni\u0161kih iger bolj kompleksne igre, kot so karte in druge namizne igre, imele vi\u0161ji izpla\u010dilni u\u010dinek kot vedno priljubljene igralne avtomate.<\/p>\n<p>Nazadnje preverite, ali ima va\u0161a spletna igralnica licenco, da boste pravno in finan\u010dno za\u0161\u010diteni. Ali je va\u0161a izbira registrirana, lahko preverite tako, da njihovo ime poi\u0161\u010dete pri spletni jurisdikciji, znani kot komisija za igre na sre\u010do. Najbolje se je izogibati igranju iger na sre\u010do na spletnem mestu, ki nima informacij o licenciranju.<\/p>\n<p>Pri izbiri spletne igralnice upo\u0161tevajte te koristne nasvete in se pripravite na vznemirljivo spletno igralni\u0161ko izku\u0161njo!<\/p>\n","protected":false},"excerpt":{"rendered":"<p>Bolj\u0161a izbira spletnih igralni\u0161kih iger Ker je na voljo 2500 spletnih igralni\u0161kih mest, je pomembno, da pri izbiri spletnega mesta [&hellip;]<\/p>\n","protected":false},"author":1,"featured_media":0,"parent":0,"menu_order":0,"comment_status":"closed","ping_status":"closed","template":"","meta":{"site-sidebar-layout":"default","site-content-layout":"","ast-site-content-layout":"default","site-content-style":"default","site-sidebar-style":"default","ast-global-header-display":"","ast-banner-title-visibility":"","ast-main-header-display":"","ast-hfb-above-header-display":"","ast-hfb-below-header-display":"","ast-hfb-mobile-header-display":"","site-post-title":"","ast-breadcrumbs-content":"","ast-featured-img":"","footer-sml-layout":"","theme-transparent-header-meta":"","adv-header-id-meta":"","stick-header-meta":"","header-above-stick-meta":"","header-main-stick-meta":"","header-below-stick-meta":"","astra-migrate-meta-layouts":"default","ast-page-background-enabled":"default","ast-page-background-meta":{"desktop":{"background-color":"var(--ast-global-color-5)","background-image":"","background-repeat":"repeat","background-position":"center center","background-size":"auto","background-attachment":"scroll","background-type":"","background-media":"","overlay-type":"","overlay-color":"","overlay-opacity":"","overlay-gradient":""},"tablet":{"background-color":"","background-image":"","background-repeat":"repeat","background-position":"center center","background-size":"auto","background-attachment":"scroll","background-type":"","background-media":"","overlay-type":"","overlay-color":"","overlay-opacity":"","overlay-gradient":""},"mobile":{"background-color":"","background-image":"","background-repeat":"repeat","background-position":"center center","background-size":"auto","background-attachment":"scroll","background-type":"","background-media":"","overlay-type":"","overlay-color":"","overlay-opacity":"","overlay-gradient":""}},"ast-content-background-meta":{"desktop":{"background-color":"var(--ast-global-color-4)","background-image":"","background-repeat":"repeat","background-position":"center center","background-size":"auto","background-attachment":"scroll","background-type":"","background-media":"","overlay-type":"","overlay-color":"","overlay-opacity":"","overlay-gradient":""},"tablet":{"background-color":"var(--ast-global-color-4)","background-image":"","background-repeat":"repeat","background-position":"center center","background-size":"auto","background-attachment":"scroll","background-type":"","background-media":"","overlay-type":"","overlay-color":"","overlay-opacity":"","overlay-gradient":""},"mobile":{"background-color":"var(--ast-global-color-4)","background-image":"","background-repeat":"repeat","background-position":"center center","background-size":"auto","background-attachment":"scroll","background-type":"","background-media":"","overlay-type":"","overlay-color":"","overlay-opacity":"","overlay-gradient":""}},"footnotes":""},"class_list":["post-197","page","type-page","status-publish","hentry"],"yoast_head":"<!-- This site is optimized with the Yoast SEO plugin v26.0 - https:\/\/yoast.com\/wordpress\/plugins\/seo\/ -->\n<title>Bolj\u0161a izbira spletnih igralni\u0161kih iger<\/title>\n<meta name=\"robots\" content=\"index, follow, max-snippet:-1, max-image-preview:large, max-video-preview:-1\" \/>\n<link rel=\"canonical\" href=\"https:\/\/www.casinoonline365.net\/sl\/\" \/>\n<meta property=\"og:locale\" content=\"sl_SI\" \/>\n<meta property=\"og:type\" content=\"article\" \/>\n<meta property=\"og:title\" content=\"Bolj\u0161a izbira spletnih igralni\u0161kih iger\" \/>\n<meta property=\"og:description\" content=\"Bolj\u0161a izbira spletnih igralni\u0161kih iger Ker je na voljo 2500 spletnih igralni\u0161kih mest, je pomembno, da pri izbiri spletnega mesta [&hellip;]\" \/>\n<meta property=\"og:url\" content=\"https:\/\/www.casinoonline365.net\/sl\/\" \/>\n<meta property=\"og:site_name\" content=\"My blog\" \/>\n<meta name=\"twitter:card\" content=\"summary_large_image\" \/>\n<meta name=\"twitter:label1\" content=\"Est. reading time\" \/>\n\t<meta name=\"twitter:data1\" content=\"2 minuti\" \/>\n<script type=\"application\/ld+json\" class=\"yoast-schema-graph\">{\"@context\":\"https:\/\/schema.org\",\"@graph\":[{\"@type\":\"WebPage\",\"@id\":\"https:\/\/www.casinoonline365.net\/sl\/\",\"url\":\"https:\/\/www.casinoonline365.net\/sl\/\",\"name\":\"Bolj\u0161a izbira spletnih igralni\u0161kih iger\",\"isPartOf\":{\"@id\":\"https:\/\/www.casinoonline365.net\/sl\/#website\"},\"datePublished\":\"2025-07-18T17:24:24+00:00\",\"breadcrumb\":{\"@id\":\"https:\/\/www.casinoonline365.net\/sl\/#breadcrumb\"},\"inLanguage\":\"sl-SI\",\"potentialAction\":[{\"@type\":\"ReadAction\",\"target\":[\"https:\/\/www.casinoonline365.net\/sl\/\"]}]},{\"@type\":\"BreadcrumbList\",\"@id\":\"https:\/\/www.casinoonline365.net\/sl\/#breadcrumb\",\"itemListElement\":[{\"@type\":\"ListItem\",\"position\":1,\"name\":\"Home\",\"item\":\"https:\/\/www.casinoonline365.net\/sl\/\"},{\"@type\":\"ListItem\",\"position\":2,\"name\":\"Domov\"}]},{\"@type\":\"WebSite\",\"@id\":\"https:\/\/www.casinoonline365.net\/sl\/#website\",\"url\":\"https:\/\/www.casinoonline365.net\/sl\/\",\"name\":\"My blog\",\"description\":\"Just another WordPress site\",\"potentialAction\":[{\"@type\":\"SearchAction\",\"target\":{\"@type\":\"EntryPoint\",\"urlTemplate\":\"https:\/\/www.casinoonline365.net\/sl\/?s={search_term_string}\"},\"query-input\":{\"@type\":\"PropertyValueSpecification\",\"valueRequired\":true,\"valueName\":\"search_term_string\"}}],\"inLanguage\":\"sl-SI\"}]}<\/script>\n<!-- \/ Yoast SEO plugin. -->","yoast_head_json":{"title":"Bolj\u0161a izbira spletnih igralni\u0161kih iger","robots":{"index":"index","follow":"follow","max-snippet":"max-snippet:-1","max-image-preview":"max-image-preview:large","max-video-preview":"max-video-preview:-1"},"canonical":"https:\/\/www.casinoonline365.net\/sl\/","og_locale":"sl_SI","og_type":"article","og_title":"Bolj\u0161a izbira spletnih igralni\u0161kih iger","og_description":"Bolj\u0161a izbira spletnih igralni\u0161kih iger Ker je na voljo 2500 spletnih igralni\u0161kih mest, je pomembno, da pri izbiri spletnega mesta [&hellip;]","og_url":"https:\/\/www.casinoonline365.net\/sl\/","og_site_name":"My blog","twitter_card":"summary_large_image","twitter_misc":{"Est. reading time":"2 minuti"},"schema":{"@context":"https:\/\/schema.org","@graph":[{"@type":"WebPage","@id":"https:\/\/www.casinoonline365.net\/sl\/","url":"https:\/\/www.casinoonline365.net\/sl\/","name":"Bolj\u0161a izbira spletnih igralni\u0161kih iger","isPartOf":{"@id":"https:\/\/www.casinoonline365.net\/sl\/#website"},"datePublished":"2025-07-18T17:24:24+00:00","breadcrumb":{"@id":"https:\/\/www.casinoonline365.net\/sl\/#breadcrumb"},"inLanguage":"sl-SI","potentialAction":[{"@type":"ReadAction","target":["https:\/\/www.casinoonline365.net\/sl\/"]}]},{"@type":"BreadcrumbList","@id":"https:\/\/www.casinoonline365.net\/sl\/#breadcrumb","itemListElement":[{"@type":"ListItem","position":1,"name":"Home","item":"https:\/\/www.casinoonline365.net\/sl\/"},{"@type":"ListItem","position":2,"name":"Domov"}]},{"@type":"WebSite","@id":"https:\/\/www.casinoonline365.net\/sl\/#website","url":"https:\/\/www.casinoonline365.net\/sl\/","name":"My blog","description":"Just another WordPress site","potentialAction":[{"@type":"SearchAction","target":{"@type":"EntryPoint","urlTemplate":"https:\/\/www.casinoonline365.net\/sl\/?s={search_term_string}"},"query-input":{"@type":"PropertyValueSpecification","valueRequired":true,"valueName":"search_term_string"}}],"inLanguage":"sl-SI"}]}},"_links":{"self":[{"href":"https:\/\/www.casinoonline365.net\/sl\/wp-json\/wp\/v2\/pages\/197","targetHints":{"allow":["GET"]}}],"collection":[{"href":"https:\/\/www.casinoonline365.net\/sl\/wp-json\/wp\/v2\/pages"}],"about":[{"href":"https:\/\/www.casinoonline365.net\/sl\/wp-json\/wp\/v2\/types\/page"}],"author":[{"embeddable":true,"href":"https:\/\/www.casinoonline365.net\/sl\/wp-json\/wp\/v2\/users\/1"}],"replies":[{"embeddable":true,"href":"https:\/\/www.casinoonline365.net\/sl\/wp-json\/wp\/v2\/comments?post=197"}],"version-history":[{"count":0,"href":"https:\/\/www.casinoonline365.net\/sl\/wp-json\/wp\/v2\/pages\/197\/revisions"}],"wp:attachment":[{"href":"https:\/\/www.casinoonline365.net\/sl\/wp-json\/wp\/v2\/media?parent=197"}],"curies":[{"name":"wp","href":"https:\/\/api.w.org\/{rel}","templated":true}]}}