{"id":199,"date":"2025-07-18T17:24:24","date_gmt":"2025-07-18T17:24:24","guid":{"rendered":"https:\/\/www.casinoonline365.net\/hem\/"},"modified":"2025-07-18T17:24:24","modified_gmt":"2025-07-18T17:24:24","slug":"hem","status":"publish","type":"page","link":"https:\/\/www.casinoonline365.net\/sv\/","title":{"rendered":"Hem"},"content":{"rendered":"<h1>B\u00e4ttre val av kasinospel online<\/h1>\n<p>Med 2 500 onlinekasinospelsajter att v\u00e4lja mellan \u00e4r det viktigt att t\u00e4nka p\u00e5 vad som \u00e4r viktigast f\u00f6r dig, konsumenten, n\u00e4r du v\u00e4ljer en webbplats. Integritet, spelavgifter, onlines\u00e4kerhet och en webbplats anv\u00e4ndarv\u00e4nlighet verkar vara de viktigaste faktorerna n\u00e4r du <a href=\"http:\/\/www.gambling6.com\" target=\"_blank\" rel=\"noopener noreferrer\">v\u00e4ljer onlinekasinospel.<\/a><\/p>\n<p>P\u00e5 samma s\u00e4tt som en konsument g\u00f6r research n\u00e4r han v\u00e4ljer en bil, finns det webbplatser som kan hj\u00e4lpa dig att v\u00e4lja ditt onlinekasinospel. F\u00f6rutom att v\u00e4lja din onlinekasinospelsajt kan du begr\u00e4nsa din s\u00f6kning ytterligare genom att best\u00e4mma vilka av de n\u00e4stan 400 onlinekasinospelen som finns att v\u00e4lja mellan, inklusive Craps, Blackjack och Roulette.<\/p>\n<p>Spel handlar om priset och en annan viktig faktor n\u00e4r du v\u00e4ljer kasinospel online \u00e4r hur du betalar f\u00f6r att spela. Reglerna varierar, och \u00e4ven valet av kreditkort du v\u00e4ljer f\u00f6r att finansiera ditt onlinekasinospel spelar roll; till exempel verkar kreditkortet fr\u00e5n American Express vara ett favoritval bland kasinosajterna, eftersom detta kreditkortsf\u00f6retag \u00e4r strikt reglerat, vilket ger dig, konsumenten, en s\u00e4krare onlinekasinoupplevelse.<\/p>\n<p>F\u00f6rutom sp\u00e4nningen (och m\u00f6jligheten att undvika att andas in passiv r\u00f6kning) som onlinekasinospel har medf\u00f6rt, finns det den extra sp\u00e4nningen med &#8221;live&#8221;-spel. M\u00f6jligheten att uppleva spel i denna videostreamingkapacitet \u00e4r f\u00f6rmodligen det snabbast v\u00e4xande segmentet av casinospel online, och casinon som erbjuder denna sp\u00e4nnande komponent till casinospel online kommer s\u00e4kerligen att \u00f6vertr\u00e4ffa sina konkurrenter.<\/p>\n<p>Om du siktar p\u00e5 att vinna stora pengar kanske du vill \u00f6verv\u00e4ga alternativet med <a href=\"https:\/\/www.jackpotlotteryonline.com\/powerball-megamillions-from-uk\">v\u00e4rldsomfattande lotterijackpottar <\/a> &#8211; numera kan du <a href=\"http:\/\/www.onlinelotto365.com\">skaffa lotter online till lotterier utanf\u00f6r ditt eget hemland!<\/a><\/p>\n<p>En annan viktig faktor att t\u00e4nka p\u00e5 n\u00e4r du v\u00e4ljer dina casinospel online \u00e4r att avg\u00f6ra vilka casinon som erbjuder den h\u00f6gsta utbetalningen. Som \u00e4r fallet med alla f\u00f6retag p\u00e5verkar omkostnader slutresultatet, och ett online casinospel kommer garanterat att ha l\u00e4gre kostnader \u00e4n ett casino som \u00e4r centrerat p\u00e5 Vegas Strip! Se till att unders\u00f6ka vilket casinospel online som ger dig en utbetalningsprocent som fungerar f\u00f6r dig. T\u00e4nk p\u00e5 att n\u00e4r du funderar p\u00e5 casinospel online, kommer de mer komplicerade spelen, som kortspel och andra bordsspel, att ha en h\u00f6gre utbetalning \u00e4n de st\u00e4ndigt popul\u00e4ra spelautomaterna.<\/p>\n<p>Slutligen, se till att kontrollera att ditt val av online casino \u00e4r licensierat, s\u00e5 att du \u00e4r juridiskt och ekonomiskt skyddad. Du kan bekr\u00e4fta att ditt val \u00e4r registrerat genom att s\u00f6ka efter deras namn hos en onlinejurisdiktion, k\u00e4nd som en spelkommission. Det \u00e4r b\u00e4st att undvika att spela med en webbplats som inte har n\u00e5gon licensinformation.<\/p>\n<p>T\u00e4nk p\u00e5 dessa anv\u00e4ndbara tips n\u00e4r du v\u00e4ljer ett online casino och g\u00f6r dig redo f\u00f6r en sp\u00e4nnande spelupplevelse online!<\/p>\n","protected":false},"excerpt":{"rendered":"<p>B\u00e4ttre val av kasinospel online Med 2 500 onlinekasinospelsajter att v\u00e4lja mellan \u00e4r det viktigt att t\u00e4nka p\u00e5 vad som [&hellip;]<\/p>\n","protected":false},"author":1,"featured_media":0,"parent":0,"menu_order":0,"comment_status":"closed","ping_status":"closed","template":"","meta":{"site-sidebar-layout":"default","site-content-layout":"","ast-site-content-layout":"default","site-content-style":"default","site-sidebar-style":"default","ast-global-header-display":"","ast-banner-title-visibility":"","ast-main-header-display":"","ast-hfb-above-header-display":"","ast-hfb-below-header-display":"","ast-hfb-mobile-header-display":"","site-post-title":"","ast-breadcrumbs-content":"","ast-featured-img":"","footer-sml-layout":"","theme-transparent-header-meta":"","adv-header-id-meta":"","stick-header-meta":"","header-above-stick-meta":"","header-main-stick-meta":"","header-below-stick-meta":"","astra-migrate-meta-layouts":"default","ast-page-background-enabled":"default","ast-page-background-meta":{"desktop":{"background-color":"var(--ast-global-color-5)","background-image":"","background-repeat":"repeat","background-position":"center center","background-size":"auto","background-attachment":"scroll","background-type":"","background-media":"","overlay-type":"","overlay-color":"","overlay-opacity":"","overlay-gradient":""},"tablet":{"background-color":"","background-image":"","background-repeat":"repeat","background-position":"center center","background-size":"auto","background-attachment":"scroll","background-type":"","background-media":"","overlay-type":"","overlay-color":"","overlay-opacity":"","overlay-gradient":""},"mobile":{"background-color":"","background-image":"","background-repeat":"repeat","background-position":"center center","background-size":"auto","background-attachment":"scroll","background-type":"","background-media":"","overlay-type":"","overlay-color":"","overlay-opacity":"","overlay-gradient":""}},"ast-content-background-meta":{"desktop":{"background-color":"var(--ast-global-color-4)","background-image":"","background-repeat":"repeat","background-position":"center center","background-size":"auto","background-attachment":"scroll","background-type":"","background-media":"","overlay-type":"","overlay-color":"","overlay-opacity":"","overlay-gradient":""},"tablet":{"background-color":"var(--ast-global-color-4)","background-image":"","background-repeat":"repeat","background-position":"center center","background-size":"auto","background-attachment":"scroll","background-type":"","background-media":"","overlay-type":"","overlay-color":"","overlay-opacity":"","overlay-gradient":""},"mobile":{"background-color":"var(--ast-global-color-4)","background-image":"","background-repeat":"repeat","background-position":"center center","background-size":"auto","background-attachment":"scroll","background-type":"","background-media":"","overlay-type":"","overlay-color":"","overlay-opacity":"","overlay-gradient":""}},"footnotes":""},"class_list":["post-199","page","type-page","status-publish","hentry"],"yoast_head":"<!-- This site is optimized with the Yoast SEO plugin v26.0 - https:\/\/yoast.com\/wordpress\/plugins\/seo\/ -->\n<title>B\u00e4ttre val av casinospel online<\/title>\n<meta name=\"robots\" content=\"index, follow, max-snippet:-1, max-image-preview:large, max-video-preview:-1\" \/>\n<link rel=\"canonical\" href=\"https:\/\/www.casinoonline365.net\/sv\/\" \/>\n<meta property=\"og:locale\" content=\"sv_SE\" \/>\n<meta property=\"og:type\" content=\"article\" \/>\n<meta property=\"og:title\" content=\"B\u00e4ttre val av casinospel online\" \/>\n<meta property=\"og:description\" content=\"B\u00e4ttre val av kasinospel online Med 2 500 onlinekasinospelsajter att v\u00e4lja mellan \u00e4r det viktigt att t\u00e4nka p\u00e5 vad som [&hellip;]\" \/>\n<meta property=\"og:url\" content=\"https:\/\/www.casinoonline365.net\/sv\/\" \/>\n<meta property=\"og:site_name\" content=\"My blog\" \/>\n<meta name=\"twitter:card\" content=\"summary_large_image\" \/>\n<meta name=\"twitter:label1\" content=\"Ber\u00e4knad l\u00e4stid\" \/>\n\t<meta name=\"twitter:data1\" content=\"2 minuter\" \/>\n<script type=\"application\/ld+json\" class=\"yoast-schema-graph\">{\"@context\":\"https:\/\/schema.org\",\"@graph\":[{\"@type\":\"WebPage\",\"@id\":\"https:\/\/www.casinoonline365.net\/sv\/\",\"url\":\"https:\/\/www.casinoonline365.net\/sv\/\",\"name\":\"B\u00e4ttre val av casinospel online\",\"isPartOf\":{\"@id\":\"https:\/\/www.casinoonline365.net\/sv\/#website\"},\"datePublished\":\"2025-07-18T17:24:24+00:00\",\"breadcrumb\":{\"@id\":\"https:\/\/www.casinoonline365.net\/sv\/#breadcrumb\"},\"inLanguage\":\"sv-SE\",\"potentialAction\":[{\"@type\":\"ReadAction\",\"target\":[\"https:\/\/www.casinoonline365.net\/sv\/\"]}]},{\"@type\":\"BreadcrumbList\",\"@id\":\"https:\/\/www.casinoonline365.net\/sv\/#breadcrumb\",\"itemListElement\":[{\"@type\":\"ListItem\",\"position\":1,\"name\":\"Home\",\"item\":\"https:\/\/www.casinoonline365.net\/sv\/\"},{\"@type\":\"ListItem\",\"position\":2,\"name\":\"Hem\"}]},{\"@type\":\"WebSite\",\"@id\":\"https:\/\/www.casinoonline365.net\/sv\/#website\",\"url\":\"https:\/\/www.casinoonline365.net\/sv\/\",\"name\":\"My blog\",\"description\":\"Just another WordPress site\",\"potentialAction\":[{\"@type\":\"SearchAction\",\"target\":{\"@type\":\"EntryPoint\",\"urlTemplate\":\"https:\/\/www.casinoonline365.net\/sv\/?s={search_term_string}\"},\"query-input\":{\"@type\":\"PropertyValueSpecification\",\"valueRequired\":true,\"valueName\":\"search_term_string\"}}],\"inLanguage\":\"sv-SE\"}]}<\/script>\n<!-- \/ Yoast SEO plugin. -->","yoast_head_json":{"title":"B\u00e4ttre val av casinospel online","robots":{"index":"index","follow":"follow","max-snippet":"max-snippet:-1","max-image-preview":"max-image-preview:large","max-video-preview":"max-video-preview:-1"},"canonical":"https:\/\/www.casinoonline365.net\/sv\/","og_locale":"sv_SE","og_type":"article","og_title":"B\u00e4ttre val av casinospel online","og_description":"B\u00e4ttre val av kasinospel online Med 2 500 onlinekasinospelsajter att v\u00e4lja mellan \u00e4r det viktigt att t\u00e4nka p\u00e5 vad som [&hellip;]","og_url":"https:\/\/www.casinoonline365.net\/sv\/","og_site_name":"My blog","twitter_card":"summary_large_image","twitter_misc":{"Ber\u00e4knad l\u00e4stid":"2 minuter"},"schema":{"@context":"https:\/\/schema.org","@graph":[{"@type":"WebPage","@id":"https:\/\/www.casinoonline365.net\/sv\/","url":"https:\/\/www.casinoonline365.net\/sv\/","name":"B\u00e4ttre val av casinospel online","isPartOf":{"@id":"https:\/\/www.casinoonline365.net\/sv\/#website"},"datePublished":"2025-07-18T17:24:24+00:00","breadcrumb":{"@id":"https:\/\/www.casinoonline365.net\/sv\/#breadcrumb"},"inLanguage":"sv-SE","potentialAction":[{"@type":"ReadAction","target":["https:\/\/www.casinoonline365.net\/sv\/"]}]},{"@type":"BreadcrumbList","@id":"https:\/\/www.casinoonline365.net\/sv\/#breadcrumb","itemListElement":[{"@type":"ListItem","position":1,"name":"Home","item":"https:\/\/www.casinoonline365.net\/sv\/"},{"@type":"ListItem","position":2,"name":"Hem"}]},{"@type":"WebSite","@id":"https:\/\/www.casinoonline365.net\/sv\/#website","url":"https:\/\/www.casinoonline365.net\/sv\/","name":"My blog","description":"Just another WordPress site","potentialAction":[{"@type":"SearchAction","target":{"@type":"EntryPoint","urlTemplate":"https:\/\/www.casinoonline365.net\/sv\/?s={search_term_string}"},"query-input":{"@type":"PropertyValueSpecification","valueRequired":true,"valueName":"search_term_string"}}],"inLanguage":"sv-SE"}]}},"_links":{"self":[{"href":"https:\/\/www.casinoonline365.net\/sv\/wp-json\/wp\/v2\/pages\/199","targetHints":{"allow":["GET"]}}],"collection":[{"href":"https:\/\/www.casinoonline365.net\/sv\/wp-json\/wp\/v2\/pages"}],"about":[{"href":"https:\/\/www.casinoonline365.net\/sv\/wp-json\/wp\/v2\/types\/page"}],"author":[{"embeddable":true,"href":"https:\/\/www.casinoonline365.net\/sv\/wp-json\/wp\/v2\/users\/1"}],"replies":[{"embeddable":true,"href":"https:\/\/www.casinoonline365.net\/sv\/wp-json\/wp\/v2\/comments?post=199"}],"version-history":[{"count":0,"href":"https:\/\/www.casinoonline365.net\/sv\/wp-json\/wp\/v2\/pages\/199\/revisions"}],"wp:attachment":[{"href":"https:\/\/www.casinoonline365.net\/sv\/wp-json\/wp\/v2\/media?parent=199"}],"curies":[{"name":"wp","href":"https:\/\/api.w.org\/{rel}","templated":true}]}}