{"id":200,"date":"2025-07-18T17:24:24","date_gmt":"2025-07-18T17:24:24","guid":{"rendered":"https:\/\/www.casinoonline365.net\/ev\/"},"modified":"2025-07-18T17:24:24","modified_gmt":"2025-07-18T17:24:24","slug":"ev","status":"publish","type":"page","link":"https:\/\/www.casinoonline365.net\/tr\/","title":{"rendered":"Ev"},"content":{"rendered":"<h1>\u00c7evrimi\u00e7i Casino Oyunlar\u0131 \u0130\u00e7in Daha \u0130yi Se\u00e7im<\/h1>\n<p>Se\u00e7ebilece\u011finiz 2.500 \u00e7evrimi\u00e7i casino oyun sitesiyle, bir site se\u00e7erken sizin, yani t\u00fcketicinin en \u00e7ok neye \u00f6nem verdi\u011fini g\u00f6z \u00f6n\u00fcnde bulundurman\u0131z \u00f6nemlidir. Gizlilik, oyun \u00fccretleri, \u00e7evrimi\u00e7i g\u00fcvenlik ve bir web sitesinin kullan\u0131m kolayl\u0131\u011f\u0131, <a href=\"http:\/\/www.gambling6.com\" target=\"_blank\" rel=\"noopener noreferrer\">\u00e7evrimi\u00e7i casino oyunlar\u0131 se\u00e7erken<\/a> en \u00f6nemli fakt\u00f6rler gibi g\u00f6r\u00fcnmektedir.<\/p>\n<p>T\u0131pk\u0131 bir t\u00fcketicinin araba se\u00e7erken yapt\u0131\u011f\u0131 gibi, \u00e7evrimi\u00e7i casino oyununuzu se\u00e7menize yard\u0131mc\u0131 olacak web siteleri de mevcuttur. \u00c7evrimi\u00e7i casino oyun sitenizi se\u00e7menin yan\u0131 s\u0131ra, Craps, Blackjack ve Rulet dahil olmak \u00fczere yakla\u015f\u0131k 400 \u00e7evrimi\u00e7i casino oyunundan hangilerini se\u00e7ebilece\u011finize karar vererek araman\u0131z\u0131 daha da daraltabilirsiniz.<\/p>\n<p>Oyun tamamen \u00f6d\u00fclle ilgilidir ve \u00e7evrimi\u00e7i casino oyunlar\u0131 se\u00e7erken bir di\u011fer \u00f6nemli husus da oynamak i\u00e7in nas\u0131l \u00f6deme yapt\u0131\u011f\u0131n\u0131zd\u0131r. Kurallar de\u011fi\u015fiklik g\u00f6sterir ve hatta \u00e7evrimi\u00e7i casino oyunlar\u0131n\u0131z\u0131 finanse etmek i\u00e7in se\u00e7ti\u011finiz kredi kart\u0131 bile fark yarat\u0131r; \u00f6rne\u011fin, American Express markal\u0131 kredi kart\u0131, casino siteleri aras\u0131nda tercih edilen bir se\u00e7enek gibi g\u00f6r\u00fcnmektedir, \u00e7\u00fcnk\u00fc bu kredi kart\u0131 \u015firketi s\u0131k\u0131 bir \u015fekilde denetlenmektedir ve bu da size, yani t\u00fcketiciye, daha g\u00fcvenli bir \u00e7evrimi\u00e7i casino oyunu deneyimi sunar.<\/p>\n<p>\u00c7evrimi\u00e7i casino oyunlar\u0131n\u0131n getirdi\u011fi heyecana (ve pasif i\u00e7icilikten ka\u00e7\u0131nma olana\u011f\u0131na) ek olarak, bir de &#8220;canl\u0131&#8221; oyun oynaman\u0131n heyecan\u0131 vard\u0131r. Bu video ak\u0131\u015f\u0131 kapasitesiyle oyun deneyimi, muhtemelen \u00e7evrimi\u00e7i casino oyunlar\u0131n\u0131n en h\u0131zl\u0131 b\u00fcy\u00fcyen segmentidir ve \u00e7evrimi\u00e7i casino oyunlar\u0131na bu heyecan verici bile\u015feni sunan casinolar, rakiplerini kesinlikle geride b\u0131rakacakt\u0131r.<\/p>\n<p>B\u00fcy\u00fck paralar kazanmay\u0131 hedefliyorsan\u0131z, <a href=\"https:\/\/www.jackpotlotteryonline.com\/powerball-megamillions-from-uk\">d\u00fcnya \u00e7ap\u0131nda piyango ikramiyeleri<\/a> se\u00e7ene\u011fini de\u011ferlendirebilirsiniz &#8211; g\u00fcn\u00fcm\u00fczde <a href=\"http:\/\/www.onlinelotto365.com\">kendi \u00fclkenizin d\u0131\u015f\u0131ndaki piyangolar i\u00e7in \u00e7evrimi\u00e7i bilet alabilirsiniz!<\/a><\/p>\n<p>\u00c7evrimi\u00e7i casino oyunlar\u0131n\u0131z\u0131 se\u00e7erken g\u00f6z \u00f6n\u00fcnde bulundurman\u0131z gereken bir di\u011fer \u00f6nemli fakt\u00f6r, hangi casinolar\u0131n en y\u00fcksek \u00f6demeyi sundu\u011funu belirlemektir. Her i\u015fletmede oldu\u011fu gibi, genel giderler k\u00e2rl\u0131l\u0131\u011f\u0131 etkiler ve bir \u00e7evrimi\u00e7i casino oyununun, Vegas Strip merkezli bir casinodan kesinlikle daha d\u00fc\u015f\u00fck maliyetli olaca\u011f\u0131 kesindir! Hangi \u00e7evrimi\u00e7i casino oyununun size uygun bir \u00f6deme y\u00fczdesi sa\u011flayaca\u011f\u0131n\u0131 mutlaka ara\u015ft\u0131r\u0131n. \u00c7evrimi\u00e7i casino oyunlar\u0131n\u0131 de\u011ferlendirirken, kart ve di\u011fer masa oyunlar\u0131 gibi daha karma\u015f\u0131k oyunlar\u0131n, pop\u00fcler slot oyunlar\u0131ndan daha y\u00fcksek \u00f6deme oranlar\u0131na sahip olaca\u011f\u0131n\u0131 unutmay\u0131n.<\/p>\n<p>Son olarak, yasal ve finansal olarak korunmak i\u00e7in \u00e7evrimi\u00e7i casino tercihinizin lisansl\u0131 oldu\u011fundan emin olun. Tercihinizin kay\u0131tl\u0131 oldu\u011funu, kumar komisyonu olarak bilinen bir \u00e7evrimi\u00e7i yarg\u0131 b\u00f6lgesinde ad\u0131n\u0131 arayarak do\u011frulayabilirsiniz. Lisans bilgisi olmayan bir sitede oyun oynamaktan ka\u00e7\u0131nmak en iyisidir.<\/p>\n<p>\u00c7evrimi\u00e7i bir casino se\u00e7erken bu faydal\u0131 ipu\u00e7lar\u0131n\u0131 g\u00f6z \u00f6n\u00fcnde bulundurun ve heyecan verici bir \u00e7evrimi\u00e7i oyun deneyimi ya\u015famaya haz\u0131r olun!<\/p>\n","protected":false},"excerpt":{"rendered":"<p>\u00c7evrimi\u00e7i Casino Oyunlar\u0131 \u0130\u00e7in Daha \u0130yi Se\u00e7im Se\u00e7ebilece\u011finiz 2.500 \u00e7evrimi\u00e7i casino oyun sitesiyle, bir site se\u00e7erken sizin, yani t\u00fcketicinin en [&hellip;]<\/p>\n","protected":false},"author":1,"featured_media":0,"parent":0,"menu_order":0,"comment_status":"closed","ping_status":"closed","template":"","meta":{"site-sidebar-layout":"default","site-content-layout":"","ast-site-content-layout":"default","site-content-style":"default","site-sidebar-style":"default","ast-global-header-display":"","ast-banner-title-visibility":"","ast-main-header-display":"","ast-hfb-above-header-display":"","ast-hfb-below-header-display":"","ast-hfb-mobile-header-display":"","site-post-title":"","ast-breadcrumbs-content":"","ast-featured-img":"","footer-sml-layout":"","theme-transparent-header-meta":"","adv-header-id-meta":"","stick-header-meta":"","header-above-stick-meta":"","header-main-stick-meta":"","header-below-stick-meta":"","astra-migrate-meta-layouts":"default","ast-page-background-enabled":"default","ast-page-background-meta":{"desktop":{"background-color":"var(--ast-global-color-5)","background-image":"","background-repeat":"repeat","background-position":"center center","background-size":"auto","background-attachment":"scroll","background-type":"","background-media":"","overlay-type":"","overlay-color":"","overlay-opacity":"","overlay-gradient":""},"tablet":{"background-color":"","background-image":"","background-repeat":"repeat","background-position":"center center","background-size":"auto","background-attachment":"scroll","background-type":"","background-media":"","overlay-type":"","overlay-color":"","overlay-opacity":"","overlay-gradient":""},"mobile":{"background-color":"","background-image":"","background-repeat":"repeat","background-position":"center center","background-size":"auto","background-attachment":"scroll","background-type":"","background-media":"","overlay-type":"","overlay-color":"","overlay-opacity":"","overlay-gradient":""}},"ast-content-background-meta":{"desktop":{"background-color":"var(--ast-global-color-4)","background-image":"","background-repeat":"repeat","background-position":"center center","background-size":"auto","background-attachment":"scroll","background-type":"","background-media":"","overlay-type":"","overlay-color":"","overlay-opacity":"","overlay-gradient":""},"tablet":{"background-color":"var(--ast-global-color-4)","background-image":"","background-repeat":"repeat","background-position":"center center","background-size":"auto","background-attachment":"scroll","background-type":"","background-media":"","overlay-type":"","overlay-color":"","overlay-opacity":"","overlay-gradient":""},"mobile":{"background-color":"var(--ast-global-color-4)","background-image":"","background-repeat":"repeat","background-position":"center center","background-size":"auto","background-attachment":"scroll","background-type":"","background-media":"","overlay-type":"","overlay-color":"","overlay-opacity":"","overlay-gradient":""}},"footnotes":""},"class_list":["post-200","page","type-page","status-publish","hentry"],"yoast_head":"<!-- This site is optimized with the Yoast SEO plugin v26.0 - https:\/\/yoast.com\/wordpress\/plugins\/seo\/ -->\n<title>\u00c7evrimi\u00e7i Casino Oyunlar\u0131nda Daha \u0130yi Se\u00e7im<\/title>\n<meta name=\"robots\" content=\"index, follow, max-snippet:-1, max-image-preview:large, max-video-preview:-1\" \/>\n<link rel=\"canonical\" href=\"https:\/\/www.casinoonline365.net\/tr\/\" \/>\n<meta property=\"og:locale\" content=\"tr_TR\" \/>\n<meta property=\"og:type\" content=\"article\" \/>\n<meta property=\"og:title\" content=\"\u00c7evrimi\u00e7i Casino Oyunlar\u0131nda Daha \u0130yi Se\u00e7im\" \/>\n<meta property=\"og:description\" content=\"\u00c7evrimi\u00e7i Casino Oyunlar\u0131 \u0130\u00e7in Daha \u0130yi Se\u00e7im Se\u00e7ebilece\u011finiz 2.500 \u00e7evrimi\u00e7i casino oyun sitesiyle, bir site se\u00e7erken sizin, yani t\u00fcketicinin en [&hellip;]\" \/>\n<meta property=\"og:url\" content=\"https:\/\/www.casinoonline365.net\/tr\/\" \/>\n<meta property=\"og:site_name\" content=\"My blog\" \/>\n<meta name=\"twitter:card\" content=\"summary_large_image\" \/>\n<meta name=\"twitter:label1\" content=\"Tahmini okuma s\u00fcresi\" \/>\n\t<meta name=\"twitter:data1\" content=\"3 dakika\" \/>\n<script type=\"application\/ld+json\" class=\"yoast-schema-graph\">{\"@context\":\"https:\/\/schema.org\",\"@graph\":[{\"@type\":\"WebPage\",\"@id\":\"https:\/\/www.casinoonline365.net\/tr\/\",\"url\":\"https:\/\/www.casinoonline365.net\/tr\/\",\"name\":\"\u00c7evrimi\u00e7i Casino Oyunlar\u0131nda Daha \u0130yi Se\u00e7im\",\"isPartOf\":{\"@id\":\"https:\/\/www.casinoonline365.net\/tr\/#website\"},\"datePublished\":\"2025-07-18T17:24:24+00:00\",\"breadcrumb\":{\"@id\":\"https:\/\/www.casinoonline365.net\/tr\/#breadcrumb\"},\"inLanguage\":\"tr\",\"potentialAction\":[{\"@type\":\"ReadAction\",\"target\":[\"https:\/\/www.casinoonline365.net\/tr\/\"]}]},{\"@type\":\"BreadcrumbList\",\"@id\":\"https:\/\/www.casinoonline365.net\/tr\/#breadcrumb\",\"itemListElement\":[{\"@type\":\"ListItem\",\"position\":1,\"name\":\"Home\",\"item\":\"https:\/\/www.casinoonline365.net\/tr\/\"},{\"@type\":\"ListItem\",\"position\":2,\"name\":\"Ev\"}]},{\"@type\":\"WebSite\",\"@id\":\"https:\/\/www.casinoonline365.net\/tr\/#website\",\"url\":\"https:\/\/www.casinoonline365.net\/tr\/\",\"name\":\"My blog\",\"description\":\"Just another WordPress site\",\"potentialAction\":[{\"@type\":\"SearchAction\",\"target\":{\"@type\":\"EntryPoint\",\"urlTemplate\":\"https:\/\/www.casinoonline365.net\/tr\/?s={search_term_string}\"},\"query-input\":{\"@type\":\"PropertyValueSpecification\",\"valueRequired\":true,\"valueName\":\"search_term_string\"}}],\"inLanguage\":\"tr\"}]}<\/script>\n<!-- \/ Yoast SEO plugin. -->","yoast_head_json":{"title":"\u00c7evrimi\u00e7i Casino Oyunlar\u0131nda Daha \u0130yi Se\u00e7im","robots":{"index":"index","follow":"follow","max-snippet":"max-snippet:-1","max-image-preview":"max-image-preview:large","max-video-preview":"max-video-preview:-1"},"canonical":"https:\/\/www.casinoonline365.net\/tr\/","og_locale":"tr_TR","og_type":"article","og_title":"\u00c7evrimi\u00e7i Casino Oyunlar\u0131nda Daha \u0130yi Se\u00e7im","og_description":"\u00c7evrimi\u00e7i Casino Oyunlar\u0131 \u0130\u00e7in Daha \u0130yi Se\u00e7im Se\u00e7ebilece\u011finiz 2.500 \u00e7evrimi\u00e7i casino oyun sitesiyle, bir site se\u00e7erken sizin, yani t\u00fcketicinin en [&hellip;]","og_url":"https:\/\/www.casinoonline365.net\/tr\/","og_site_name":"My blog","twitter_card":"summary_large_image","twitter_misc":{"Tahmini okuma s\u00fcresi":"3 dakika"},"schema":{"@context":"https:\/\/schema.org","@graph":[{"@type":"WebPage","@id":"https:\/\/www.casinoonline365.net\/tr\/","url":"https:\/\/www.casinoonline365.net\/tr\/","name":"\u00c7evrimi\u00e7i Casino Oyunlar\u0131nda Daha \u0130yi Se\u00e7im","isPartOf":{"@id":"https:\/\/www.casinoonline365.net\/tr\/#website"},"datePublished":"2025-07-18T17:24:24+00:00","breadcrumb":{"@id":"https:\/\/www.casinoonline365.net\/tr\/#breadcrumb"},"inLanguage":"tr","potentialAction":[{"@type":"ReadAction","target":["https:\/\/www.casinoonline365.net\/tr\/"]}]},{"@type":"BreadcrumbList","@id":"https:\/\/www.casinoonline365.net\/tr\/#breadcrumb","itemListElement":[{"@type":"ListItem","position":1,"name":"Home","item":"https:\/\/www.casinoonline365.net\/tr\/"},{"@type":"ListItem","position":2,"name":"Ev"}]},{"@type":"WebSite","@id":"https:\/\/www.casinoonline365.net\/tr\/#website","url":"https:\/\/www.casinoonline365.net\/tr\/","name":"My blog","description":"Just another WordPress site","potentialAction":[{"@type":"SearchAction","target":{"@type":"EntryPoint","urlTemplate":"https:\/\/www.casinoonline365.net\/tr\/?s={search_term_string}"},"query-input":{"@type":"PropertyValueSpecification","valueRequired":true,"valueName":"search_term_string"}}],"inLanguage":"tr"}]}},"_links":{"self":[{"href":"https:\/\/www.casinoonline365.net\/tr\/wp-json\/wp\/v2\/pages\/200","targetHints":{"allow":["GET"]}}],"collection":[{"href":"https:\/\/www.casinoonline365.net\/tr\/wp-json\/wp\/v2\/pages"}],"about":[{"href":"https:\/\/www.casinoonline365.net\/tr\/wp-json\/wp\/v2\/types\/page"}],"author":[{"embeddable":true,"href":"https:\/\/www.casinoonline365.net\/tr\/wp-json\/wp\/v2\/users\/1"}],"replies":[{"embeddable":true,"href":"https:\/\/www.casinoonline365.net\/tr\/wp-json\/wp\/v2\/comments?post=200"}],"version-history":[{"count":0,"href":"https:\/\/www.casinoonline365.net\/tr\/wp-json\/wp\/v2\/pages\/200\/revisions"}],"wp:attachment":[{"href":"https:\/\/www.casinoonline365.net\/tr\/wp-json\/wp\/v2\/media?parent=200"}],"curies":[{"name":"wp","href":"https:\/\/api.w.org\/{rel}","templated":true}]}}